{"id":781436,"date":"2026-01-23T02:33:59","date_gmt":"2026-01-22T23:33:59","guid":{"rendered":"https:\/\/roveyayinevi.com.tr\/index.php\/urun\/dusuncenin-iyilestirici-gucu\/"},"modified":"2026-04-01T02:34:58","modified_gmt":"2026-03-31T23:34:58","slug":"dusuncenin-iyilestirici-gucu","status":"publish","type":"product","link":"https:\/\/roveyayinevi.com.tr\/index.php\/urun\/dusuncenin-iyilestirici-gucu\/","title":{"rendered":"D\u00fc\u015f\u00fcncenin iyile\u015ftirici G\u00fcc\u00fc"},"content":{"rendered":"<p>Louise Hay sizi d\u00fc\u015f\u00fcnd\u00fc\u011f\u00fcn\u00fcz ve inand\u0131\u011f\u0131n\u0131z \u015feylerin g\u00fcc\u00fcn\u00fc ke\u015ffedece\u011finiz ve tek bir d\u00fc\u015f\u00fcnceyle ya\u015fam tarz\u0131n\u0131z\u0131 de\u011fi\u015ftirebilece\u011finiz harika bir yolculu\u011fa \u00e7\u0131kar\u0131yor. Bu kitap ruhunuzu canland\u0131rmay\u0131, v\u00fccudunuzdaki enerji merkezlerini harekete ge\u00e7irmeyi ve zihinsel ar\u0131nma i\u00e7in gerekli olan \u0131\u015f\u0131\u011f\u0131 yakmay\u0131 hedefliyor.Yazar sizlerle s\u0131rlar\u0131n\u0131, deneyimlerini ve e\u015fsiz bilgeli\u011fini payla\u015f\u0131yor. D\u00fc\u015f\u00fcnce dinamiklerinizin neler oldu\u011funu \u00f6\u011frendikten sonra hayat\u0131n\u0131zdaki t\u00fcm olumsuzluklar\u0131 ortadan kald\u0131racak ve net bir eylem plan\u0131yla harekete ge\u00e7mek isteyeceksiniz.Louise L. Hay, ki\u015fisel geli\u015fim ve i\u00e7sel \u015fifa i\u00e7in kendi yarat\u0131c\u0131 g\u00fc\u00e7lerini kullanmalar\u0131 ad\u0131na milyonlarca insana yard\u0131m etmi\u015ftir.Louise Hay, bir metafizik \u00f6\u011fretmeni ve ayn\u0131 zamanda \u00e7ok say\u0131da eserin yazar\u0131d\u0131r. Kitaplar\u0131 35 \u00fclkede 29 farkl\u0131 dile \u00e7evrilmi\u015ftir. 1981 y\u0131l\u0131nda bir Zihin Bilimi temsilcisi olarak kariyerine ba\u015flad\u0131\u011f\u0131ndan beri, Louise ki\u015fisel geli\u015fim ve i\u00e7sel \u015fifa i\u00e7in kendi yarat\u0131c\u0131 g\u00fc\u00e7lerini kullanmalar\u0131 ad\u0131na milyonlarca insana yard\u0131m etmi\u015ftir.<\/p>\n","protected":false},"excerpt":{"rendered":"<p>Louise Hay sizi d\u00fc\u015f\u00fcnd\u00fc\u011f\u00fcn\u00fcz ve inand\u0131\u011f\u0131n\u0131z \u015feylerin g\u00fcc\u00fcn\u00fc ke\u015ffedece\u011finiz ve tek bir d\u00fc\u015f\u00fcnceyle ya\u015fam tarz\u0131n\u0131z\u0131 de\u011fi\u015ftirebilece\u011finiz harika bir yolculu\u011fa \u00e7\u0131kar\u0131yor. Bu kitap ruhunuzu canland\u0131rmay\u0131, v\u00fccudunuzdaki enerji<span class=\"excerpt-hellip\"> [\u2026]<\/span><\/p>\n","protected":false},"featured_media":0,"template":"","meta":{"_monsterinsights_skip_tracking":false,"_monsterinsights_sitenote_active":false,"_monsterinsights_sitenote_note":"","_monsterinsights_sitenote_category":0},"product_brand":[],"product_cat":[12364,12376],"product_tag":[],"class_list":{"0":"post-781436","1":"product","2":"type-product","3":"status-publish","5":"product_cat-genel-konular","6":"product_cat-kisisel-gelisim","7":"pa_cilt-ciltsiz","8":"pa_tur-kitap","9":"pa_yayinevi-diyojen-yayincilik","10":"pa_yazar-louise-l-hay","12":"first","13":"instock","14":"sale","15":"shipping-taxable","16":"purchasable","17":"product-type-simple"},"_links":{"self":[{"href":"https:\/\/roveyayinevi.com.tr\/index.php\/wp-json\/wp\/v2\/product\/781436","targetHints":{"allow":["GET"]}}],"collection":[{"href":"https:\/\/roveyayinevi.com.tr\/index.php\/wp-json\/wp\/v2\/product"}],"about":[{"href":"https:\/\/roveyayinevi.com.tr\/index.php\/wp-json\/wp\/v2\/types\/product"}],"wp:attachment":[{"href":"https:\/\/roveyayinevi.com.tr\/index.php\/wp-json\/wp\/v2\/media?parent=781436"}],"wp:term":[{"taxonomy":"product_brand","embeddable":true,"href":"https:\/\/roveyayinevi.com.tr\/index.php\/wp-json\/wp\/v2\/product_brand?post=781436"},{"taxonomy":"product_cat","embeddable":true,"href":"https:\/\/roveyayinevi.com.tr\/index.php\/wp-json\/wp\/v2\/product_cat?post=781436"},{"taxonomy":"product_tag","embeddable":true,"href":"https:\/\/roveyayinevi.com.tr\/index.php\/wp-json\/wp\/v2\/product_tag?post=781436"}],"curies":[{"name":"wp","href":"https:\/\/api.w.org\/{rel}","templated":true}]}}