{"id":781435,"date":"2026-01-23T02:33:57","date_gmt":"2026-01-22T23:33:57","guid":{"rendered":"https:\/\/roveyayinevi.com.tr\/index.php\/urun\/var-olmanin-gucu\/"},"modified":"2026-02-02T02:30:54","modified_gmt":"2026-02-01T23:30:54","slug":"var-olmanin-gucu","status":"publish","type":"product","link":"https:\/\/roveyayinevi.com.tr\/index.php\/urun\/var-olmanin-gucu\/","title":{"rendered":"Var Olman\u0131n G\u00fcc\u00fc"},"content":{"rendered":"<p>\u015eimdi\u2019nin G\u00fcc\u00fc, Eckhart Tolle\u2019yi g\u00fcn\u00fcm\u00fcz\u00fcn en \u00f6nemli spirit\u00fcel \u00f6\u011fretmenlerinden biri haline getirdi. \u015eimdi, \u015eimdi\u2019nin G\u00fcc\u00fc\u2019n\u00fcn devam\u0131 niteli\u011finde olan ve uzun zamand\u0131r beklenen bu kitap \u2013 yakla\u015f\u0131k sekiz y\u0131ld\u0131r yazd\u0131\u011f\u0131 ilk kitap  Tolle\u2019nin g\u00fc\u00e7l\u00fc mesaj\u0131n\u0131 ve ruhsall\u0131\u011f\u0131n\u0131 tamamen yeni bir ku\u015fa\u011fa ta\u015f\u0131yor. \u015eimdi\u2019nin G\u00fcc\u00fc\u2019n\u00fcn s\u0131ra d\u0131\u015f\u0131 ba\u015far\u0131s\u0131ndan yola \u00e7\u0131kan Tolle, \u015fimdi \u00e7ok daha sevgi dolu yeni bir d\u00fcnyan\u0131n do\u011fumunu g\u00f6stermek i\u00e7in bizleri kendi ya\u015famlar\u0131m\u0131z\u0131n \u00f6tesine ta\u015f\u0131yor. Bu, egomuzla yapt\u0131\u011f\u0131m\u0131z mevcut kimlik tan\u0131mlamam\u0131z\u0131 a\u015farak, kim oldu\u011fumuz hakk\u0131nda tamamen yeni bir d\u00fc\u015f\u00fcnce tarz\u0131n\u0131 benimsemeyi gerektiriyor. Bunun olmas\u0131 i\u00e7in, insan zihninin yap\u0131s\u0131n\u0131n evrimsel bir de\u011fi\u015fim ge\u00e7irmesi gerekiyor. Var Olman\u0131n G\u00fcc\u00fc\u2019nde, Tolle ego temelli bilincimizin dinamiklerini detayl\u0131ca a\u00e7\u0131kl\u0131yor. Sonra nazik ve son derece pratik terimlerle bizi bu yeni bilin\u00e7 d\u00fczeyine ge\u00e7iriyor. Kendimizi tan\u0131mlad\u0131\u011f\u0131m\u0131z her \u015feyin \u00e7ok daha \u00f6tesine ge\u00e7erek, ger\u00e7ekten kim oldu\u011fumuzu ve kimli\u011fimizin sonsuz y\u00fcceli\u011fini deneyimleyece\u011fiz. <\/p>\n","protected":false},"excerpt":{"rendered":"<p>\u015eimdi\u2019nin G\u00fcc\u00fc, Eckhart Tolle\u2019yi g\u00fcn\u00fcm\u00fcz\u00fcn en \u00f6nemli spirit\u00fcel \u00f6\u011fretmenlerinden biri haline getirdi. \u015eimdi, \u015eimdi\u2019nin G\u00fcc\u00fc\u2019n\u00fcn devam\u0131 niteli\u011finde olan ve uzun zamand\u0131r beklenen bu kitap \u2013 yakla\u015f\u0131k<span class=\"excerpt-hellip\"> [\u2026]<\/span><\/p>\n","protected":false},"featured_media":0,"template":"","meta":{"_monsterinsights_skip_tracking":false,"_monsterinsights_sitenote_active":false,"_monsterinsights_sitenote_note":"","_monsterinsights_sitenote_category":0},"product_brand":[],"product_cat":[12364,12376],"product_tag":[],"class_list":{"0":"post-781435","1":"product","2":"type-product","3":"status-publish","5":"product_cat-genel-konular","6":"product_cat-kisisel-gelisim","7":"pa_cilt-ciltsiz","8":"pa_tur-kitap","9":"pa_yayinevi-diyojen-yayincilik","10":"pa_yazar-eckhart-tolle","12":"first","13":"instock","14":"sale","15":"shipping-taxable","16":"purchasable","17":"product-type-simple"},"_links":{"self":[{"href":"https:\/\/roveyayinevi.com.tr\/index.php\/wp-json\/wp\/v2\/product\/781435","targetHints":{"allow":["GET"]}}],"collection":[{"href":"https:\/\/roveyayinevi.com.tr\/index.php\/wp-json\/wp\/v2\/product"}],"about":[{"href":"https:\/\/roveyayinevi.com.tr\/index.php\/wp-json\/wp\/v2\/types\/product"}],"wp:attachment":[{"href":"https:\/\/roveyayinevi.com.tr\/index.php\/wp-json\/wp\/v2\/media?parent=781435"}],"wp:term":[{"taxonomy":"product_brand","embeddable":true,"href":"https:\/\/roveyayinevi.com.tr\/index.php\/wp-json\/wp\/v2\/product_brand?post=781435"},{"taxonomy":"product_cat","embeddable":true,"href":"https:\/\/roveyayinevi.com.tr\/index.php\/wp-json\/wp\/v2\/product_cat?post=781435"},{"taxonomy":"product_tag","embeddable":true,"href":"https:\/\/roveyayinevi.com.tr\/index.php\/wp-json\/wp\/v2\/product_tag?post=781435"}],"curies":[{"name":"wp","href":"https:\/\/api.w.org\/{rel}","templated":true}]}}