{"id":781434,"date":"2026-01-23T02:33:48","date_gmt":"2026-01-22T23:33:48","guid":{"rendered":"https:\/\/roveyayinevi.com.tr\/index.php\/urun\/corto-maltese-3-git-gidebildigin-kadar\/"},"modified":"2026-01-27T02:48:59","modified_gmt":"2026-01-26T23:48:59","slug":"corto-maltese-3-git-gidebildigin-kadar","status":"publish","type":"product","link":"https:\/\/roveyayinevi.com.tr\/index.php\/urun\/corto-maltese-3-git-gidebildigin-kadar\/","title":{"rendered":"Corto Maltese 3 \u2013 Git Gidebildi\u011fin Kadar"},"content":{"rendered":"<p>Y\u0131l 1917, Orta Amerika. Corto Maltese tehlikeli sularda dolanmaya devam ediyor: Muz Cumhuriyeti\u2019nde yak\u0131lan devrim ate\u015fine tan\u0131kl\u0131k edip b\u00fcy\u00fcc\u00fclerin ve yerliler ile birlikte Peru\u2019nun balta girmemi\u015f ormanlar\u0131nda maceradan maceraya ko\u015fuyor. \u00d6zg\u00fcrl\u00fck d\u00fc\u015fk\u00fcn\u00fc ve serseri ruhlu maceraperest Corto Maltese kay\u0131p hazinelerin, yard\u0131ma muhta\u00e7 arkada\u015flar\u0131n, tuhaf hik\u00e2yelerin pe\u015finde d\u00fcnyay\u0131 dola\u015f\u0131yor.Corto Maltese: 1- Tuzlu Denizin \u015eark\u0131s\u0131 2 &#8211; O\u011flak Burcu Alt\u0131nda   Yak\u0131nda 4\u2013 Keltler <\/p>\n","protected":false},"excerpt":{"rendered":"<p>Y\u0131l 1917, Orta Amerika. Corto Maltese tehlikeli sularda dolanmaya devam ediyor: Muz Cumhuriyeti\u2019nde yak\u0131lan devrim ate\u015fine tan\u0131kl\u0131k edip b\u00fcy\u00fcc\u00fclerin ve yerliler ile birlikte Peru\u2019nun balta girmemi\u015f<span class=\"excerpt-hellip\"> [\u2026]<\/span><\/p>\n","protected":false},"featured_media":0,"template":"","meta":{"_monsterinsights_skip_tracking":false,"_monsterinsights_sitenote_active":false,"_monsterinsights_sitenote_note":"","_monsterinsights_sitenote_category":0},"product_brand":[],"product_cat":[12416,12291],"product_tag":[],"class_list":{"0":"post-781434","1":"product","2":"type-product","3":"status-publish","5":"product_cat-cizgi-roman","6":"product_cat-edebiyat","7":"pa_cilt-ciltsiz","8":"pa_tur-kitap","9":"pa_yayinevi-yapi-kredi-yayinlari","10":"pa_yazar-hugo-pratt","12":"first","13":"instock","14":"sale","15":"shipping-taxable","16":"purchasable","17":"product-type-simple"},"_links":{"self":[{"href":"https:\/\/roveyayinevi.com.tr\/index.php\/wp-json\/wp\/v2\/product\/781434","targetHints":{"allow":["GET"]}}],"collection":[{"href":"https:\/\/roveyayinevi.com.tr\/index.php\/wp-json\/wp\/v2\/product"}],"about":[{"href":"https:\/\/roveyayinevi.com.tr\/index.php\/wp-json\/wp\/v2\/types\/product"}],"wp:attachment":[{"href":"https:\/\/roveyayinevi.com.tr\/index.php\/wp-json\/wp\/v2\/media?parent=781434"}],"wp:term":[{"taxonomy":"product_brand","embeddable":true,"href":"https:\/\/roveyayinevi.com.tr\/index.php\/wp-json\/wp\/v2\/product_brand?post=781434"},{"taxonomy":"product_cat","embeddable":true,"href":"https:\/\/roveyayinevi.com.tr\/index.php\/wp-json\/wp\/v2\/product_cat?post=781434"},{"taxonomy":"product_tag","embeddable":true,"href":"https:\/\/roveyayinevi.com.tr\/index.php\/wp-json\/wp\/v2\/product_tag?post=781434"}],"curies":[{"name":"wp","href":"https:\/\/api.w.org\/{rel}","templated":true}]}}