{"id":781433,"date":"2026-01-23T02:31:09","date_gmt":"2026-01-22T23:31:09","guid":{"rendered":"https:\/\/roveyayinevi.com.tr\/index.php\/urun\/hunililer\/"},"modified":"2026-04-01T02:33:11","modified_gmt":"2026-03-31T23:33:11","slug":"hunililer","status":"publish","type":"product","link":"https:\/\/roveyayinevi.com.tr\/index.php\/urun\/hunililer\/","title":{"rendered":"Hunililer"},"content":{"rendered":"<p>Yi\u011fit \u00d6zg\u00fcr\u2019\u00fcn birbirinden e\u011flenceli yepyeni karikat\u00fcrlerinin de yerald\u0131\u011f\u0131 Hunililer, geni\u015fletilmi\u015f bask\u0131s\u0131yla okurlarla bulu\u015fuyor.<\/p>\n","protected":false},"excerpt":{"rendered":"<p>Yi\u011fit \u00d6zg\u00fcr\u2019\u00fcn birbirinden e\u011flenceli yepyeni karikat\u00fcrlerinin de yerald\u0131\u011f\u0131 Hunililer, geni\u015fletilmi\u015f bask\u0131s\u0131yla okurlarla bulu\u015fuyor.<\/p>\n","protected":false},"featured_media":0,"template":"","meta":{"_monsterinsights_skip_tracking":false,"_monsterinsights_sitenote_active":false,"_monsterinsights_sitenote_note":"","_monsterinsights_sitenote_category":0},"product_brand":[],"product_cat":[12416,12291],"product_tag":[],"class_list":{"0":"post-781433","1":"product","2":"type-product","3":"status-publish","5":"product_cat-cizgi-roman","6":"product_cat-edebiyat","7":"pa_cilt-ciltsiz","8":"pa_tur-kitap","9":"pa_yayinevi-nemesis-kitap","10":"pa_yazar-yigit-ozgur","12":"first","13":"instock","14":"sale","15":"shipping-taxable","16":"purchasable","17":"product-type-simple"},"_links":{"self":[{"href":"https:\/\/roveyayinevi.com.tr\/index.php\/wp-json\/wp\/v2\/product\/781433","targetHints":{"allow":["GET"]}}],"collection":[{"href":"https:\/\/roveyayinevi.com.tr\/index.php\/wp-json\/wp\/v2\/product"}],"about":[{"href":"https:\/\/roveyayinevi.com.tr\/index.php\/wp-json\/wp\/v2\/types\/product"}],"wp:attachment":[{"href":"https:\/\/roveyayinevi.com.tr\/index.php\/wp-json\/wp\/v2\/media?parent=781433"}],"wp:term":[{"taxonomy":"product_brand","embeddable":true,"href":"https:\/\/roveyayinevi.com.tr\/index.php\/wp-json\/wp\/v2\/product_brand?post=781433"},{"taxonomy":"product_cat","embeddable":true,"href":"https:\/\/roveyayinevi.com.tr\/index.php\/wp-json\/wp\/v2\/product_cat?post=781433"},{"taxonomy":"product_tag","embeddable":true,"href":"https:\/\/roveyayinevi.com.tr\/index.php\/wp-json\/wp\/v2\/product_tag?post=781433"}],"curies":[{"name":"wp","href":"https:\/\/api.w.org\/{rel}","templated":true}]}}