{"id":781431,"date":"2026-01-23T02:30:59","date_gmt":"2026-01-22T23:30:59","guid":{"rendered":"https:\/\/roveyayinevi.com.tr\/index.php\/urun\/corto-maltese-2-oglak-burcu-altinda\/"},"modified":"2026-01-27T02:44:47","modified_gmt":"2026-01-26T23:44:47","slug":"corto-maltese-2-oglak-burcu-altinda","status":"publish","type":"product","link":"https:\/\/roveyayinevi.com.tr\/index.php\/urun\/corto-maltese-2-oglak-burcu-altinda\/","title":{"rendered":"Corto Maltese 2 ; O\u011flak Burcu Alt\u0131nda"},"content":{"rendered":"<p>\u00d6zg\u00fcrl\u00fck d\u00fc\u015fk\u00fcn\u00fc ve serseri ruhlu maceraperest Corto Maltese kay\u0131p hazinelerin ve tuhaf hik\u00e2yelerin pe\u015finde d\u00fcnyay\u0131 dola\u015fmaya devam ediyor. Corto Maltese bu defa bat\u0131k \u0130spanyol kanyonundaki alt\u0131nlar\u0131 bulmak i\u00e7in b\u00fcy\u00fcc\u00fclerden gizemli haritalara, Brezilya\u2019daki devrim hareketinden \u0131ss\u0131z adalara maceraya yelken a\u00e7\u0131yor. Serinin 2. kitab\u0131 olan O\u011flak Burcu Alt\u0131nda\u2019da Hugo Pratt\u2019\u0131n tarihsel ayr\u0131nt\u0131lara olan d\u00fc\u015fk\u00fcnl\u00fc\u011f\u00fc her karede kendisini belli ederken, Corto Maltese de k\u00fclt \u00e7izgi roman klasiklerinden birine d\u00f6n\u00fc\u015f\u00fcyor. <\/p>\n","protected":false},"excerpt":{"rendered":"<p>\u00d6zg\u00fcrl\u00fck d\u00fc\u015fk\u00fcn\u00fc ve serseri ruhlu maceraperest Corto Maltese kay\u0131p hazinelerin ve tuhaf hik\u00e2yelerin pe\u015finde d\u00fcnyay\u0131 dola\u015fmaya devam ediyor. Corto Maltese bu defa bat\u0131k \u0130spanyol kanyonundaki alt\u0131nlar\u0131<span class=\"excerpt-hellip\"> [\u2026]<\/span><\/p>\n","protected":false},"featured_media":0,"template":"","meta":{"_monsterinsights_skip_tracking":false,"_monsterinsights_sitenote_active":false,"_monsterinsights_sitenote_note":"","_monsterinsights_sitenote_category":0},"product_brand":[],"product_cat":[12416,12291],"product_tag":[],"class_list":{"0":"post-781431","1":"product","2":"type-product","3":"status-publish","5":"product_cat-cizgi-roman","6":"product_cat-edebiyat","7":"pa_cilt-ciltsiz","8":"pa_tur-kitap","9":"pa_yayinevi-yapi-kredi-yayinlari","10":"pa_yazar-hugo-pratt","12":"first","13":"instock","14":"sale","15":"shipping-taxable","16":"purchasable","17":"product-type-simple"},"_links":{"self":[{"href":"https:\/\/roveyayinevi.com.tr\/index.php\/wp-json\/wp\/v2\/product\/781431","targetHints":{"allow":["GET"]}}],"collection":[{"href":"https:\/\/roveyayinevi.com.tr\/index.php\/wp-json\/wp\/v2\/product"}],"about":[{"href":"https:\/\/roveyayinevi.com.tr\/index.php\/wp-json\/wp\/v2\/types\/product"}],"wp:attachment":[{"href":"https:\/\/roveyayinevi.com.tr\/index.php\/wp-json\/wp\/v2\/media?parent=781431"}],"wp:term":[{"taxonomy":"product_brand","embeddable":true,"href":"https:\/\/roveyayinevi.com.tr\/index.php\/wp-json\/wp\/v2\/product_brand?post=781431"},{"taxonomy":"product_cat","embeddable":true,"href":"https:\/\/roveyayinevi.com.tr\/index.php\/wp-json\/wp\/v2\/product_cat?post=781431"},{"taxonomy":"product_tag","embeddable":true,"href":"https:\/\/roveyayinevi.com.tr\/index.php\/wp-json\/wp\/v2\/product_tag?post=781431"}],"curies":[{"name":"wp","href":"https:\/\/api.w.org\/{rel}","templated":true}]}}