{"id":781430,"date":"2026-01-23T02:30:16","date_gmt":"2026-01-22T23:30:16","guid":{"rendered":"https:\/\/roveyayinevi.com.tr\/index.php\/urun\/t-insan\/"},"modified":"2026-02-03T02:39:48","modified_gmt":"2026-02-02T23:39:48","slug":"t-insan","status":"publish","type":"product","link":"https:\/\/roveyayinevi.com.tr\/index.php\/urun\/t-insan\/","title":{"rendered":"T -\u0130nsan"},"content":{"rendered":"<p>Gelecek Kayg\u0131s\u0131na Tak\u0131l\u0131p Kalmay\u0131n! Gelece\u011finizi Kendiniz Tasarlay\u0131n!T\u00fcrkiye\u2019nin \u0130lk Kad\u0131n F\u00fct\u00fcristi, D\u00fcnyan\u0131n En Etkili 100 Kad\u0131n F\u00fct\u00fcristi Aras\u0131ndaki Tek T\u00fcrk, Gelecek Tasar\u0131mc\u0131s\u0131 ve \u0130\u015f Antren\u00f6r\u00fc UFUK TARHAN diyor ki:   Yar\u0131n\u0131n i\u015fini yar\u0131na b\u0131rakmay\u0131n! Gelece\u011finizi kendi haline b\u0131rakamazs\u0131n\u0131z! \u201cGelecekteki Siz\u2019i\u201d ba\u015fkas\u0131 de\u011fil, kendiniz \u015fekillendirmelisiniz! Ve bunu yapmak zorundas\u0131n\u0131z! Kesinlikle yapabilirsiniz! Ba\u015far\u0131l\u0131, mutlu olmak istiyorsan\u0131z ba\u015fka se\u00e7ene\u011finiz de yok zaten! \u201c\u0130yi de nas\u0131l yapaca\u011f\u0131z?\u201d diyenlere yan\u0131t: Gelece\u011fin ba\u015far\u0131l\u0131 insan modeli T-\u0130NSAN\u2019a d\u00f6n\u00fc\u015ferek&#8230; T-\u0130nsan olarak&#8230; Bu kitap ve T-\u0130nsan Modeli size gelece\u011finizi yeniden anlamland\u0131r\u0131p, gelecek kayg\u0131s\u0131 ile ba\u015fa \u00e7\u0131k\u0131p, gelecekteki sizi tasarlaman\u0131z ve ger\u00e7ekle\u015ftirmeniz i\u00e7in yeni \u00e7\u0131k\u0131\u015flar, \u00e7areler, ipu\u00e7lar\u0131 ve \u00e7ok somut, uygulanabilir inovatif bir geli\u015fim, de\u011fi\u015fim, d\u00f6n\u00fc\u015f\u00fcm modeli sunuyor. Pek \u00e7ok ki\u015finin, kurumun uygulad\u0131\u011f\u0131 ve \u00e7ok ba\u015far\u0131l\u0131 sonu\u00e7lar ald\u0131\u011f\u0131; Ufuk Tarhan\u2019\u0131n y\u00fcksek lisans tezi ile akademik literat\u00fcre de giren T-\u0130nsan Modeli\u2019ni mutlaka \u00f6\u011frenin, uygulay\u0131n! Versiyonunuzu g\u00fcncelleyin, y\u00fckseltin ve  gelecekle senkronize olun!   \u201cDaha zeki ya da g\u00fc\u00e7l\u00fc olanlar de\u011fil, de\u011fi\u015fime en fazla ayak uyduranlar ayakta kal\u0131r.\u201d Charles Darwin <\/p>\n","protected":false},"excerpt":{"rendered":"<p>Gelecek Kayg\u0131s\u0131na Tak\u0131l\u0131p Kalmay\u0131n! Gelece\u011finizi Kendiniz Tasarlay\u0131n!T\u00fcrkiye\u2019nin \u0130lk Kad\u0131n F\u00fct\u00fcristi, D\u00fcnyan\u0131n En Etkili 100 Kad\u0131n F\u00fct\u00fcristi Aras\u0131ndaki Tek T\u00fcrk, Gelecek Tasar\u0131mc\u0131s\u0131 ve \u0130\u015f Antren\u00f6r\u00fc UFUK TARHAN<span class=\"excerpt-hellip\"> [\u2026]<\/span><\/p>\n","protected":false},"featured_media":0,"template":"","meta":{"_monsterinsights_skip_tracking":false,"_monsterinsights_sitenote_active":false,"_monsterinsights_sitenote_note":"","_monsterinsights_sitenote_category":0},"product_brand":[],"product_cat":[12364,12376],"product_tag":[],"class_list":{"0":"post-781430","1":"product","2":"type-product","3":"status-publish","5":"product_cat-genel-konular","6":"product_cat-kisisel-gelisim","7":"pa_cilt-ciltsiz","8":"pa_tur-kitap","9":"pa_yayinevi-destek-yayinlari","10":"pa_yazar-ufuk-tarhan","12":"first","13":"instock","14":"sale","15":"shipping-taxable","16":"purchasable","17":"product-type-simple"},"_links":{"self":[{"href":"https:\/\/roveyayinevi.com.tr\/index.php\/wp-json\/wp\/v2\/product\/781430","targetHints":{"allow":["GET"]}}],"collection":[{"href":"https:\/\/roveyayinevi.com.tr\/index.php\/wp-json\/wp\/v2\/product"}],"about":[{"href":"https:\/\/roveyayinevi.com.tr\/index.php\/wp-json\/wp\/v2\/types\/product"}],"wp:attachment":[{"href":"https:\/\/roveyayinevi.com.tr\/index.php\/wp-json\/wp\/v2\/media?parent=781430"}],"wp:term":[{"taxonomy":"product_brand","embeddable":true,"href":"https:\/\/roveyayinevi.com.tr\/index.php\/wp-json\/wp\/v2\/product_brand?post=781430"},{"taxonomy":"product_cat","embeddable":true,"href":"https:\/\/roveyayinevi.com.tr\/index.php\/wp-json\/wp\/v2\/product_cat?post=781430"},{"taxonomy":"product_tag","embeddable":true,"href":"https:\/\/roveyayinevi.com.tr\/index.php\/wp-json\/wp\/v2\/product_tag?post=781430"}],"curies":[{"name":"wp","href":"https:\/\/api.w.org\/{rel}","templated":true}]}}