{"id":781428,"date":"2026-01-23T02:30:02","date_gmt":"2026-01-22T23:30:02","guid":{"rendered":"https:\/\/roveyayinevi.com.tr\/index.php\/urun\/ev-yapimi-bir-parasut\/"},"modified":"2026-01-24T02:34:37","modified_gmt":"2026-01-23T23:34:37","slug":"ev-yapimi-bir-parasut","status":"publish","type":"product","link":"https:\/\/roveyayinevi.com.tr\/index.php\/urun\/ev-yapimi-bir-parasut\/","title":{"rendered":"Ev Yap\u0131m\u0131 Bir Para\u015f\u00fct"},"content":{"rendered":"<p>Kendinizi \u00f6fkeli, ne\u015fesiz, kayg\u0131l\u0131 veya mutsuz mu hissediyorsunuz? Bilge b\u00fcy\u00fcc\u00fc Mama Nono, sizi zihninizle tan\u0131\u015ft\u0131racak bir kursa kat\u0131lmaya davet ediyor: \u201cMutlulu\u011fu Aya\u011f\u0131na Getirmek \u0130steyenler \u0130\u00e7in \u00c7ok H\u0131zland\u0131r\u0131lm\u0131\u015f Bir Kurs.\u201d Yedi g\u00fcn s\u00fcrecek bu kurs boyunca: Zihninizin her dedi\u011fine inanmaman\u0131z gerekti\u011fini D\u00fc\u015f\u00fcnceleriniz hakk\u0131nda d\u00fc\u015f\u00fcnmemeyi Dikkatinizi neye verdi\u011finize dikkat etmeyi Duygular\u0131n\u0131za d\u00fc\u015f\u00fcnceyi bula\u015ft\u0131rmamay\u0131 Aptalca de\u011fil ak\u0131ll\u0131ca bencil olmay\u0131 ve size \u00f6zg\u00fcrl\u00fck getirecek daha bir\u00e7ok \u015feyi \u00f6\u011freneceksiniz. Haz\u0131rsan\u0131z ba\u015flayal\u0131m! <\/p>\n","protected":false},"excerpt":{"rendered":"<p>Kendinizi \u00f6fkeli, ne\u015fesiz, kayg\u0131l\u0131 veya mutsuz mu hissediyorsunuz? Bilge b\u00fcy\u00fcc\u00fc Mama Nono, sizi zihninizle tan\u0131\u015ft\u0131racak bir kursa kat\u0131lmaya davet ediyor: \u201cMutlulu\u011fu Aya\u011f\u0131na Getirmek \u0130steyenler \u0130\u00e7in \u00c7ok<span class=\"excerpt-hellip\"> [\u2026]<\/span><\/p>\n","protected":false},"featured_media":0,"template":"","meta":{"_monsterinsights_skip_tracking":false,"_monsterinsights_sitenote_active":false,"_monsterinsights_sitenote_note":"","_monsterinsights_sitenote_category":0},"product_brand":[],"product_cat":[12364,12376],"product_tag":[],"class_list":{"0":"post-781428","1":"product","2":"type-product","3":"status-publish","5":"product_cat-genel-konular","6":"product_cat-kisisel-gelisim","7":"pa_cilt-ciltsiz","8":"pa_tur-kitap","9":"pa_yayinevi-destek-yayinlari","10":"pa_yazar-berrak-yurdakul","12":"first","13":"outofstock","14":"sale","15":"shipping-taxable","16":"purchasable","17":"product-type-simple"},"_links":{"self":[{"href":"https:\/\/roveyayinevi.com.tr\/index.php\/wp-json\/wp\/v2\/product\/781428","targetHints":{"allow":["GET"]}}],"collection":[{"href":"https:\/\/roveyayinevi.com.tr\/index.php\/wp-json\/wp\/v2\/product"}],"about":[{"href":"https:\/\/roveyayinevi.com.tr\/index.php\/wp-json\/wp\/v2\/types\/product"}],"wp:attachment":[{"href":"https:\/\/roveyayinevi.com.tr\/index.php\/wp-json\/wp\/v2\/media?parent=781428"}],"wp:term":[{"taxonomy":"product_brand","embeddable":true,"href":"https:\/\/roveyayinevi.com.tr\/index.php\/wp-json\/wp\/v2\/product_brand?post=781428"},{"taxonomy":"product_cat","embeddable":true,"href":"https:\/\/roveyayinevi.com.tr\/index.php\/wp-json\/wp\/v2\/product_cat?post=781428"},{"taxonomy":"product_tag","embeddable":true,"href":"https:\/\/roveyayinevi.com.tr\/index.php\/wp-json\/wp\/v2\/product_tag?post=781428"}],"curies":[{"name":"wp","href":"https:\/\/api.w.org\/{rel}","templated":true}]}}