{"id":781425,"date":"2026-01-23T02:28:03","date_gmt":"2026-01-22T23:28:03","guid":{"rendered":"https:\/\/roveyayinevi.com.tr\/index.php\/urun\/corto-maltese-1-tuzlu-denizin-sarkisi\/"},"modified":"2026-01-27T02:42:36","modified_gmt":"2026-01-26T23:42:36","slug":"corto-maltese-1-tuzlu-denizin-sarkisi","status":"publish","type":"product","link":"https:\/\/roveyayinevi.com.tr\/index.php\/urun\/corto-maltese-1-tuzlu-denizin-sarkisi\/","title":{"rendered":"Corto Maltese 1 &#8211; Tuzlu Denizin \u015eark\u0131s\u0131"},"content":{"rendered":"<p>Y\u0131l 1913, yer Pasifik Okyanusu. Birinci D\u00fcnya Sava\u015f\u0131\u2019n\u0131n arifesinde Corto Maltese Escondida Adas\u0131\u2019n\u0131n h\u00e2kimi, gizemli korsan Ke\u015fi\u015f\u2019in yan\u0131nda G\u00fcney\u2019in efsanevi denizlerinde maceradan maceraya ko\u015fuyor. \u00d6zg\u00fcrl\u00fck d\u00fc\u015fk\u00fcn\u00fc ve serseri ruhlu maceraperest Corto Maltese Kay\u0131phazinelerin, yard\u0131ma muhta\u00e7 arkada\u015flar\u0131n, tuhaf hik\u00e2yelerin pe\u015finde d\u00fcnyay\u0131 dola\u015f\u0131yor. <\/p>\n","protected":false},"excerpt":{"rendered":"<p>Y\u0131l 1913, yer Pasifik Okyanusu. Birinci D\u00fcnya Sava\u015f\u0131\u2019n\u0131n arifesinde Corto Maltese Escondida Adas\u0131\u2019n\u0131n h\u00e2kimi, gizemli korsan Ke\u015fi\u015f\u2019in yan\u0131nda G\u00fcney\u2019in efsanevi denizlerinde maceradan maceraya ko\u015fuyor. \u00d6zg\u00fcrl\u00fck d\u00fc\u015fk\u00fcn\u00fc<span class=\"excerpt-hellip\"> [\u2026]<\/span><\/p>\n","protected":false},"featured_media":0,"template":"","meta":{"_monsterinsights_skip_tracking":false,"_monsterinsights_sitenote_active":false,"_monsterinsights_sitenote_note":"","_monsterinsights_sitenote_category":0},"product_brand":[],"product_cat":[12416,12291],"product_tag":[],"class_list":{"0":"post-781425","1":"product","2":"type-product","3":"status-publish","5":"product_cat-cizgi-roman","6":"product_cat-edebiyat","7":"pa_cilt-ciltsiz","8":"pa_tur-kitap","9":"pa_yayinevi-yapi-kredi-yayinlari","10":"pa_yazar-hugo-pratt","12":"first","13":"instock","14":"sale","15":"shipping-taxable","16":"purchasable","17":"product-type-simple"},"_links":{"self":[{"href":"https:\/\/roveyayinevi.com.tr\/index.php\/wp-json\/wp\/v2\/product\/781425","targetHints":{"allow":["GET"]}}],"collection":[{"href":"https:\/\/roveyayinevi.com.tr\/index.php\/wp-json\/wp\/v2\/product"}],"about":[{"href":"https:\/\/roveyayinevi.com.tr\/index.php\/wp-json\/wp\/v2\/types\/product"}],"wp:attachment":[{"href":"https:\/\/roveyayinevi.com.tr\/index.php\/wp-json\/wp\/v2\/media?parent=781425"}],"wp:term":[{"taxonomy":"product_brand","embeddable":true,"href":"https:\/\/roveyayinevi.com.tr\/index.php\/wp-json\/wp\/v2\/product_brand?post=781425"},{"taxonomy":"product_cat","embeddable":true,"href":"https:\/\/roveyayinevi.com.tr\/index.php\/wp-json\/wp\/v2\/product_cat?post=781425"},{"taxonomy":"product_tag","embeddable":true,"href":"https:\/\/roveyayinevi.com.tr\/index.php\/wp-json\/wp\/v2\/product_tag?post=781425"}],"curies":[{"name":"wp","href":"https:\/\/api.w.org\/{rel}","templated":true}]}}