{"id":781420,"date":"2026-01-23T02:23:14","date_gmt":"2026-01-22T23:23:14","guid":{"rendered":"https:\/\/roveyayinevi.com.tr\/index.php\/urun\/valerian-cilt-0-kotu-ruyalar\/"},"modified":"2026-02-03T02:30:42","modified_gmt":"2026-02-02T23:30:42","slug":"valerian-cilt-0-kotu-ruyalar","status":"publish","type":"product","link":"https:\/\/roveyayinevi.com.tr\/index.php\/urun\/valerian-cilt-0-kotu-ruyalar\/","title":{"rendered":"Valerian Cilt 0 &#8211; K\u00f6t\u00fc R\u00fcyalar"},"content":{"rendered":"<p>2720 y\u0131l\u0131. I\u015f\u0131nlanman\u0131n 2314 y\u0131l\u0131nda ke\u015ffedilmesinden beri \u00e7al\u0131\u015fma kavram\u0131 yok olmaya y\u00fcz tutmu\u015f, insanl\u0131k r\u00fcya hizmetlerinin programlad\u0131\u011f\u0131 r\u00fcyalar\u0131nda kendinden ge\u00e7mi\u015f&#8230; K\u0131ymetli uzayzaman ajan\u0131 Valerian ise, insanl\u0131\u011f\u0131n r\u00fcya \u00e2lemini korumak ad\u0131na r\u00fcyalar\u0131 k\u00e2busa d\u00f6n\u00fc\u015ft\u00fcrme pe\u015findeki Xombul\u2019e kar\u015f\u0131 harekete ge\u00e7iyor ve galakside tarih boyu s\u00fcrecek nefes kesen bir macera ba\u015fl\u0131yor. Pierre Christin ile Jean-Claude M\u00e9zi\u00e8res\u2019in ola\u011fan\u00fcst\u00fc hayal g\u00fcc\u00fcnden, Valerian ile Laureline karakterleri ilk kez 1967 y\u0131l\u0131nda Pilote dergisinde hayatlar\u0131na ba\u015flad\u0131. Bu zaman\u0131n \u00f6tesinde yarat\u0131c\u0131 ve cesur eser k\u0131sa s\u00fcrede bilimkurgu seven okurun olmazsa olmaz \u00e7izgi romanlar\u0131 aras\u0131nda yerini ald\u0131. Valerian ile Laureline, uzayzaman ajanlar\u0131, tarihin esrarengiz y\u0131llar\u0131nda maceradan maceraya at\u0131l\u0131yor, 28. y\u00fczy\u0131l\u0131 tehdit eden tehlikeleri bertaraf etmek u\u011fruna cesurca g\u00f6revden g\u00f6reve ko\u015fuyor, tarihte devriye geziyorlar. <\/p>\n","protected":false},"excerpt":{"rendered":"<p>2720 y\u0131l\u0131. I\u015f\u0131nlanman\u0131n 2314 y\u0131l\u0131nda ke\u015ffedilmesinden beri \u00e7al\u0131\u015fma kavram\u0131 yok olmaya y\u00fcz tutmu\u015f, insanl\u0131k r\u00fcya hizmetlerinin programlad\u0131\u011f\u0131 r\u00fcyalar\u0131nda kendinden ge\u00e7mi\u015f&#8230; K\u0131ymetli uzayzaman ajan\u0131 Valerian ise, insanl\u0131\u011f\u0131n<span class=\"excerpt-hellip\"> [\u2026]<\/span><\/p>\n","protected":false},"featured_media":0,"template":"","meta":{"_monsterinsights_skip_tracking":false,"_monsterinsights_sitenote_active":false,"_monsterinsights_sitenote_note":"","_monsterinsights_sitenote_category":0},"product_brand":[],"product_cat":[12689,12274],"product_tag":[],"class_list":{"0":"post-781420","1":"product","2":"type-product","3":"status-publish","5":"product_cat-cizgi-roman-cocuk-ve-genclik-kitaplari","6":"product_cat-cocuk-ve-genclik-kitaplari","7":"pa_cilt-ciltsiz","8":"pa_tur-kitap","9":"pa_yayinevi-yapi-kredi-yayinlari","10":"pa_yazar-pierre-christin-ve-jean-claude-mezieres","12":"first","13":"instock","14":"sale","15":"shipping-taxable","16":"purchasable","17":"product-type-simple"},"_links":{"self":[{"href":"https:\/\/roveyayinevi.com.tr\/index.php\/wp-json\/wp\/v2\/product\/781420","targetHints":{"allow":["GET"]}}],"collection":[{"href":"https:\/\/roveyayinevi.com.tr\/index.php\/wp-json\/wp\/v2\/product"}],"about":[{"href":"https:\/\/roveyayinevi.com.tr\/index.php\/wp-json\/wp\/v2\/types\/product"}],"wp:attachment":[{"href":"https:\/\/roveyayinevi.com.tr\/index.php\/wp-json\/wp\/v2\/media?parent=781420"}],"wp:term":[{"taxonomy":"product_brand","embeddable":true,"href":"https:\/\/roveyayinevi.com.tr\/index.php\/wp-json\/wp\/v2\/product_brand?post=781420"},{"taxonomy":"product_cat","embeddable":true,"href":"https:\/\/roveyayinevi.com.tr\/index.php\/wp-json\/wp\/v2\/product_cat?post=781420"},{"taxonomy":"product_tag","embeddable":true,"href":"https:\/\/roveyayinevi.com.tr\/index.php\/wp-json\/wp\/v2\/product_tag?post=781420"}],"curies":[{"name":"wp","href":"https:\/\/api.w.org\/{rel}","templated":true}]}}