{"id":781417,"date":"2026-01-23T02:16:25","date_gmt":"2026-01-22T23:16:25","guid":{"rendered":"https:\/\/roveyayinevi.com.tr\/index.php\/urun\/57-alay-canakkale\/"},"modified":"2026-04-16T02:12:36","modified_gmt":"2026-04-15T23:12:36","slug":"57-alay-canakkale","status":"publish","type":"product","link":"https:\/\/roveyayinevi.com.tr\/index.php\/urun\/57-alay-canakkale\/","title":{"rendered":"57. Alay \u00c7anakkale"},"content":{"rendered":"<p>Efsane alay \u00c7anakkale&#8217;de kuruluyor. G\u00f6remedi\u011fi bebe\u011finin mektuba \u00e7izilmi\u015f ayak izi koynunda, yar\u0131maday\u0131 aylarca ar\u015f\u0131nlayacak Kara Emin; Alay\u0131n Rum Doktoru Dimotriyati ile \u0130mam\u0131 Hasan Fehminin dostluklar\u0131; Ve \u015fehitli\u011fe ko\u015fan gen\u00e7 Mehmet\u00e7ikler. 57. Alay, 25 Nisan 1915 sabah\u0131 emir almamas\u0131na ra\u011fmen komutanlar\u0131 Mustafa Kemal&#8217;in ki\u015fisel inisiyatifiyle Conkbay\u0131r\u0131nda b\u00fcy\u00fck kara \u00e7\u0131karmas\u0131n\u0131 durduran Osmanl\u0131 alay\u0131d\u0131r. Bu alay \u00c7anakkalede yok olmayacak ve Gali\u00e7ya ile Filistinde de hayati g\u00f6revler alacakt\u0131r. \u0130smail Bilgin&#8217;in Genelkurmay&#8217;da yapt\u0131\u011f\u0131 ara\u015ft\u0131rmalar sonucu haz\u0131rlad\u0131\u011f\u0131 ve sars\u0131c\u0131 sava\u015f sahneleriyle 57. Alay \u00c7anakkale, okurun haf\u0131zas\u0131ndan \u00e7\u0131kmayacak \ufffcTan\u0131t\u0131m Metni<\/p>\n","protected":false},"excerpt":{"rendered":"<p>Efsane alay \u00c7anakkale&#8217;de kuruluyor. G\u00f6remedi\u011fi bebe\u011finin mektuba \u00e7izilmi\u015f ayak izi koynunda, yar\u0131maday\u0131 aylarca ar\u015f\u0131nlayacak Kara Emin; Alay\u0131n Rum Doktoru Dimotriyati ile \u0130mam\u0131 Hasan Fehminin dostluklar\u0131; Ve<span class=\"excerpt-hellip\"> [\u2026]<\/span><\/p>\n","protected":false},"featured_media":0,"template":"","meta":{"_monsterinsights_skip_tracking":false,"_monsterinsights_sitenote_active":false,"_monsterinsights_sitenote_note":"","_monsterinsights_sitenote_category":0},"product_brand":[],"product_cat":[12291,12745],"product_tag":[],"class_list":{"0":"post-781417","1":"product","2":"type-product","3":"status-publish","5":"product_cat-edebiyat","6":"product_cat-tarihi-roman","7":"pa_cilt-ciltsiz","8":"pa_tur-kitap","9":"pa_yayinevi-timas-yayinlari","10":"pa_yazar-ismail-bilgin","12":"first","13":"instock","14":"sale","15":"shipping-taxable","16":"purchasable","17":"product-type-simple"},"_links":{"self":[{"href":"https:\/\/roveyayinevi.com.tr\/index.php\/wp-json\/wp\/v2\/product\/781417","targetHints":{"allow":["GET"]}}],"collection":[{"href":"https:\/\/roveyayinevi.com.tr\/index.php\/wp-json\/wp\/v2\/product"}],"about":[{"href":"https:\/\/roveyayinevi.com.tr\/index.php\/wp-json\/wp\/v2\/types\/product"}],"wp:attachment":[{"href":"https:\/\/roveyayinevi.com.tr\/index.php\/wp-json\/wp\/v2\/media?parent=781417"}],"wp:term":[{"taxonomy":"product_brand","embeddable":true,"href":"https:\/\/roveyayinevi.com.tr\/index.php\/wp-json\/wp\/v2\/product_brand?post=781417"},{"taxonomy":"product_cat","embeddable":true,"href":"https:\/\/roveyayinevi.com.tr\/index.php\/wp-json\/wp\/v2\/product_cat?post=781417"},{"taxonomy":"product_tag","embeddable":true,"href":"https:\/\/roveyayinevi.com.tr\/index.php\/wp-json\/wp\/v2\/product_tag?post=781417"}],"curies":[{"name":"wp","href":"https:\/\/api.w.org\/{rel}","templated":true}]}}