{"id":781416,"date":"2026-01-23T02:13:58","date_gmt":"2026-01-22T23:13:58","guid":{"rendered":"https:\/\/roveyayinevi.com.tr\/index.php\/urun\/red-kit-73-red-kitin-nisanlisi\/"},"modified":"2026-01-25T02:17:49","modified_gmt":"2026-01-24T23:17:49","slug":"red-kit-73-red-kitin-nisanlisi","status":"publish","type":"product","link":"https:\/\/roveyayinevi.com.tr\/index.php\/urun\/red-kit-73-red-kitin-nisanlisi\/","title":{"rendered":"Red Kit 73: Red Kit\u2019in Ni\u015fanl\u0131s\u0131"},"content":{"rendered":"<p>Yaln\u0131z erkeklerin ya\u015fad\u0131\u011f\u0131 k\u00f6ye do\u011fru yola \u00e7\u0131kan kad\u0131nlar konvoyu, Red Kit&#8217;in o g\u00fcne dek \u00f6nc\u00fcl\u00fck etti\u011fi \u201cen kad\u0131ns\u0131\u201d kervand\u0131r. Yolcular\u0131n\u0131n tamam\u0131n\u0131 huylar\u0131 sular\u0131 de\u011fi\u015fik de\u011fi\u015fik kad\u0131nlardan olu\u015fturmu\u015ftur. Kad\u0131nlar\u0131 m\u00fcstakbel e\u015flerine kavu\u015fturma operasyonuna arabalar dolusu e\u015fya ve her \u00f6\u011f\u00fcn pi\u015fen \u0130rlanda yahnisinin yan\u0131 s\u0131ra Vah\u015fi Bat\u0131 yolculuklar\u0131n\u0131n vazge\u00e7ilmezleri olan haydutlar, K\u0131z\u0131lderililer, f\u0131rt\u0131nalar, \u00e7\u0131ng\u0131rakl\u0131 y\u0131lanlar ve tabii Daltonlar da kat\u0131l\u0131r. Ama ekibi bekleyen as\u0131l s\u00fcrpriz var\u0131\u015ftad\u0131r. Ni\u015fanl\u0131s\u0131 bek\u00e2rl\u0131\u011fa veda partisinde kontrol\u00fc kaybedip hapse d\u00fc\u015fen k\u0131zlardan biri, Red Kit&#8217;in ni\u015fanl\u0131s\u0131 oluverir. Yaln\u0131zl\u0131\u011f\u0131ndan vazge\u00e7meye hi\u00e7 niyeti olmayan kovboyumuz, bir yandan k\u0131z\u0131n g\u00fcvenli\u011fini sa\u011flamaya, bir yandan da pa\u00e7as\u0131n\u0131 kurtarmaya \u00e7al\u0131\u015facakt\u0131r&#8230; <\/p>\n","protected":false},"excerpt":{"rendered":"<p>Yaln\u0131z erkeklerin ya\u015fad\u0131\u011f\u0131 k\u00f6ye do\u011fru yola \u00e7\u0131kan kad\u0131nlar konvoyu, Red Kit&#8217;in o g\u00fcne dek \u00f6nc\u00fcl\u00fck etti\u011fi \u201cen kad\u0131ns\u0131\u201d kervand\u0131r. Yolcular\u0131n\u0131n tamam\u0131n\u0131 huylar\u0131 sular\u0131 de\u011fi\u015fik de\u011fi\u015fik kad\u0131nlardan<span class=\"excerpt-hellip\"> [\u2026]<\/span><\/p>\n","protected":false},"featured_media":0,"template":"","meta":{"_monsterinsights_skip_tracking":false,"_monsterinsights_sitenote_active":false,"_monsterinsights_sitenote_note":"","_monsterinsights_sitenote_category":0},"product_brand":[],"product_cat":[12689,12274],"product_tag":[],"class_list":{"0":"post-781416","1":"product","2":"type-product","3":"status-publish","5":"product_cat-cizgi-roman-cocuk-ve-genclik-kitaplari","6":"product_cat-cocuk-ve-genclik-kitaplari","7":"pa_cilt-ciltsiz","8":"pa_tur-kitap","9":"pa_yayinevi-yapi-kredi-yayinlari","10":"pa_yazar-morris","12":"first","13":"instock","14":"sale","15":"shipping-taxable","16":"purchasable","17":"product-type-simple"},"_links":{"self":[{"href":"https:\/\/roveyayinevi.com.tr\/index.php\/wp-json\/wp\/v2\/product\/781416","targetHints":{"allow":["GET"]}}],"collection":[{"href":"https:\/\/roveyayinevi.com.tr\/index.php\/wp-json\/wp\/v2\/product"}],"about":[{"href":"https:\/\/roveyayinevi.com.tr\/index.php\/wp-json\/wp\/v2\/types\/product"}],"wp:attachment":[{"href":"https:\/\/roveyayinevi.com.tr\/index.php\/wp-json\/wp\/v2\/media?parent=781416"}],"wp:term":[{"taxonomy":"product_brand","embeddable":true,"href":"https:\/\/roveyayinevi.com.tr\/index.php\/wp-json\/wp\/v2\/product_brand?post=781416"},{"taxonomy":"product_cat","embeddable":true,"href":"https:\/\/roveyayinevi.com.tr\/index.php\/wp-json\/wp\/v2\/product_cat?post=781416"},{"taxonomy":"product_tag","embeddable":true,"href":"https:\/\/roveyayinevi.com.tr\/index.php\/wp-json\/wp\/v2\/product_tag?post=781416"}],"curies":[{"name":"wp","href":"https:\/\/api.w.org\/{rel}","templated":true}]}}