{"id":781415,"date":"2026-01-23T02:13:50","date_gmt":"2026-01-22T23:13:50","guid":{"rendered":"https:\/\/roveyayinevi.com.tr\/index.php\/urun\/naruto-5-duellocular\/"},"modified":"2026-02-23T10:53:08","modified_gmt":"2026-02-23T07:53:08","slug":"naruto-5-duellocular","status":"publish","type":"product","link":"https:\/\/roveyayinevi.com.tr\/index.php\/urun\/naruto-5-duellocular\/","title":{"rendered":"Naruto 5 &#8211; D\u00fcellocular"},"content":{"rendered":"<p>Kaka\u015fi SenseiRnin tavsiyesiyle \u00c7uunin se\u00e7me s\u0131nav\u0131na girecek olan Naruto&#8217;lar s\u0131nava girmeden zor bir d\u00f6nem i\u00e7ersindedirler!!! ve s\u0131nav ba\u015flar&#8230;!? \ufffc<\/p>\n","protected":false},"excerpt":{"rendered":"<p>Kaka\u015fi SenseiRnin tavsiyesiyle \u00c7uunin se\u00e7me s\u0131nav\u0131na girecek olan Naruto&#8217;lar s\u0131nava girmeden zor bir d\u00f6nem i\u00e7ersindedirler!!! ve s\u0131nav ba\u015flar&#8230;!? \ufffc<\/p>\n","protected":false},"featured_media":0,"template":"","meta":{"_monsterinsights_skip_tracking":false,"_monsterinsights_sitenote_active":false,"_monsterinsights_sitenote_note":"","_monsterinsights_sitenote_category":0},"product_brand":[],"product_cat":[12416,12291],"product_tag":[],"class_list":{"0":"post-781415","1":"product","2":"type-product","3":"status-publish","5":"product_cat-cizgi-roman","6":"product_cat-edebiyat","7":"pa_cilt-ciltsiz","8":"pa_tur-kitap","9":"pa_yayinevi-gerekli-seyler-yayincilik","10":"pa_yazar-masasi-kisimoto","12":"first","13":"instock","14":"sale","15":"shipping-taxable","16":"purchasable","17":"product-type-simple"},"_links":{"self":[{"href":"https:\/\/roveyayinevi.com.tr\/index.php\/wp-json\/wp\/v2\/product\/781415","targetHints":{"allow":["GET"]}}],"collection":[{"href":"https:\/\/roveyayinevi.com.tr\/index.php\/wp-json\/wp\/v2\/product"}],"about":[{"href":"https:\/\/roveyayinevi.com.tr\/index.php\/wp-json\/wp\/v2\/types\/product"}],"wp:attachment":[{"href":"https:\/\/roveyayinevi.com.tr\/index.php\/wp-json\/wp\/v2\/media?parent=781415"}],"wp:term":[{"taxonomy":"product_brand","embeddable":true,"href":"https:\/\/roveyayinevi.com.tr\/index.php\/wp-json\/wp\/v2\/product_brand?post=781415"},{"taxonomy":"product_cat","embeddable":true,"href":"https:\/\/roveyayinevi.com.tr\/index.php\/wp-json\/wp\/v2\/product_cat?post=781415"},{"taxonomy":"product_tag","embeddable":true,"href":"https:\/\/roveyayinevi.com.tr\/index.php\/wp-json\/wp\/v2\/product_tag?post=781415"}],"curies":[{"name":"wp","href":"https:\/\/api.w.org\/{rel}","templated":true}]}}