{"id":781414,"date":"2026-01-23T02:13:13","date_gmt":"2026-01-22T23:13:13","guid":{"rendered":"https:\/\/roveyayinevi.com.tr\/index.php\/urun\/gercekten-bilmeniz-gereken-50-felsefe-fikri\/"},"modified":"2026-03-16T11:56:40","modified_gmt":"2026-03-16T08:56:40","slug":"gercekten-bilmeniz-gereken-50-felsefe-fikri","status":"publish","type":"product","link":"https:\/\/roveyayinevi.com.tr\/index.php\/urun\/gercekten-bilmeniz-gereken-50-felsefe-fikri\/","title":{"rendered":"Ger\u00e7ekten Bilmeniz Gereken 50 Felsefe Fikri"},"content":{"rendered":"<p>Kabul, konuyu  Felsefe yapma!  diye kestirip atabilmek b\u00fcy\u00fck konfor. Felsefenin \u00e7etin sorular\u0131yla cebelle\u015fmektense filozoflara fildi\u015fi kulelerde ya\u015fayan ve  ka\u015f\u0131yacak bir \u015fey olsun diye uyuz icat eden  ger\u00e7ek hayattan kopuk muhteremler kli\u015fesiyle bakmak m\u00fcmk\u00fcn. Ama kli\u015feler \u00fcst\u00fcnden ya\u015famak yerine kendi yolumuzu \u00e7izmek istiyorsak,  ne yapabilirim?  de\u011fil  ne yapmal\u0131y\u0131m?  sorusunun cevab\u0131n\u0131 ar\u0131yorsak y\u00fcz\u00fcm\u00fcz\u00fc d\u00f6nmemiz gereken yer felsefedir. B\u0131rak\u0131n hayattan kopuk olmay\u0131, tam da hayat\u0131n \u00f6z\u00fcne dair konu\u015fan \u015fey felsefedir.Ger\u00e7ekten Bilmeniz Gereken 50 Psikoloji Fikri, anlat\u0131m dilinden tasar\u0131m\u0131na kadar kolay anla\u015f\u0131labilir olmay\u0131 hedeflemi\u015f, okuru dolamba\u00e7l\u0131 yollarda yaln\u0131z b\u0131rakmayan ideal bir felseye giri\u015f kitab\u0131. Her zaman felsefenin oda\u011f\u0131nda olmu\u015f bilgi, bilin\u00e7, kimlik, etik, hukuk ve estetik gibi kavramlar hakk\u0131ndaki tart\u0131\u015fmalar\u0131; kavanozdaki beyin problemi, Platon&#8217;un ma\u011faras\u0131, berber paradoksu, \u00fcnl\u00fc  d\u00fc\u015f\u00fcn\u00fcyorum \u00f6yleyse var\u0131m  \u00f6nermesi ve tutuklu ikilemi gibi keyifli ve zihin a\u00e7\u0131c\u0131 ba\u015fl\u0131klar \u00fczerinden okurla payla\u015f\u0131yor. \u00d6nyarg\u0131lar\u0131n\u0131 k\u0131r\u0131p adab\u0131yla felsefe yapmak isteyen herkes i\u00e7in hayli faydal\u0131 bir kitap. <\/p>\n","protected":false},"excerpt":{"rendered":"<p>Kabul, konuyu Felsefe yapma! diye kestirip atabilmek b\u00fcy\u00fck konfor. Felsefenin \u00e7etin sorular\u0131yla cebelle\u015fmektense filozoflara fildi\u015fi kulelerde ya\u015fayan ve ka\u015f\u0131yacak bir \u015fey olsun diye uyuz icat eden<span class=\"excerpt-hellip\"> [\u2026]<\/span><\/p>\n","protected":false},"featured_media":0,"template":"","meta":{"_monsterinsights_skip_tracking":false,"_monsterinsights_sitenote_active":false,"_monsterinsights_sitenote_note":"","_monsterinsights_sitenote_category":0},"product_brand":[],"product_cat":[12388,13555],"product_tag":[],"class_list":{"0":"post-781414","1":"product","2":"type-product","3":"status-publish","5":"product_cat-felsefe","6":"product_cat-genel-felsefe","7":"pa_cilt-ciltsiz","8":"pa_tur-kitap","9":"pa_yayinevi-domingo-yayinevi","10":"pa_yazar-ben-dupre","12":"first","13":"outofstock","14":"sale","15":"shipping-taxable","16":"purchasable","17":"product-type-simple"},"_links":{"self":[{"href":"https:\/\/roveyayinevi.com.tr\/index.php\/wp-json\/wp\/v2\/product\/781414","targetHints":{"allow":["GET"]}}],"collection":[{"href":"https:\/\/roveyayinevi.com.tr\/index.php\/wp-json\/wp\/v2\/product"}],"about":[{"href":"https:\/\/roveyayinevi.com.tr\/index.php\/wp-json\/wp\/v2\/types\/product"}],"wp:attachment":[{"href":"https:\/\/roveyayinevi.com.tr\/index.php\/wp-json\/wp\/v2\/media?parent=781414"}],"wp:term":[{"taxonomy":"product_brand","embeddable":true,"href":"https:\/\/roveyayinevi.com.tr\/index.php\/wp-json\/wp\/v2\/product_brand?post=781414"},{"taxonomy":"product_cat","embeddable":true,"href":"https:\/\/roveyayinevi.com.tr\/index.php\/wp-json\/wp\/v2\/product_cat?post=781414"},{"taxonomy":"product_tag","embeddable":true,"href":"https:\/\/roveyayinevi.com.tr\/index.php\/wp-json\/wp\/v2\/product_tag?post=781414"}],"curies":[{"name":"wp","href":"https:\/\/api.w.org\/{rel}","templated":true}]}}