{"id":781412,"date":"2026-01-23T02:10:02","date_gmt":"2026-01-22T23:10:02","guid":{"rendered":"https:\/\/roveyayinevi.com.tr\/index.php\/urun\/her-sey-seninle-baslar\/"},"modified":"2026-03-16T11:53:18","modified_gmt":"2026-03-16T08:53:18","slug":"her-sey-seninle-baslar","status":"publish","type":"product","link":"https:\/\/roveyayinevi.com.tr\/index.php\/urun\/her-sey-seninle-baslar\/","title":{"rendered":"Her \u015eey Seninle Ba\u015flar"},"content":{"rendered":"<p>\u00c7aresizlik \u00f6\u011frenilmi\u015ftir. Ba\u015far\u0131l\u0131 olmak da \u00f6\u011frenilebilir. Sende sand\u0131\u011f\u0131ndan fazlas\u0131 var! Gelebilece\u011fin en iyi yerde de\u011filsin. Yeni bir hayat i\u00e7in gereken, yeni bir ak\u0131ld\u0131r. Do\u011fru \u015feyi yapmak i\u00e7in yanl\u0131\u015f zaman yoktur. R\u00fczgar\u0131 su\u00e7lamay\u0131 b\u0131rak, yelkenleri kullanmay\u0131 \u00f6\u011fren! Seyirci koltu\u011fundan s\u0131k\u0131ld\u0131ysan, sahneye \u00e7\u0131k. Zirvede her zaman bir ki\u015fiye daha yer var. Her \u015fey seninle ba\u015flar! Ba\u015fkalar\u0131 yapabildiyse, sen de yapars\u0131n. Hayatta ya tozu dumana katars\u0131n, Ya da tozu duman\u0131 yutars\u0131n. Se\u00e7im senin! <\/p>\n","protected":false},"excerpt":{"rendered":"<p>\u00c7aresizlik \u00f6\u011frenilmi\u015ftir. Ba\u015far\u0131l\u0131 olmak da \u00f6\u011frenilebilir. Sende sand\u0131\u011f\u0131ndan fazlas\u0131 var! Gelebilece\u011fin en iyi yerde de\u011filsin. Yeni bir hayat i\u00e7in gereken, yeni bir ak\u0131ld\u0131r. Do\u011fru \u015feyi yapmak<span class=\"excerpt-hellip\"> [\u2026]<\/span><\/p>\n","protected":false},"featured_media":0,"template":"","meta":{"_monsterinsights_skip_tracking":false,"_monsterinsights_sitenote_active":false,"_monsterinsights_sitenote_note":"","_monsterinsights_sitenote_category":0},"product_brand":[],"product_cat":[12364,12376],"product_tag":[],"class_list":{"0":"post-781412","1":"product","2":"type-product","3":"status-publish","5":"product_cat-genel-konular","6":"product_cat-kisisel-gelisim","7":"pa_cilt-ciltsiz","8":"pa_tur-kitap","9":"pa_yayinevi-alfa-yayinlari","10":"pa_yazar-mumin-sekman","12":"first","13":"instock","14":"sale","15":"shipping-taxable","16":"purchasable","17":"product-type-simple"},"_links":{"self":[{"href":"https:\/\/roveyayinevi.com.tr\/index.php\/wp-json\/wp\/v2\/product\/781412","targetHints":{"allow":["GET"]}}],"collection":[{"href":"https:\/\/roveyayinevi.com.tr\/index.php\/wp-json\/wp\/v2\/product"}],"about":[{"href":"https:\/\/roveyayinevi.com.tr\/index.php\/wp-json\/wp\/v2\/types\/product"}],"wp:attachment":[{"href":"https:\/\/roveyayinevi.com.tr\/index.php\/wp-json\/wp\/v2\/media?parent=781412"}],"wp:term":[{"taxonomy":"product_brand","embeddable":true,"href":"https:\/\/roveyayinevi.com.tr\/index.php\/wp-json\/wp\/v2\/product_brand?post=781412"},{"taxonomy":"product_cat","embeddable":true,"href":"https:\/\/roveyayinevi.com.tr\/index.php\/wp-json\/wp\/v2\/product_cat?post=781412"},{"taxonomy":"product_tag","embeddable":true,"href":"https:\/\/roveyayinevi.com.tr\/index.php\/wp-json\/wp\/v2\/product_tag?post=781412"}],"curies":[{"name":"wp","href":"https:\/\/api.w.org\/{rel}","templated":true}]}}