{"id":781411,"date":"2026-01-23T02:07:48","date_gmt":"2026-01-22T23:07:48","guid":{"rendered":"https:\/\/roveyayinevi.com.tr\/index.php\/urun\/genesis-50-bolum\/"},"modified":"2026-04-16T02:04:39","modified_gmt":"2026-04-15T23:04:39","slug":"genesis-50-bolum","status":"publish","type":"product","link":"https:\/\/roveyayinevi.com.tr\/index.php\/urun\/genesis-50-bolum\/","title":{"rendered":"Genesis (50. B\u00f6l\u00fcm)"},"content":{"rendered":"<p>&#8220;B\u00f6ylece Rab Tanr\u0131, yaratm\u0131\u015f oldu\u011fu topra\u011f\u0131 i\u015flemek \u00fczere, Adem&#8217;i Aden Bah\u00e7esinden \u00e7\u0131kard\u0131&#8221; -Yarad\u0131l\u0131\u015f 3, 23-\u00c7izgi roman d\u00fcnyas\u0131n\u0131n en yetenekli isimlerinden, yeralt\u0131 \u00e7izgi roman hareketinin yarat\u0131c\u0131s\u0131 Robert Crumb&#8217;un, tart\u0131\u015fmalar yaratan ve \u00e7ok satan \u00c7izgi roman\u0131 &#8220;Genesis.&#8221; <\/p>\n","protected":false},"excerpt":{"rendered":"<p>&#8220;B\u00f6ylece Rab Tanr\u0131, yaratm\u0131\u015f oldu\u011fu topra\u011f\u0131 i\u015flemek \u00fczere, Adem&#8217;i Aden Bah\u00e7esinden \u00e7\u0131kard\u0131&#8221; -Yarad\u0131l\u0131\u015f 3, 23-\u00c7izgi roman d\u00fcnyas\u0131n\u0131n en yetenekli isimlerinden, yeralt\u0131 \u00e7izgi roman hareketinin yarat\u0131c\u0131s\u0131 Robert<span class=\"excerpt-hellip\"> [\u2026]<\/span><\/p>\n","protected":false},"featured_media":0,"template":"","meta":{"_monsterinsights_skip_tracking":false,"_monsterinsights_sitenote_active":false,"_monsterinsights_sitenote_note":"","_monsterinsights_sitenote_category":0},"product_brand":[],"product_cat":[12416,12291],"product_tag":[],"class_list":{"0":"post-781411","1":"product","2":"type-product","3":"status-publish","5":"product_cat-cizgi-roman","6":"product_cat-edebiyat","7":"pa_cilt-ciltsiz","8":"pa_tur-kitap","9":"pa_yayinevi-yurt-kitap-yayin","10":"pa_yazar-r-crumb","12":"first","13":"instock","14":"sale","15":"shipping-taxable","16":"purchasable","17":"product-type-simple"},"_links":{"self":[{"href":"https:\/\/roveyayinevi.com.tr\/index.php\/wp-json\/wp\/v2\/product\/781411","targetHints":{"allow":["GET"]}}],"collection":[{"href":"https:\/\/roveyayinevi.com.tr\/index.php\/wp-json\/wp\/v2\/product"}],"about":[{"href":"https:\/\/roveyayinevi.com.tr\/index.php\/wp-json\/wp\/v2\/types\/product"}],"wp:attachment":[{"href":"https:\/\/roveyayinevi.com.tr\/index.php\/wp-json\/wp\/v2\/media?parent=781411"}],"wp:term":[{"taxonomy":"product_brand","embeddable":true,"href":"https:\/\/roveyayinevi.com.tr\/index.php\/wp-json\/wp\/v2\/product_brand?post=781411"},{"taxonomy":"product_cat","embeddable":true,"href":"https:\/\/roveyayinevi.com.tr\/index.php\/wp-json\/wp\/v2\/product_cat?post=781411"},{"taxonomy":"product_tag","embeddable":true,"href":"https:\/\/roveyayinevi.com.tr\/index.php\/wp-json\/wp\/v2\/product_tag?post=781411"}],"curies":[{"name":"wp","href":"https:\/\/api.w.org\/{rel}","templated":true}]}}