{"id":781410,"date":"2026-01-23T02:06:49","date_gmt":"2026-01-22T23:06:49","guid":{"rendered":"https:\/\/roveyayinevi.com.tr\/index.php\/urun\/red-kit-daltonlarin-izinde\/"},"modified":"2026-01-25T02:07:40","modified_gmt":"2026-01-24T23:07:40","slug":"red-kit-daltonlarin-izinde","status":"publish","type":"product","link":"https:\/\/roveyayinevi.com.tr\/index.php\/urun\/red-kit-daltonlarin-izinde\/","title":{"rendered":"Red Kit &#8211; Daltonlar\u0131n \u0130zinde"},"content":{"rendered":"<p>Daltonlar\u0131n \u0130zinde, \u201cinsan\u0131n en iyi dostu\u201d ya da \u201cg\u00f6lgesinden bile aptal k\u00f6pek\u201d Rintintin\u2019in ba\u015frol\u00fc ele ge\u00e7irerek Red Kit\u2019i neredeyse g\u00f6lgede b\u0131rakt\u0131\u011f\u0131 bir macera.Yine hapisten ka\u00e7an Daltonlar\u0131n yine pe\u015fine d\u00fc\u015fen Red Kit\u2019in, yine s a\u00e7mal\u0131k \u00fcst\u00fcne s a\u00e7mal\u0131kla aya\u011f\u0131na dolanan Rintintin\u2019in ve k\u00f6pe\u011fe yine katlanamayan D\u00fcld\u00fcl\u2019\u00fcn hik\u00e2yesini anlat\u0131r g\u00f6r\u00fcnmekle birlikte, 1962 tarihli bu Morris-Goscinny \u00e7al\u0131\u015fmas\u0131; kahramanlar aras\u0131ndaki ili\u015fkiler, kahkaha y\u00fckl\u00fc kareler ve seyri s\u00fcrekli de\u011fi\u015fen olaylarla olduk\u00e7a ayr\u0131cal\u0131kl\u0131 bir alb\u00fcm.\ufffc<\/p>\n","protected":false},"excerpt":{"rendered":"<p>Daltonlar\u0131n \u0130zinde, \u201cinsan\u0131n en iyi dostu\u201d ya da \u201cg\u00f6lgesinden bile aptal k\u00f6pek\u201d Rintintin\u2019in ba\u015frol\u00fc ele ge\u00e7irerek Red Kit\u2019i neredeyse g\u00f6lgede b\u0131rakt\u0131\u011f\u0131 bir macera.Yine hapisten ka\u00e7an Daltonlar\u0131n<span class=\"excerpt-hellip\"> [\u2026]<\/span><\/p>\n","protected":false},"featured_media":0,"template":"","meta":{"_monsterinsights_skip_tracking":false,"_monsterinsights_sitenote_active":false,"_monsterinsights_sitenote_note":"","_monsterinsights_sitenote_category":0},"product_brand":[],"product_cat":[12416,12291],"product_tag":[],"class_list":{"0":"post-781410","1":"product","2":"type-product","3":"status-publish","5":"product_cat-cizgi-roman","6":"product_cat-edebiyat","7":"pa_cilt-ciltsiz","8":"pa_tur-kitap","9":"pa_yayinevi-yapi-kredi-yayinlari","10":"pa_yazar-rene-goscinny","12":"first","13":"instock","14":"sale","15":"shipping-taxable","16":"purchasable","17":"product-type-simple"},"_links":{"self":[{"href":"https:\/\/roveyayinevi.com.tr\/index.php\/wp-json\/wp\/v2\/product\/781410","targetHints":{"allow":["GET"]}}],"collection":[{"href":"https:\/\/roveyayinevi.com.tr\/index.php\/wp-json\/wp\/v2\/product"}],"about":[{"href":"https:\/\/roveyayinevi.com.tr\/index.php\/wp-json\/wp\/v2\/types\/product"}],"wp:attachment":[{"href":"https:\/\/roveyayinevi.com.tr\/index.php\/wp-json\/wp\/v2\/media?parent=781410"}],"wp:term":[{"taxonomy":"product_brand","embeddable":true,"href":"https:\/\/roveyayinevi.com.tr\/index.php\/wp-json\/wp\/v2\/product_brand?post=781410"},{"taxonomy":"product_cat","embeddable":true,"href":"https:\/\/roveyayinevi.com.tr\/index.php\/wp-json\/wp\/v2\/product_cat?post=781410"},{"taxonomy":"product_tag","embeddable":true,"href":"https:\/\/roveyayinevi.com.tr\/index.php\/wp-json\/wp\/v2\/product_tag?post=781410"}],"curies":[{"name":"wp","href":"https:\/\/api.w.org\/{rel}","templated":true}]}}