{"id":781405,"date":"2026-01-23T01:59:59","date_gmt":"2026-01-22T22:59:59","guid":{"rendered":"https:\/\/roveyayinevi.com.tr\/index.php\/urun\/etkili-ve-guzel-konusma-sanati\/"},"modified":"2026-04-03T02:03:08","modified_gmt":"2026-04-02T23:03:08","slug":"etkili-ve-guzel-konusma-sanati","status":"publish","type":"product","link":"https:\/\/roveyayinevi.com.tr\/index.php\/urun\/etkili-ve-guzel-konusma-sanati\/","title":{"rendered":"Etkili ve G\u00fczel Konu\u015fma Sanat\u0131"},"content":{"rendered":"<p>D\u0131\u015f g\u00f6r\u00fcn\u00fc\u015f\u00fc g\u00fczel, hareketleri zarif olan bir ki\u015fi, kula\u011f\u0131 t\u0131rmalayan ses tonu, kaba ve sert konu\u015fma bi\u00e7imi nedeniyle insana itici gelebilir. \ufffcTan\u0131t\u0131m Metni<\/p>\n","protected":false},"excerpt":{"rendered":"<p>D\u0131\u015f g\u00f6r\u00fcn\u00fc\u015f\u00fc g\u00fczel, hareketleri zarif olan bir ki\u015fi, kula\u011f\u0131 t\u0131rmalayan ses tonu, kaba ve sert konu\u015fma bi\u00e7imi nedeniyle insana itici gelebilir. \ufffcTan\u0131t\u0131m Metni<\/p>\n","protected":false},"featured_media":0,"template":"","meta":{"_monsterinsights_skip_tracking":false,"_monsterinsights_sitenote_active":false,"_monsterinsights_sitenote_note":"","_monsterinsights_sitenote_category":0},"product_brand":[],"product_cat":[12364,12376],"product_tag":[],"class_list":{"0":"post-781405","1":"product","2":"type-product","3":"status-publish","5":"product_cat-genel-konular","6":"product_cat-kisisel-gelisim","7":"pa_cilt-ciltsiz","8":"pa_tur-kitap","9":"pa_yayinevi-hayat-yayinlari","10":"pa_yazar-sirri-er","12":"first","13":"instock","14":"sale","15":"shipping-taxable","16":"purchasable","17":"product-type-simple"},"_links":{"self":[{"href":"https:\/\/roveyayinevi.com.tr\/index.php\/wp-json\/wp\/v2\/product\/781405","targetHints":{"allow":["GET"]}}],"collection":[{"href":"https:\/\/roveyayinevi.com.tr\/index.php\/wp-json\/wp\/v2\/product"}],"about":[{"href":"https:\/\/roveyayinevi.com.tr\/index.php\/wp-json\/wp\/v2\/types\/product"}],"wp:attachment":[{"href":"https:\/\/roveyayinevi.com.tr\/index.php\/wp-json\/wp\/v2\/media?parent=781405"}],"wp:term":[{"taxonomy":"product_brand","embeddable":true,"href":"https:\/\/roveyayinevi.com.tr\/index.php\/wp-json\/wp\/v2\/product_brand?post=781405"},{"taxonomy":"product_cat","embeddable":true,"href":"https:\/\/roveyayinevi.com.tr\/index.php\/wp-json\/wp\/v2\/product_cat?post=781405"},{"taxonomy":"product_tag","embeddable":true,"href":"https:\/\/roveyayinevi.com.tr\/index.php\/wp-json\/wp\/v2\/product_tag?post=781405"}],"curies":[{"name":"wp","href":"https:\/\/api.w.org\/{rel}","templated":true}]}}