{"id":781403,"date":"2026-01-22T04:00:05","date_gmt":"2026-01-22T01:00:05","guid":{"rendered":"https:\/\/roveyayinevi.com.tr\/index.php\/urun\/her-urunden-6-adet-ozel-kutusunda-mandala-ayrac-30-adetli-stand\/"},"modified":"2026-04-15T03:46:03","modified_gmt":"2026-04-15T00:46:03","slug":"her-urunden-6-adet-ozel-kutusunda-mandala-ayrac-30-adetli-stand","status":"publish","type":"product","link":"https:\/\/roveyayinevi.com.tr\/index.php\/urun\/her-urunden-6-adet-ozel-kutusunda-mandala-ayrac-30-adetli-stand\/","title":{"rendered":"Her \u00dcr\u00fcnden 6 Adet &#8211; \u00d6zel Kutusunda Mandala Ayra\u00e7 &#8211; 30 Adetli Stand"},"content":{"rendered":"<p>Her \u00dcr\u00fcnden 6 Adet &#8211; \u00d6zel KutusundaMandala Ayra\u00e7 &#8211; 30 Adetli Stand<\/p>\n","protected":false},"excerpt":{"rendered":"<p>Her \u00dcr\u00fcnden 6 Adet &#8211; \u00d6zel KutusundaMandala Ayra\u00e7 &#8211; 30 Adetli Stand<\/p>\n","protected":false},"featured_media":0,"template":"","meta":{"_monsterinsights_skip_tracking":false,"_monsterinsights_sitenote_active":false,"_monsterinsights_sitenote_note":"","_monsterinsights_sitenote_category":0},"product_brand":[],"product_cat":[28265,15563],"product_tag":[],"class_list":{"0":"post-781403","1":"product","2":"type-product","3":"status-publish","5":"product_cat-diger-hobi","6":"product_cat-hobi","7":"pa_tur-kitap20","8":"pa_yayinevi-leopar-yayinlari","9":"pa_yazar-kolektif","11":"first","12":"instock","13":"sale","14":"shipping-taxable","15":"purchasable","16":"product-type-simple"},"_links":{"self":[{"href":"https:\/\/roveyayinevi.com.tr\/index.php\/wp-json\/wp\/v2\/product\/781403","targetHints":{"allow":["GET"]}}],"collection":[{"href":"https:\/\/roveyayinevi.com.tr\/index.php\/wp-json\/wp\/v2\/product"}],"about":[{"href":"https:\/\/roveyayinevi.com.tr\/index.php\/wp-json\/wp\/v2\/types\/product"}],"wp:attachment":[{"href":"https:\/\/roveyayinevi.com.tr\/index.php\/wp-json\/wp\/v2\/media?parent=781403"}],"wp:term":[{"taxonomy":"product_brand","embeddable":true,"href":"https:\/\/roveyayinevi.com.tr\/index.php\/wp-json\/wp\/v2\/product_brand?post=781403"},{"taxonomy":"product_cat","embeddable":true,"href":"https:\/\/roveyayinevi.com.tr\/index.php\/wp-json\/wp\/v2\/product_cat?post=781403"},{"taxonomy":"product_tag","embeddable":true,"href":"https:\/\/roveyayinevi.com.tr\/index.php\/wp-json\/wp\/v2\/product_tag?post=781403"}],"curies":[{"name":"wp","href":"https:\/\/api.w.org\/{rel}","templated":true}]}}