{"id":781397,"date":"2026-01-22T03:59:55","date_gmt":"2026-01-22T00:59:55","guid":{"rendered":"https:\/\/roveyayinevi.com.tr\/index.php\/urun\/the-anatomy-of-the-earthquakes-of-february-6-2023-sivama-cilt\/"},"modified":"2026-04-15T03:46:03","modified_gmt":"2026-04-15T00:46:03","slug":"the-anatomy-of-the-earthquakes-of-february-6-2023-sivama-cilt","status":"publish","type":"product","link":"https:\/\/roveyayinevi.com.tr\/index.php\/urun\/the-anatomy-of-the-earthquakes-of-february-6-2023-sivama-cilt\/","title":{"rendered":"The anatomy of the earthquakes of february 6, 2023 (S\u0131vama Cilt)"},"content":{"rendered":"<p>The primary goal of this study, titled \u201cThe Anatomy of the Earthquakes of February 6, 2023\u201d is to analyze the impacts and implications of the earthquake in broad terms and to highlight the significance of preparedness and effective response strategies for such disasters. It is specificall designed for decision-makers, planners, researchers, and the general population, especially in areas related to risk reduction, disaster response, and recovery. While discussing the effects and consequences of the earthquake, the book aims to raise awareness by showcasing the efforts carried out by public institutions, the private sector, universities, and volunteer organizations in a timeline that spans over a year, beginning from the initial moment. This work, which details the country&#8217;s collective efforts\u2014recognized as one of the world&#8217;s largest recovery operations\u2014 ranging from the disaster of the century to the century\u2019s solidarity, serves as a key reference source. Its most notable feature is that it is based on primary data collected by the Disaster and Emergency Management Presidency.\u00d6zden, \u015e. (Ed.) (2025) The Anatomy of the Earthquakes of February 6, 2023, Ankara: T\u0130AV.<\/p>\n","protected":false},"excerpt":{"rendered":"<p>The primary goal of this study, titled \u201cThe Anatomy of the Earthquakes of February 6, 2023\u201d is to analyze the impacts and implications of the earthquake<span class=\"excerpt-hellip\"> [\u2026]<\/span><\/p>\n","protected":false},"featured_media":0,"template":"","meta":{"_monsterinsights_skip_tracking":false,"_monsterinsights_sitenote_active":false,"_monsterinsights_sitenote_note":"","_monsterinsights_sitenote_category":0},"product_brand":[],"product_cat":[12472],"product_tag":[],"class_list":{"0":"post-781397","1":"product","2":"type-product","3":"status-publish","5":"product_cat-yabanci-dilde-kitaplar","6":"pa_cilt-ciltli","7":"pa_tur-kitap","8":"pa_yayinevi-tiav","9":"pa_yazar-kolektif","11":"first","12":"instock","13":"sale","14":"shipping-taxable","15":"purchasable","16":"product-type-simple"},"_links":{"self":[{"href":"https:\/\/roveyayinevi.com.tr\/index.php\/wp-json\/wp\/v2\/product\/781397","targetHints":{"allow":["GET"]}}],"collection":[{"href":"https:\/\/roveyayinevi.com.tr\/index.php\/wp-json\/wp\/v2\/product"}],"about":[{"href":"https:\/\/roveyayinevi.com.tr\/index.php\/wp-json\/wp\/v2\/types\/product"}],"wp:attachment":[{"href":"https:\/\/roveyayinevi.com.tr\/index.php\/wp-json\/wp\/v2\/media?parent=781397"}],"wp:term":[{"taxonomy":"product_brand","embeddable":true,"href":"https:\/\/roveyayinevi.com.tr\/index.php\/wp-json\/wp\/v2\/product_brand?post=781397"},{"taxonomy":"product_cat","embeddable":true,"href":"https:\/\/roveyayinevi.com.tr\/index.php\/wp-json\/wp\/v2\/product_cat?post=781397"},{"taxonomy":"product_tag","embeddable":true,"href":"https:\/\/roveyayinevi.com.tr\/index.php\/wp-json\/wp\/v2\/product_tag?post=781397"}],"curies":[{"name":"wp","href":"https:\/\/api.w.org\/{rel}","templated":true}]}}