{"id":781396,"date":"2026-01-22T03:59:53","date_gmt":"2026-01-22T00:59:53","guid":{"rendered":"https:\/\/roveyayinevi.com.tr\/index.php\/urun\/kuran-psikolojisi\/"},"modified":"2026-04-15T03:46:02","modified_gmt":"2026-04-15T00:46:02","slug":"kuran-psikolojisi","status":"publish","type":"product","link":"https:\/\/roveyayinevi.com.tr\/index.php\/urun\/kuran-psikolojisi\/","title":{"rendered":"Kur&#8217;an Psikolojisi"},"content":{"rendered":"<p>\u201c\u00c7\u00fcnk\u00fc Kur\u2019an, inananlar i\u00e7in ancak bir \u015fifad\u0131r.\u201d (Fussilet, 44) F\u0131trat Pedagojisi kitab\u0131yla y\u00fcz binlerce annenin yoluna ayet \u00e7i\u00e7ekleri seren Hatice K\u00fcbra Tongar, bu defa Kur\u2019an-\u0131 Kerim\u2019in sayfalar\u0131na bir psikolog olarak bak\u0131yor. G\u00fcvenli ba\u011flanma, psikolojik rezilyans, \u00f6z de\u011fer in\u015fas\u0131,  duygusal reg\u00fclasyon, mindfulness ve di\u011fer psikolojik kavramlar, Kur\u2019an\u2019\u0131n insan psikolojisini ad\u0131m ad\u0131m in\u015fa eden yol haritas\u0131yla muhte\u015fem manalara b\u00fcr\u00fcn\u00fcyor. Bu kitap, Kur\u2019an\u2019daki k\u0131sa sureleri; ruhun da\u011f\u0131lm\u0131\u015f par\u00e7alar\u0131n\u0131 toplayan birer psikolojik \u015fifa re\u00e7etesi olarak ele al\u0131yor. Okuruna; kayg\u0131y\u0131 yat\u0131\u015ft\u0131ran, \u00f6fkeyi s\u0131n\u0131rland\u0131ran, de\u011fersizlik hissini onaran,  insan\u0131 istikamete yerle\u015ftiren bir i\u00e7 d\u00fczen haritas\u0131 sunuyor. Ruh sa\u011fl\u0131\u011f\u0131na iyi gelecek \u00f6neriler, k\u0131sa surelerin sat\u0131rlar\u0131ndan imbik imbik s\u00fcz\u00fcl\u00fcyor. \u201cKur\u2019an-\u0131 Kerim, bir psikoloji kitab\u0131 de\u011fildir.  Lakin her bir ayet, insana \u015fifa re\u00e7eteleri sunan derin psikolojik anlamlar i\u00e7erir. Zira Kur\u2019an, insan\u0131 katman katman yaratan ve onun t\u00fcm ruhsal yollar\u0131n\u0131 en ba\u015f\u0131ndan bilip anlatan Yarat\u0131c\u0131\u2019n\u0131n beyan\u0131d\u0131r.\u201d<\/p>\n","protected":false},"excerpt":{"rendered":"<p>\u201c\u00c7\u00fcnk\u00fc Kur\u2019an, inananlar i\u00e7in ancak bir \u015fifad\u0131r.\u201d (Fussilet, 44) F\u0131trat Pedagojisi kitab\u0131yla y\u00fcz binlerce annenin yoluna ayet \u00e7i\u00e7ekleri seren Hatice K\u00fcbra Tongar, bu defa Kur\u2019an-\u0131 Kerim\u2019in<span class=\"excerpt-hellip\"> [\u2026]<\/span><\/p>\n","protected":false},"featured_media":0,"template":"","meta":{"_monsterinsights_skip_tracking":false,"_monsterinsights_sitenote_active":false,"_monsterinsights_sitenote_note":"","_monsterinsights_sitenote_category":0},"product_brand":[],"product_cat":[12358,12357],"product_tag":[],"class_list":{"0":"post-781396","1":"product","2":"type-product","3":"status-publish","5":"product_cat-genel-psikoloji","6":"product_cat-psikoloji","7":"pa_cilt-ciltsiz","8":"pa_tur-kitap","9":"pa_yayinevi-aile-yayinlari","10":"pa_yazar-hatice-kubra-tongar","12":"first","13":"instock","14":"sale","15":"shipping-taxable","16":"purchasable","17":"product-type-simple"},"_links":{"self":[{"href":"https:\/\/roveyayinevi.com.tr\/index.php\/wp-json\/wp\/v2\/product\/781396","targetHints":{"allow":["GET"]}}],"collection":[{"href":"https:\/\/roveyayinevi.com.tr\/index.php\/wp-json\/wp\/v2\/product"}],"about":[{"href":"https:\/\/roveyayinevi.com.tr\/index.php\/wp-json\/wp\/v2\/types\/product"}],"wp:attachment":[{"href":"https:\/\/roveyayinevi.com.tr\/index.php\/wp-json\/wp\/v2\/media?parent=781396"}],"wp:term":[{"taxonomy":"product_brand","embeddable":true,"href":"https:\/\/roveyayinevi.com.tr\/index.php\/wp-json\/wp\/v2\/product_brand?post=781396"},{"taxonomy":"product_cat","embeddable":true,"href":"https:\/\/roveyayinevi.com.tr\/index.php\/wp-json\/wp\/v2\/product_cat?post=781396"},{"taxonomy":"product_tag","embeddable":true,"href":"https:\/\/roveyayinevi.com.tr\/index.php\/wp-json\/wp\/v2\/product_tag?post=781396"}],"curies":[{"name":"wp","href":"https:\/\/api.w.org\/{rel}","templated":true}]}}