{"id":781391,"date":"2026-01-22T03:59:40","date_gmt":"2026-01-22T00:59:40","guid":{"rendered":"https:\/\/roveyayinevi.com.tr\/index.php\/urun\/onlar\/"},"modified":"2026-04-15T03:45:59","modified_gmt":"2026-04-15T00:45:59","slug":"onlar","status":"publish","type":"product","link":"https:\/\/roveyayinevi.com.tr\/index.php\/urun\/onlar\/","title":{"rendered":"Onlar"},"content":{"rendered":"<p>&#8220;Se\u00e7im hakk\u0131m\u0131z yoksa hi\u00e7bir \u015feyimiz yoktur.&#8221;   Onlar kimi zaman evleri bas\u0131p kitaplar\u0131 ortadan kald\u0131r\u0131yor, kimi zaman sanat eserlerini yok ediyorlar. Bazen bek\u00e2rlar\u0131 avl\u0131yor, bazen de yas tutanlar\u0131 kulelere kapat\u0131p beyinlerini y\u0131k\u0131yorlar. Karanl\u0131kta sinsice dola\u015f\u0131p kendilerine direnenleri g\u00f6zetliyor, takip edip fi\u015fliyorlar. G\u00fcne\u015fli bir g\u00fcnde onlar\u0131n g\u00f6lgesinin d\u00fc\u015ft\u00fc\u011f\u00fc herkes ve her \u015fey i\u00e7in g\u00fcn bir anda karar\u0131yor, bir k\u00e2busa d\u00f6n\u00fc\u015f\u00fcyor.   1977\u2019de yay\u0131mland\u0131ktan k\u0131sa bir s\u00fcre sonra kay\u0131plara kar\u0131\u015fan ve k\u0131rk y\u0131l\u0131 a\u015fk\u0131n s\u00fcren, uzun bir sessizli\u011fin ard\u0131ndan yeniden ke\u015ffedilen Onlar, isimsiz ve cinsiyetsiz, cesur bir karakterin pe\u015finde, direnme g\u00fcc\u00fc ile otoriteye boyun e\u011fme aras\u0131ndaki \u00e7at\u0131\u015fmay\u0131 g\u00f6zler \u00f6n\u00fcne seriyor.     \u201cKay\u0131p bir distopik ba\u015fyap\u0131t.\u201d The Paris Review   \u201cT\u00fcyler \u00fcrpertici bir \u00f6ng\u00f6r\u00fc&#8230; Sinsi ve deh\u015fet verici!\u201d Margaret Atwood<\/p>\n","protected":false},"excerpt":{"rendered":"<p>&#8220;Se\u00e7im hakk\u0131m\u0131z yoksa hi\u00e7bir \u015feyimiz yoktur.&#8221; Onlar kimi zaman evleri bas\u0131p kitaplar\u0131 ortadan kald\u0131r\u0131yor, kimi zaman sanat eserlerini yok ediyorlar. Bazen bek\u00e2rlar\u0131 avl\u0131yor, bazen de yas<span class=\"excerpt-hellip\"> [\u2026]<\/span><\/p>\n","protected":false},"featured_media":0,"template":"","meta":{"_monsterinsights_skip_tracking":false,"_monsterinsights_sitenote_active":false,"_monsterinsights_sitenote_note":"","_monsterinsights_sitenote_category":0},"product_brand":[],"product_cat":[12540,12291],"product_tag":[],"class_list":{"0":"post-781391","1":"product","2":"type-product","3":"status-publish","5":"product_cat-bilim-kurgu","6":"product_cat-edebiyat","7":"pa_cilt-ciltsiz","8":"pa_tur-kitap","9":"pa_yayinevi-can-yayinlari","10":"pa_yazar-kay-dick","12":"first","13":"instock","14":"sale","15":"shipping-taxable","16":"purchasable","17":"product-type-simple"},"_links":{"self":[{"href":"https:\/\/roveyayinevi.com.tr\/index.php\/wp-json\/wp\/v2\/product\/781391","targetHints":{"allow":["GET"]}}],"collection":[{"href":"https:\/\/roveyayinevi.com.tr\/index.php\/wp-json\/wp\/v2\/product"}],"about":[{"href":"https:\/\/roveyayinevi.com.tr\/index.php\/wp-json\/wp\/v2\/types\/product"}],"wp:attachment":[{"href":"https:\/\/roveyayinevi.com.tr\/index.php\/wp-json\/wp\/v2\/media?parent=781391"}],"wp:term":[{"taxonomy":"product_brand","embeddable":true,"href":"https:\/\/roveyayinevi.com.tr\/index.php\/wp-json\/wp\/v2\/product_brand?post=781391"},{"taxonomy":"product_cat","embeddable":true,"href":"https:\/\/roveyayinevi.com.tr\/index.php\/wp-json\/wp\/v2\/product_cat?post=781391"},{"taxonomy":"product_tag","embeddable":true,"href":"https:\/\/roveyayinevi.com.tr\/index.php\/wp-json\/wp\/v2\/product_tag?post=781391"}],"curies":[{"name":"wp","href":"https:\/\/api.w.org\/{rel}","templated":true}]}}