{"id":781379,"date":"2026-01-22T03:59:09","date_gmt":"2026-01-22T00:59:09","guid":{"rendered":"https:\/\/roveyayinevi.com.tr\/index.php\/urun\/noromanya\/"},"modified":"2026-04-15T03:45:35","modified_gmt":"2026-04-15T00:45:35","slug":"noromanya","status":"publish","type":"product","link":"https:\/\/roveyayinevi.com.tr\/index.php\/urun\/noromanya\/","title":{"rendered":"N\u00f6romanya"},"content":{"rendered":"<p>G\u00fcn\u00fcm\u00fczde mutluluklar\u0131m\u0131z, duygular\u0131m\u0131z, ba\u011f\u0131ml\u0131l\u0131klar\u0131m\u0131z, korkular\u0131m\u0131z, inan\u00e7lar\u0131m\u0131z, ki\u015filiklerimiz, t\u00fcketim al\u0131\u015fkanl\u0131klar\u0131m\u0131z, ki\u015fisel olandan politik olana kadar her \u015fey beyne indirgeniyor, a\u00e7\u0131klamas\u0131 beyinde aran\u0131yor. \u00dcstelik beyinle ilgili bu bolca lak\u0131rt\u0131, bu n\u00f6romanya, n\u00f6robilimcilerin ger\u00e7ekte s\u00f6ylediklerini \u00e7arp\u0131tma ve yanl\u0131\u015f bilgiler yayma pahas\u0131na yap\u0131l\u0131yor\u2026   N\u00f6robilim doktoru ve klinik psikolog Albert Moukheiber, en son ara\u015ft\u0131rmalar\u0131 eri\u015filebilir hale getirerek ara\u015ft\u0131rmac\u0131lara yeniden s\u00f6z hakk\u0131 veriyor ve beyinle ilgili s\u00f6ylemlerde do\u011fruyu yanl\u0131\u015ftan ay\u0131rarak bilimin ger\u00e7ekte nerede durdu\u011funa dair g\u00fcncel bir genel bak\u0131\u015f sunuyor. Beyni, bireysel sorunlar\u0131n tek a\u00e7\u0131klamas\u0131 haline getirmenin tehlikelerini ortaya koyuyor ve yayg\u0131n mitleri bir bir \u00e7\u00fcr\u00fct\u00fcyor.   N\u00f6romanya, beyniniz hakk\u0131nda bildi\u011finizi sand\u0131\u011f\u0131n\u0131z \u015feyleri yeniden sorgulatacak bir kitap.   \u201c\u0130ster duygular\u0131m\u0131z\u0131, ister tepkilerimizi, ister ili\u015fkilerimizi a\u00e7\u0131klamak i\u00e7in olsun, g\u00fcn\u00fcm\u00fczde n\u00f6robilim her yerde kar\u015f\u0131m\u0131za \u00e7\u0131k\u0131yor. Sanki v\u00fccudumuzun orkestra \u015fefi olarak sunulan beyin, t\u00fcm davran\u0131\u015flar\u0131m\u0131z\u0131 a\u00e7\u0131klayabilirmi\u015f gibi. Oysa i\u015fler o kadar basit de\u011fil ve bu kitap da tam olarak bunu anlat\u0131yor.\u201d \u2014 France 5, Le mag de la sant\u00e9<\/p>\n","protected":false},"excerpt":{"rendered":"<p>G\u00fcn\u00fcm\u00fczde mutluluklar\u0131m\u0131z, duygular\u0131m\u0131z, ba\u011f\u0131ml\u0131l\u0131klar\u0131m\u0131z, korkular\u0131m\u0131z, inan\u00e7lar\u0131m\u0131z, ki\u015filiklerimiz, t\u00fcketim al\u0131\u015fkanl\u0131klar\u0131m\u0131z, ki\u015fisel olandan politik olana kadar her \u015fey beyne indirgeniyor, a\u00e7\u0131klamas\u0131 beyinde aran\u0131yor. \u00dcstelik beyinle ilgili bu bolca<span class=\"excerpt-hellip\"> [\u2026]<\/span><\/p>\n","protected":false},"featured_media":0,"template":"","meta":{"_monsterinsights_skip_tracking":false,"_monsterinsights_sitenote_active":false,"_monsterinsights_sitenote_note":"","_monsterinsights_sitenote_category":0},"product_brand":[],"product_cat":[12357],"product_tag":[],"class_list":{"0":"post-781379","1":"product","2":"type-product","3":"status-publish","5":"product_cat-psikoloji","6":"pa_cilt-ciltsiz","7":"pa_tur-kitap","8":"pa_yayinevi-irene-kitap","9":"pa_yazar-albert-moukheiber","11":"first","12":"instock","13":"sale","14":"shipping-taxable","15":"purchasable","16":"product-type-simple"},"_links":{"self":[{"href":"https:\/\/roveyayinevi.com.tr\/index.php\/wp-json\/wp\/v2\/product\/781379","targetHints":{"allow":["GET"]}}],"collection":[{"href":"https:\/\/roveyayinevi.com.tr\/index.php\/wp-json\/wp\/v2\/product"}],"about":[{"href":"https:\/\/roveyayinevi.com.tr\/index.php\/wp-json\/wp\/v2\/types\/product"}],"wp:attachment":[{"href":"https:\/\/roveyayinevi.com.tr\/index.php\/wp-json\/wp\/v2\/media?parent=781379"}],"wp:term":[{"taxonomy":"product_brand","embeddable":true,"href":"https:\/\/roveyayinevi.com.tr\/index.php\/wp-json\/wp\/v2\/product_brand?post=781379"},{"taxonomy":"product_cat","embeddable":true,"href":"https:\/\/roveyayinevi.com.tr\/index.php\/wp-json\/wp\/v2\/product_cat?post=781379"},{"taxonomy":"product_tag","embeddable":true,"href":"https:\/\/roveyayinevi.com.tr\/index.php\/wp-json\/wp\/v2\/product_tag?post=781379"}],"curies":[{"name":"wp","href":"https:\/\/api.w.org\/{rel}","templated":true}]}}