{"id":781374,"date":"2026-01-22T03:58:11","date_gmt":"2026-01-22T00:58:11","guid":{"rendered":"https:\/\/roveyayinevi.com.tr\/index.php\/urun\/namiko\/"},"modified":"2026-03-31T13:03:28","modified_gmt":"2026-03-31T10:03:28","slug":"namiko","status":"publish","type":"product","link":"https:\/\/roveyayinevi.com.tr\/index.php\/urun\/namiko\/","title":{"rendered":"Namiko"},"content":{"rendered":"<p>1899 y\u0131l\u0131nda yay\u0131mland\u0131\u011f\u0131nda Japonya&#8217;n\u0131n en \u00e7ok okunan roman\u0131 olan bu eser, a\u015fk ve sava\u015f, tutku ve entrikalarla \u00f6r\u00fcl\u00fc bir hayat hik\u00e2yesini anlat\u0131yor. Ger\u00e7ek bir ya\u015famdan ilham alan, Japonya\u2019y\u0131 derinden sarsan bir kad\u0131n\u0131n hik\u00e2yesi. Asil bir ailenin k\u0131z\u0131 Namiko, deniz subay\u0131 Takeo ile b\u00fcy\u00fck umutlarla evlenir. Ancak mutluluklar\u0131, hem hastal\u0131k hem de aile i\u00e7indeki karanl\u0131k hesaplarla g\u00f6lgelenir. A\u015fk, itaat ve toplum bask\u0131s\u0131 aras\u0131nda s\u0131k\u0131\u015fm\u0131\u015f gen\u00e7 bir kad\u0131n\u0131n sessiz ama sars\u0131c\u0131 m\u00fccadelesi\u2026 Ve sava\u015f\u0131n, ayr\u0131l\u0131\u011f\u0131n ve hastal\u0131\u011f\u0131n i\u00e7inden y\u00fckselen tek bir dilek: bir kez daha sevdi\u011fine kavu\u015fmak.<\/p>\n","protected":false},"excerpt":{"rendered":"<p>1899 y\u0131l\u0131nda yay\u0131mland\u0131\u011f\u0131nda Japonya&#8217;n\u0131n en \u00e7ok okunan roman\u0131 olan bu eser, a\u015fk ve sava\u015f, tutku ve entrikalarla \u00f6r\u00fcl\u00fc bir hayat hik\u00e2yesini anlat\u0131yor. Ger\u00e7ek bir ya\u015famdan ilham<span class=\"excerpt-hellip\"> [\u2026]<\/span><\/p>\n","protected":false},"featured_media":0,"template":"","meta":{"_monsterinsights_skip_tracking":false,"_monsterinsights_sitenote_active":false,"_monsterinsights_sitenote_note":"","_monsterinsights_sitenote_category":0},"product_brand":[],"product_cat":[12291,12711],"product_tag":[],"class_list":{"0":"post-781374","1":"product","2":"type-product","3":"status-publish","5":"product_cat-edebiyat","6":"product_cat-roman-oyku","7":"pa_cilt-ciltsiz","8":"pa_tur-kitap","9":"pa_yayinevi-japon-yayinlari","10":"pa_yazar-kenjiro-tokutomi","12":"first","13":"instock","14":"sale","15":"shipping-taxable","16":"purchasable","17":"product-type-simple"},"_links":{"self":[{"href":"https:\/\/roveyayinevi.com.tr\/index.php\/wp-json\/wp\/v2\/product\/781374","targetHints":{"allow":["GET"]}}],"collection":[{"href":"https:\/\/roveyayinevi.com.tr\/index.php\/wp-json\/wp\/v2\/product"}],"about":[{"href":"https:\/\/roveyayinevi.com.tr\/index.php\/wp-json\/wp\/v2\/types\/product"}],"wp:attachment":[{"href":"https:\/\/roveyayinevi.com.tr\/index.php\/wp-json\/wp\/v2\/media?parent=781374"}],"wp:term":[{"taxonomy":"product_brand","embeddable":true,"href":"https:\/\/roveyayinevi.com.tr\/index.php\/wp-json\/wp\/v2\/product_brand?post=781374"},{"taxonomy":"product_cat","embeddable":true,"href":"https:\/\/roveyayinevi.com.tr\/index.php\/wp-json\/wp\/v2\/product_cat?post=781374"},{"taxonomy":"product_tag","embeddable":true,"href":"https:\/\/roveyayinevi.com.tr\/index.php\/wp-json\/wp\/v2\/product_tag?post=781374"}],"curies":[{"name":"wp","href":"https:\/\/api.w.org\/{rel}","templated":true}]}}