{"id":781372,"date":"2026-01-22T03:58:02","date_gmt":"2026-01-22T00:58:02","guid":{"rendered":"https:\/\/roveyayinevi.com.tr\/index.php\/urun\/gece-kutuphanesinde-aksam-yemegi\/"},"modified":"2026-04-15T03:45:29","modified_gmt":"2026-04-15T00:45:29","slug":"gece-kutuphanesinde-aksam-yemegi","status":"publish","type":"product","link":"https:\/\/roveyayinevi.com.tr\/index.php\/urun\/gece-kutuphanesinde-aksam-yemegi\/","title":{"rendered":"Gece K\u00fct\u00fcphanesi\u2019nde Ak\u015fam Yeme\u011fi"},"content":{"rendered":"<p>Tohoku\u2019da bir kitabevinde \u00e7al\u0131\u015fan Higu\u00e7i Otoha yolunda gitmeyen i\u015fler y\u00fcz\u00fcnden istifa etmeyi d\u00fc\u015f\u00fcn\u00fcr ve sosyal medyadan Tokyo\u2019nun banliy\u00f6s\u00fcndeki Gece K\u00fct\u00fcphanesi\u2019ni bulur. Buras\u0131, s\u0131radan k\u00fct\u00fcphanelerden \u00e7ok farkl\u0131d\u0131r: Sadece ak\u015fam yediden gece on ikiye kadar a\u00e7\u0131kt\u0131r. \u00dcstelik i\u00e7erisi, yaln\u0131zca vefat eden yazarlar\u0131n kitap koleksiyonlar\u0131n\u0131n bir araya getirildi\u011fi bir kitap m\u00fczesi gibidir. Otoha, Gece K\u00fct\u00fcphanesi\u2019nde beklenmedik olaylarla kar\u015f\u0131la\u015f\u0131p burada \u00e7al\u0131\u015fma fikri \u00fczerine d\u00fc\u015f\u00fcnmeye ba\u015flar.<\/p>\n","protected":false},"excerpt":{"rendered":"<p>Tohoku\u2019da bir kitabevinde \u00e7al\u0131\u015fan Higu\u00e7i Otoha yolunda gitmeyen i\u015fler y\u00fcz\u00fcnden istifa etmeyi d\u00fc\u015f\u00fcn\u00fcr ve sosyal medyadan Tokyo\u2019nun banliy\u00f6s\u00fcndeki Gece K\u00fct\u00fcphanesi\u2019ni bulur. Buras\u0131, s\u0131radan k\u00fct\u00fcphanelerden \u00e7ok farkl\u0131d\u0131r:<span class=\"excerpt-hellip\"> [\u2026]<\/span><\/p>\n","protected":false},"featured_media":0,"template":"","meta":{"_monsterinsights_skip_tracking":false,"_monsterinsights_sitenote_active":false,"_monsterinsights_sitenote_note":"","_monsterinsights_sitenote_category":0},"product_brand":[],"product_cat":[12291,12711],"product_tag":[],"class_list":{"0":"post-781372","1":"product","2":"type-product","3":"status-publish","5":"product_cat-edebiyat","6":"product_cat-roman-oyku","7":"pa_cilt-ciltsiz","8":"pa_tur-kitap","9":"pa_yayinevi-tokyo-manga","10":"pa_yazar-hika-harada","12":"first","13":"instock","14":"sale","15":"shipping-taxable","16":"purchasable","17":"product-type-simple"},"_links":{"self":[{"href":"https:\/\/roveyayinevi.com.tr\/index.php\/wp-json\/wp\/v2\/product\/781372","targetHints":{"allow":["GET"]}}],"collection":[{"href":"https:\/\/roveyayinevi.com.tr\/index.php\/wp-json\/wp\/v2\/product"}],"about":[{"href":"https:\/\/roveyayinevi.com.tr\/index.php\/wp-json\/wp\/v2\/types\/product"}],"wp:attachment":[{"href":"https:\/\/roveyayinevi.com.tr\/index.php\/wp-json\/wp\/v2\/media?parent=781372"}],"wp:term":[{"taxonomy":"product_brand","embeddable":true,"href":"https:\/\/roveyayinevi.com.tr\/index.php\/wp-json\/wp\/v2\/product_brand?post=781372"},{"taxonomy":"product_cat","embeddable":true,"href":"https:\/\/roveyayinevi.com.tr\/index.php\/wp-json\/wp\/v2\/product_cat?post=781372"},{"taxonomy":"product_tag","embeddable":true,"href":"https:\/\/roveyayinevi.com.tr\/index.php\/wp-json\/wp\/v2\/product_tag?post=781372"}],"curies":[{"name":"wp","href":"https:\/\/api.w.org\/{rel}","templated":true}]}}