{"id":781369,"date":"2026-01-22T03:57:48","date_gmt":"2026-01-22T00:57:48","guid":{"rendered":"https:\/\/roveyayinevi.com.tr\/index.php\/urun\/genc-bir-doktorun-anilari-4\/"},"modified":"2026-04-15T03:45:19","modified_gmt":"2026-04-15T00:45:19","slug":"genc-bir-doktorun-anilari-4","status":"publish","type":"product","link":"https:\/\/roveyayinevi.com.tr\/index.php\/urun\/genc-bir-doktorun-anilari-4\/","title":{"rendered":"Gen\u00e7 Bir Doktorun An\u0131lar\u0131"},"content":{"rendered":"<p>\u201c&#8230; Hayat\u0131m ne kadar da zor. \u0130nsanlar \u015fu anda uyuyor, sobalar\u0131 yan\u0131yor, ben ise yine y\u0131kanamad\u0131m. Tipi beni yaprak gibi savurdu. \u015eimdi ne g\u00fczel evime gidiyorum ama sonra, yine beni bir yerlere g\u00f6t\u00fcrecekler. Bu y\u00fczden tipide savrulup duraca\u011f\u0131m. Yaln\u0131z\u0131m ve binlerce hastam var. Burada zat\u00fcrreye yakalanaca\u011f\u0131m ve yaln\u0131z ba\u015f\u0131ma \u00f6lece\u011fim. Bu y\u00fczden kendime ac\u0131yorum; bir karanl\u0131\u011fa d\u00fc\u015ft\u00fcm ama ne kadard\u0131r bunun i\u00e7indeyim, bilmiyorum\u2026\u201d T\u0131p fak\u00fcltesinden ba\u015far\u0131yla mezun olmu\u015f ama tecr\u00fcbesiz, gen\u00e7 bir doktor\u2026 Mesle\u011fini yaparken kar\u015f\u0131la\u015ft\u0131\u011f\u0131 onca g\u00fc\u00e7l\u00fc\u011f\u00fcn \u00fcstesinden gelebilmek i\u00e7in hep bir dayanak arar fakat o kadar yaln\u0131zd\u0131r ki arad\u0131\u011f\u0131n\u0131 ancak kitaplarda bulur. Bu arada etraf\u0131na kar\u015f\u0131 so\u011fukkanl\u0131 g\u00f6r\u00fcnmeli, dik durup cehalete kar\u015f\u0131 m\u00fccadele etmeli ve insanlara g\u00fcven a\u015f\u0131lamal\u0131d\u0131r.  Endi\u015fe, tedirginlik, korku, \u00e7aresizlik gibi hasletleri \u00e7ok ger\u00e7ek\u00e7i aktaran Bulgakov\u2019un, bir otobiyografiyi de and\u0131ran eseri, okuru s\u00fcr\u00fckleyicili\u011fi, sade ve samimi \u00fcslubuyla bir as\u0131r \u00f6ncesine g\u00f6t\u00fcr\u00fcr.<\/p>\n","protected":false},"excerpt":{"rendered":"<p>\u201c&#8230; Hayat\u0131m ne kadar da zor. \u0130nsanlar \u015fu anda uyuyor, sobalar\u0131 yan\u0131yor, ben ise yine y\u0131kanamad\u0131m. Tipi beni yaprak gibi savurdu. \u015eimdi ne g\u00fczel evime gidiyorum<span class=\"excerpt-hellip\"> [\u2026]<\/span><\/p>\n","protected":false},"featured_media":0,"template":"","meta":{"_monsterinsights_skip_tracking":false,"_monsterinsights_sitenote_active":false,"_monsterinsights_sitenote_note":"","_monsterinsights_sitenote_category":0},"product_brand":[],"product_cat":[12291,12711],"product_tag":[],"class_list":{"0":"post-781369","1":"product","2":"type-product","3":"status-publish","5":"product_cat-edebiyat","6":"product_cat-roman-oyku","7":"pa_cilt-ciltsiz","8":"pa_tur-kitap","9":"pa_yayinevi-dokuz-yayinlari","10":"pa_yazar-mihail-bulgakov","12":"first","13":"instock","14":"sale","15":"shipping-taxable","16":"purchasable","17":"product-type-simple"},"_links":{"self":[{"href":"https:\/\/roveyayinevi.com.tr\/index.php\/wp-json\/wp\/v2\/product\/781369","targetHints":{"allow":["GET"]}}],"collection":[{"href":"https:\/\/roveyayinevi.com.tr\/index.php\/wp-json\/wp\/v2\/product"}],"about":[{"href":"https:\/\/roveyayinevi.com.tr\/index.php\/wp-json\/wp\/v2\/types\/product"}],"wp:attachment":[{"href":"https:\/\/roveyayinevi.com.tr\/index.php\/wp-json\/wp\/v2\/media?parent=781369"}],"wp:term":[{"taxonomy":"product_brand","embeddable":true,"href":"https:\/\/roveyayinevi.com.tr\/index.php\/wp-json\/wp\/v2\/product_brand?post=781369"},{"taxonomy":"product_cat","embeddable":true,"href":"https:\/\/roveyayinevi.com.tr\/index.php\/wp-json\/wp\/v2\/product_cat?post=781369"},{"taxonomy":"product_tag","embeddable":true,"href":"https:\/\/roveyayinevi.com.tr\/index.php\/wp-json\/wp\/v2\/product_tag?post=781369"}],"curies":[{"name":"wp","href":"https:\/\/api.w.org\/{rel}","templated":true}]}}