{"id":781368,"date":"2026-01-22T03:57:45","date_gmt":"2026-01-22T00:57:45","guid":{"rendered":"https:\/\/roveyayinevi.com.tr\/index.php\/urun\/insan-nedir-10\/"},"modified":"2026-04-15T03:45:19","modified_gmt":"2026-04-15T00:45:19","slug":"insan-nedir-10","status":"publish","type":"product","link":"https:\/\/roveyayinevi.com.tr\/index.php\/urun\/insan-nedir-10\/","title":{"rendered":"\u0130nsan Nedir?"},"content":{"rendered":"<p>\u201c\u0130nsan, sevgi u\u011fruna hayat\u0131n\u0131 ve geriye kalan her \u015feyi heba eder. Ama sevdi\u011fi u\u011fruna de\u011fil, kendi u\u011fruna. Sevdi\u011fi mutlu oldu\u011funda kendisi de mutludur; i\u015fte bu da bilin\u00e7sizce pe\u015finde oldu\u011fu \u015feydir.\u201d \u0130nsan sevgiyi bile yaln\u0131zca kendisi i\u00e7in mi besler? Mutlulu\u011fu yaln\u0131zca kendisi i\u00e7in mi yakalamaya \u00e7al\u0131\u015f\u0131r? Ya da d\u00fc\u015f\u00fcncelerimiz, ger\u00e7ekten bize mi aittir?  Biri ya\u015fl\u0131 di\u011feri gen\u00e7 iki adam\u0131n sohbeti ile insan do\u011fas\u0131n\u0131 sorguluyor Mark Twain. Ya\u015fl\u0131 adam insan\u0131n bir makineden farks\u0131z oldu\u011funu iddia ederken, gen\u00e7 adam bu denli \u201cotomatik\u201d olu\u015funa ikna olam\u0131yor.  \u201c\u0130nsan Nedir?\u201d, kendinizi sorgulayaca\u011f\u0131n\u0131z, yer yer yad\u0131rgayaca\u011f\u0131n\u0131z ve ger\u00e7e\u011fi ay\u0131rt etmekte zorlanaca\u011f\u0131n\u0131z benzersiz bir okuma yolculu\u011fu sunuyor.<\/p>\n","protected":false},"excerpt":{"rendered":"<p>\u201c\u0130nsan, sevgi u\u011fruna hayat\u0131n\u0131 ve geriye kalan her \u015feyi heba eder. Ama sevdi\u011fi u\u011fruna de\u011fil, kendi u\u011fruna. Sevdi\u011fi mutlu oldu\u011funda kendisi de mutludur; i\u015fte bu da<span class=\"excerpt-hellip\"> [\u2026]<\/span><\/p>\n","protected":false},"featured_media":0,"template":"","meta":{"_monsterinsights_skip_tracking":false,"_monsterinsights_sitenote_active":false,"_monsterinsights_sitenote_note":"","_monsterinsights_sitenote_category":0},"product_brand":[],"product_cat":[12777,12291],"product_tag":[],"class_list":{"0":"post-781368","1":"product","2":"type-product","3":"status-publish","5":"product_cat-deneme","6":"product_cat-edebiyat","7":"pa_cilt-ciltsiz","8":"pa_tur-kitap","9":"pa_yayinevi-dokuz-yayinlari","10":"pa_yazar-mark-twain","12":"first","13":"instock","14":"sale","15":"shipping-taxable","16":"purchasable","17":"product-type-simple"},"_links":{"self":[{"href":"https:\/\/roveyayinevi.com.tr\/index.php\/wp-json\/wp\/v2\/product\/781368","targetHints":{"allow":["GET"]}}],"collection":[{"href":"https:\/\/roveyayinevi.com.tr\/index.php\/wp-json\/wp\/v2\/product"}],"about":[{"href":"https:\/\/roveyayinevi.com.tr\/index.php\/wp-json\/wp\/v2\/types\/product"}],"wp:attachment":[{"href":"https:\/\/roveyayinevi.com.tr\/index.php\/wp-json\/wp\/v2\/media?parent=781368"}],"wp:term":[{"taxonomy":"product_brand","embeddable":true,"href":"https:\/\/roveyayinevi.com.tr\/index.php\/wp-json\/wp\/v2\/product_brand?post=781368"},{"taxonomy":"product_cat","embeddable":true,"href":"https:\/\/roveyayinevi.com.tr\/index.php\/wp-json\/wp\/v2\/product_cat?post=781368"},{"taxonomy":"product_tag","embeddable":true,"href":"https:\/\/roveyayinevi.com.tr\/index.php\/wp-json\/wp\/v2\/product_tag?post=781368"}],"curies":[{"name":"wp","href":"https:\/\/api.w.org\/{rel}","templated":true}]}}