{"id":781365,"date":"2026-01-22T03:56:44","date_gmt":"2026-01-22T00:56:44","guid":{"rendered":"https:\/\/roveyayinevi.com.tr\/index.php\/urun\/kulden-reverans-ciltli\/"},"modified":"2026-04-15T03:44:20","modified_gmt":"2026-04-15T00:44:20","slug":"kulden-reverans-ciltli","status":"publish","type":"product","link":"https:\/\/roveyayinevi.com.tr\/index.php\/urun\/kulden-reverans-ciltli\/","title":{"rendered":"K\u00fclden Reverans &#8211; Ciltli"},"content":{"rendered":"<p>\u201cSahneye b\u0131rakt\u0131\u011f\u0131m \u015fey yaln\u0131zca dans de\u011fildi. Bana g\u00fc\u00e7 veren her an\u0131, her ac\u0131 ve her sevgiyi son reverans\u0131m\u0131n i\u00e7ine kat\u0131p onlara arma\u011fan etmi\u015ftim.\u201d   G\u00fcz, arkada\u015flar\u0131n\u0131n yurtd\u0131\u015f\u0131na ta\u015f\u0131nmas\u0131yla kendini beklenmedik bir sessizli\u011fin ortas\u0131nda bulur. G\u00fcnlerini kitaplar\u0131na ve baleye adayarak ge\u00e7irir ama bu kez ikisi de yaln\u0131zl\u0131\u011f\u0131n\u0131 bast\u0131rmaya yetmez.   Bir g\u00fcn bu monotonlu\u011funu k\u0131rmak i\u00e7in kafede \u00e7al\u0131\u015fmaya ba\u015flar. Sadece vakit ge\u00e7irmek i\u00e7in girdi\u011fi o kap\u0131, hayat\u0131n\u0131n y\u00f6n\u00fcn\u00fc de\u011fi\u015ftirir. Yeni i\u015finde yollar\u0131 umursamaz ve fl\u00f6rt\u00f6z Akay\u2019la kesi\u015fir. G\u00fcz hep kitaplarda ya\u015fanan o b\u00fcy\u00fck a\u015fklar\u0131n pe\u015findedir ve sayfalarda buldu\u011fu duygular\u0131 ger\u00e7ekte kimsede bulamam\u0131\u015ft\u0131r. Ancak kahveler, kitaplar ve k\u0131sa bak\u0131\u015fmalarla ba\u015flayan bu tan\u0131\u015f\u0131kl\u0131k zamanla G\u00fcz\u2019\u00fcn d\u00fcnyas\u0131nda fark ettirmeden yer etmeye ba\u015flar. G\u00fcz, bir yandan dans etmeye, sahnede kendini kan\u0131tlamaya devam ederken bir yandan da kalbinde yeni bir ritim duymaya ba\u015flar. Yeni i\u015fine uyum sa\u011flayabilecek midir? Akay\u2019\u0131n duygular\u0131na kar\u015f\u0131l\u0131k verebilecek midir?   Ve en \u00f6nemlisi, kariyerine devam ederken yaln\u0131zl\u0131\u011f\u0131na \u00e7are bulabilecek midir? <\/p>\n","protected":false},"excerpt":{"rendered":"<p>\u201cSahneye b\u0131rakt\u0131\u011f\u0131m \u015fey yaln\u0131zca dans de\u011fildi. Bana g\u00fc\u00e7 veren her an\u0131, her ac\u0131 ve her sevgiyi son reverans\u0131m\u0131n i\u00e7ine kat\u0131p onlara arma\u011fan etmi\u015ftim.\u201d G\u00fcz, arkada\u015flar\u0131n\u0131n yurtd\u0131\u015f\u0131na<span class=\"excerpt-hellip\"> [\u2026]<\/span><\/p>\n","protected":false},"featured_media":0,"template":"","meta":{"_monsterinsights_skip_tracking":false,"_monsterinsights_sitenote_active":false,"_monsterinsights_sitenote_note":"","_monsterinsights_sitenote_category":0},"product_brand":[],"product_cat":[12291,12711],"product_tag":[],"class_list":{"0":"post-781365","1":"product","2":"type-product","3":"status-publish","5":"product_cat-edebiyat","6":"product_cat-roman-oyku","7":"pa_cilt-ciltli","8":"pa_tur-kitap","9":"pa_yayinevi-indigo-kitap","10":"pa_yazar-adora-yagmur","12":"first","13":"instock","14":"sale","15":"shipping-taxable","16":"purchasable","17":"product-type-simple"},"_links":{"self":[{"href":"https:\/\/roveyayinevi.com.tr\/index.php\/wp-json\/wp\/v2\/product\/781365","targetHints":{"allow":["GET"]}}],"collection":[{"href":"https:\/\/roveyayinevi.com.tr\/index.php\/wp-json\/wp\/v2\/product"}],"about":[{"href":"https:\/\/roveyayinevi.com.tr\/index.php\/wp-json\/wp\/v2\/types\/product"}],"wp:attachment":[{"href":"https:\/\/roveyayinevi.com.tr\/index.php\/wp-json\/wp\/v2\/media?parent=781365"}],"wp:term":[{"taxonomy":"product_brand","embeddable":true,"href":"https:\/\/roveyayinevi.com.tr\/index.php\/wp-json\/wp\/v2\/product_brand?post=781365"},{"taxonomy":"product_cat","embeddable":true,"href":"https:\/\/roveyayinevi.com.tr\/index.php\/wp-json\/wp\/v2\/product_cat?post=781365"},{"taxonomy":"product_tag","embeddable":true,"href":"https:\/\/roveyayinevi.com.tr\/index.php\/wp-json\/wp\/v2\/product_tag?post=781365"}],"curies":[{"name":"wp","href":"https:\/\/api.w.org\/{rel}","templated":true}]}}