{"id":781361,"date":"2026-01-22T03:55:38","date_gmt":"2026-01-22T00:55:38","guid":{"rendered":"https:\/\/roveyayinevi.com.tr\/index.php\/urun\/anlasilmak\/"},"modified":"2026-04-15T03:43:38","modified_gmt":"2026-04-15T00:43:38","slug":"anlasilmak","status":"publish","type":"product","link":"https:\/\/roveyayinevi.com.tr\/index.php\/urun\/anlasilmak\/","title":{"rendered":"Anla\u015f\u0131lmak"},"content":{"rendered":"<p>\u00c7\u00fcnk\u00fc her kalp, duyulmak ister.Herkesin hayat\u0131 farkl\u0131d\u0131r. Kimimiz \u00e7ocuklu\u011fumuzun g\u00fczel izlerini ta\u015f\u0131r\u0131z, kimimiz travmalar\u0131n\u0131; kimimiz gen\u00e7li\u011fimizin cesaretini, kimimiz hayal k\u0131r\u0131kl\u0131klar\u0131n\u0131\u2026 Kimimizin s\u0131rt\u0131nda y\u0131llard\u0131r suskun ac\u0131lar, kimimizin de kalbinde kimseye anlat\u0131lamam\u0131\u015f k\u0131rg\u0131nl\u0131klar vard\u0131r. D\u0131\u015far\u0131dan bak\u0131nca herkes birbirinden farks\u0131z g\u00f6r\u00fcn\u00fcr ama kap\u0131lar kapan\u0131p d\u00f6rt duvar\u0131n aras\u0131na girildi\u011finde her insan kendi ger\u00e7e\u011fiyle ba\u015f ba\u015fa kal\u0131r. Ya\u015fad\u0131klar\u0131m\u0131z\u0131 k\u00fc\u00e7\u00fckbir fanusa s\u0131\u011fd\u0131rmak m\u00fcmk\u00fcn de\u011fildir. Hayat ezbere bilgilerle de\u011fil, fark\u0131ndal\u0131kla, y\u00fczle\u015fmeyle ve i\u00e7sel yolculuklarla de\u011fi\u015fir. Ama bazen insan\u0131n kendi yaras\u0131n\u0131 ve ac\u0131s\u0131n\u0131 g\u00f6r\u00fcp iyile\u015ftirmesi kolay olmaz. \u0130\u015fte tam da o anlarda bir \u0131\u015f\u0131\u011fa, yol g\u00f6stericiye, ayd\u0131nlanmaya ihtiya\u00e7 duyar\u0131z. Bunun i\u00e7in de \u00f6nce kendi de\u011ferimizin fark\u0131na varmam\u0131z gerekir. \u0130nsan k\u0131ymetlidir ve o k\u0131ymeti siz kendi elinizle kendinize vermelisiniz.Bu kitap, kendinizi \u00f6nce kendinizde bulman\u0131z i\u00e7in yaz\u0131ld\u0131. \u015eimdi tebess\u00fcm edin. Belki de arad\u0131\u011f\u0131n\u0131z b\u00fct\u00fcn cevaplar y\u0131llard\u0131r i\u00e7inizde sessizce sizi bekliyor,sessizce anla\u015f\u0131lmay\u0131 bekliyor\u2026<\/p>\n","protected":false},"excerpt":{"rendered":"<p>\u00c7\u00fcnk\u00fc her kalp, duyulmak ister.Herkesin hayat\u0131 farkl\u0131d\u0131r. Kimimiz \u00e7ocuklu\u011fumuzun g\u00fczel izlerini ta\u015f\u0131r\u0131z, kimimiz travmalar\u0131n\u0131; kimimiz gen\u00e7li\u011fimizin cesaretini, kimimiz hayal k\u0131r\u0131kl\u0131klar\u0131n\u0131\u2026 Kimimizin s\u0131rt\u0131nda y\u0131llard\u0131r suskun ac\u0131lar, kimimizin<span class=\"excerpt-hellip\"> [\u2026]<\/span><\/p>\n","protected":false},"featured_media":0,"template":"","meta":{"_monsterinsights_skip_tracking":false,"_monsterinsights_sitenote_active":false,"_monsterinsights_sitenote_note":"","_monsterinsights_sitenote_category":0},"product_brand":[],"product_cat":[12364,12376],"product_tag":[],"class_list":{"0":"post-781361","1":"product","2":"type-product","3":"status-publish","5":"product_cat-genel-konular","6":"product_cat-kisisel-gelisim","7":"pa_cilt-ciltsiz","8":"pa_tur-kitap","9":"pa_yayinevi-indigo-kitap","10":"pa_yazar-necati-demirci","12":"first","13":"instock","14":"sale","15":"shipping-taxable","16":"purchasable","17":"product-type-simple"},"_links":{"self":[{"href":"https:\/\/roveyayinevi.com.tr\/index.php\/wp-json\/wp\/v2\/product\/781361","targetHints":{"allow":["GET"]}}],"collection":[{"href":"https:\/\/roveyayinevi.com.tr\/index.php\/wp-json\/wp\/v2\/product"}],"about":[{"href":"https:\/\/roveyayinevi.com.tr\/index.php\/wp-json\/wp\/v2\/types\/product"}],"wp:attachment":[{"href":"https:\/\/roveyayinevi.com.tr\/index.php\/wp-json\/wp\/v2\/media?parent=781361"}],"wp:term":[{"taxonomy":"product_brand","embeddable":true,"href":"https:\/\/roveyayinevi.com.tr\/index.php\/wp-json\/wp\/v2\/product_brand?post=781361"},{"taxonomy":"product_cat","embeddable":true,"href":"https:\/\/roveyayinevi.com.tr\/index.php\/wp-json\/wp\/v2\/product_cat?post=781361"},{"taxonomy":"product_tag","embeddable":true,"href":"https:\/\/roveyayinevi.com.tr\/index.php\/wp-json\/wp\/v2\/product_tag?post=781361"}],"curies":[{"name":"wp","href":"https:\/\/api.w.org\/{rel}","templated":true}]}}