{"id":781360,"date":"2026-01-22T03:55:30","date_gmt":"2026-01-22T00:55:30","guid":{"rendered":"https:\/\/roveyayinevi.com.tr\/index.php\/urun\/maturidi-akilciligi\/"},"modified":"2026-04-15T03:43:15","modified_gmt":"2026-04-15T00:43:15","slug":"maturidi-akilciligi","status":"publish","type":"product","link":"https:\/\/roveyayinevi.com.tr\/index.php\/urun\/maturidi-akilciligi\/","title":{"rendered":"Maturidi Ak\u0131lc\u0131l\u0131\u011f\u0131"},"content":{"rendered":"<p>M\u00e2t\u00fcr\u00eed\u00ee&#8217;nin kurdu\u011fu sistemin kilit kavram\u0131n\u0131n ak\u0131l oldu\u011fu, daha ilk ba\u015ftan kendisini hissettirmektedir. M\u00fcellif sistemini ak\u0131l \u00fczerine kurdu\u011fundan pek \u00e7ok kavram\u0131 ak\u0131lla ili\u015fkilendirmi\u015f ve olaylar\u0131 ak\u0131l a\u00e7\u0131s\u0131ndan de\u011ferlendirmeye tabi tutmu\u015ftur. Tabii ki bundan kast\u0131m\u0131z M\u00e2t\u00fcr\u00eed\u00ee&#8217;nin ak\u0131ldan ba\u015fka bir bilgi kayna\u011f\u0131n\u0131 kabul etmedi\u011fi de\u011fildir. M\u00e2t\u00fcr\u00eed\u00ee, duyu ve haber bilgisine de b\u00fcy\u00fck \u00f6nem vermektedir. Ancak M\u00e2t\u00fcr\u00eed\u00ee, onlardan gelen verinin kontrol g\u00f6revini akla y\u00fcklemesi y\u00f6n\u00fcyle S\u00fcnn\u00ee Kel\u00e2m i\u00e7erisinde ayr\u0131 bir konum ve de\u011fere sahiptir. \u00d6zellikle ya\u015fad\u0131\u011f\u0131 d\u00f6nemde akla a\u015f\u0131r\u0131 g\u00fcvenmekle itham edilen Mu&#8217;tezi ekol\u00fc ile akl\u0131 dinde devre d\u0131\u015f\u0131 b\u0131rak\u0131p nakli esas alan Ash\u00e2b-\u0131 hadis aras\u0131nda bir denge unsuru olmas\u0131, onun ak\u0131lc\u0131l\u0131\u011f\u0131n\u0131 etrafl\u0131ca incelemeyi cazip hale getirmektedir.<\/p>\n","protected":false},"excerpt":{"rendered":"<p>M\u00e2t\u00fcr\u00eed\u00ee&#8217;nin kurdu\u011fu sistemin kilit kavram\u0131n\u0131n ak\u0131l oldu\u011fu, daha ilk ba\u015ftan kendisini hissettirmektedir. M\u00fcellif sistemini ak\u0131l \u00fczerine kurdu\u011fundan pek \u00e7ok kavram\u0131 ak\u0131lla ili\u015fkilendirmi\u015f ve olaylar\u0131 ak\u0131l a\u00e7\u0131s\u0131ndan<span class=\"excerpt-hellip\"> [\u2026]<\/span><\/p>\n","protected":false},"featured_media":0,"template":"","meta":{"_monsterinsights_skip_tracking":false,"_monsterinsights_sitenote_active":false,"_monsterinsights_sitenote_note":"","_monsterinsights_sitenote_category":0},"product_brand":[],"product_cat":[12718,12719],"product_tag":[],"class_list":{"0":"post-781360","1":"product","2":"type-product","3":"status-publish","5":"product_cat-din","6":"product_cat-islam","7":"pa_cilt-ciltsiz","8":"pa_tur-kitap","9":"pa_yayinevi-berikan-yayinlari","10":"pa_yazar-kolektif","12":"first","13":"instock","14":"sale","15":"shipping-taxable","16":"purchasable","17":"product-type-simple"},"_links":{"self":[{"href":"https:\/\/roveyayinevi.com.tr\/index.php\/wp-json\/wp\/v2\/product\/781360","targetHints":{"allow":["GET"]}}],"collection":[{"href":"https:\/\/roveyayinevi.com.tr\/index.php\/wp-json\/wp\/v2\/product"}],"about":[{"href":"https:\/\/roveyayinevi.com.tr\/index.php\/wp-json\/wp\/v2\/types\/product"}],"wp:attachment":[{"href":"https:\/\/roveyayinevi.com.tr\/index.php\/wp-json\/wp\/v2\/media?parent=781360"}],"wp:term":[{"taxonomy":"product_brand","embeddable":true,"href":"https:\/\/roveyayinevi.com.tr\/index.php\/wp-json\/wp\/v2\/product_brand?post=781360"},{"taxonomy":"product_cat","embeddable":true,"href":"https:\/\/roveyayinevi.com.tr\/index.php\/wp-json\/wp\/v2\/product_cat?post=781360"},{"taxonomy":"product_tag","embeddable":true,"href":"https:\/\/roveyayinevi.com.tr\/index.php\/wp-json\/wp\/v2\/product_tag?post=781360"}],"curies":[{"name":"wp","href":"https:\/\/api.w.org\/{rel}","templated":true}]}}