{"id":781349,"date":"2026-01-22T03:16:42","date_gmt":"2026-01-22T00:16:42","guid":{"rendered":"https:\/\/roveyayinevi.com.tr\/index.php\/urun\/cocuklar-icin-eglenceli-dunya-tarihi\/"},"modified":"2026-04-16T02:53:22","modified_gmt":"2026-04-15T23:53:22","slug":"cocuklar-icin-eglenceli-dunya-tarihi","status":"publish","type":"product","link":"https:\/\/roveyayinevi.com.tr\/index.php\/urun\/cocuklar-icin-eglenceli-dunya-tarihi\/","title":{"rendered":"\u00c7ocuklar \u0130\u00e7in E\u011flenceli D\u00fcnya Tarihi"},"content":{"rendered":"<p>Tarihte heyecan verici bir gezintiye \u00e7\u0131kmak i\u00e7in kemerleri ba\u011flay\u0131n! Okumak \u00fczere oldu\u011funuz \u015feylerin bir k\u0131sm\u0131na inanamayacaks\u0131n\u0131z. Bizler bazen tarihin \u00f6nemli olaylar ve bir zaman listesinden ibaret olmad\u0131\u011f\u0131n\u0131 unutuyoruz. Halbuki tarih; ak\u0131l almaz hik\u00e2yeler, ilgin\u00e7 insanlar ve harika ger\u00e7eklerle dolu. \u015eimdi onun tarih kitaplar\u0131n\u0131zda yer almayan yanlar\u0131n\u0131 ke\u015ffetmek \u00fczeresiniz. Elbette okulda Portekizli k\u00e2\u015fif Ferdinand Macellan hakk\u0131nda bir \u015feyler \u00f6\u011frenmi\u015fsinizdir. Peki ya onun ve tayfas\u0131n\u0131n d\u00fcnya turlar\u0131 s\u0131ras\u0131nda yemekleri t\u00fckenince fare ve tala\u015f yemek zorunda kald\u0131klar\u0131ndan haberiniz var m\u0131yd\u0131?Zaman\u0131n i\u00e7inde bir yolculu\u011fa \u00e7\u0131kmaya haz\u0131r m\u0131s\u0131n\u0131z? Her bir b\u00f6l\u00fcmde yepyeni ve heyecan verici bir macera sizleri bekliyor olacak. Binlerce y\u0131l \u00f6ncesine gidecek, d\u00fcnyay\u0131 gezip dola\u015facak ve yolda pek \u00e7ok muhte\u015fem insanla kar\u015f\u0131la\u015facaks\u0131n\u0131z. Maceran\u0131n tad\u0131n\u0131 \u00e7\u0131kar\u0131n! <\/p>\n","protected":false},"excerpt":{"rendered":"<p>Tarihte heyecan verici bir gezintiye \u00e7\u0131kmak i\u00e7in kemerleri ba\u011flay\u0131n! Okumak \u00fczere oldu\u011funuz \u015feylerin bir k\u0131sm\u0131na inanamayacaks\u0131n\u0131z. Bizler bazen tarihin \u00f6nemli olaylar ve bir zaman listesinden ibaret<span class=\"excerpt-hellip\"> [\u2026]<\/span><\/p>\n","protected":false},"featured_media":0,"template":"","meta":{"_monsterinsights_skip_tracking":false,"_monsterinsights_sitenote_active":false,"_monsterinsights_sitenote_note":"","_monsterinsights_sitenote_category":0},"product_brand":[],"product_cat":[12274,15842],"product_tag":[],"class_list":{"0":"post-781349","1":"product","2":"type-product","3":"status-publish","5":"product_cat-cocuk-ve-genclik-kitaplari","6":"product_cat-egitici-kitaplar","7":"pa_cilt-ciltsiz","8":"pa_tur-kitap","9":"pa_yayinevi-yakamoz-yayinevi","10":"pa_yazar-brooke-khan","12":"first","13":"instock","14":"sale","15":"shipping-taxable","16":"purchasable","17":"product-type-simple"},"_links":{"self":[{"href":"https:\/\/roveyayinevi.com.tr\/index.php\/wp-json\/wp\/v2\/product\/781349","targetHints":{"allow":["GET"]}}],"collection":[{"href":"https:\/\/roveyayinevi.com.tr\/index.php\/wp-json\/wp\/v2\/product"}],"about":[{"href":"https:\/\/roveyayinevi.com.tr\/index.php\/wp-json\/wp\/v2\/types\/product"}],"wp:attachment":[{"href":"https:\/\/roveyayinevi.com.tr\/index.php\/wp-json\/wp\/v2\/media?parent=781349"}],"wp:term":[{"taxonomy":"product_brand","embeddable":true,"href":"https:\/\/roveyayinevi.com.tr\/index.php\/wp-json\/wp\/v2\/product_brand?post=781349"},{"taxonomy":"product_cat","embeddable":true,"href":"https:\/\/roveyayinevi.com.tr\/index.php\/wp-json\/wp\/v2\/product_cat?post=781349"},{"taxonomy":"product_tag","embeddable":true,"href":"https:\/\/roveyayinevi.com.tr\/index.php\/wp-json\/wp\/v2\/product_tag?post=781349"}],"curies":[{"name":"wp","href":"https:\/\/api.w.org\/{rel}","templated":true}]}}