{"id":781348,"date":"2026-01-22T02:54:44","date_gmt":"2026-01-21T23:54:44","guid":{"rendered":"https:\/\/roveyayinevi.com.tr\/index.php\/urun\/doktor-faustus\/"},"modified":"2026-04-11T13:50:09","modified_gmt":"2026-04-11T10:50:09","slug":"doktor-faustus","status":"publish","type":"product","link":"https:\/\/roveyayinevi.com.tr\/index.php\/urun\/doktor-faustus\/","title":{"rendered":"Doktor Faustus"},"content":{"rendered":"<p>limizdeki verili d\u00fc\u015f\u00fcnce sistemine g\u00f6re barbarl\u0131k, k\u00fclt\u00fcr\u00fcn kar\u015f\u0131t\u0131 olabilir; ama bu d\u00fc\u015f\u00fcnce sisteminin d\u0131\u015f\u0131nda, k\u00fclt\u00fcr\u00fcn kar\u015f\u0131t\u0131, ba\u015fka bir \u015fey de olabilir ya da hi\u00e7 kar\u015f\u0131t\u0131 olmayabilir. Thomas Mann, son eseri olarak tasarlad\u0131\u011f\u0131 Doktor Faustus\u2019ta bizi ma\u011frur bir sanat\u00e7\u0131n\u0131n, besteci Adrian Leverk\u00fchn\u2019\u00fcn gerilimli d\u00fcnyas\u0131nda dola\u015ft\u0131r\u0131yor. Ruhu, yaratma arzusuyla dolup ta\u015fsa da, ak\u0131lc\u0131 ve duygusall\u0131ktan uzak mizac\u0131n\u0131 dizginleyemeyen Leverk\u00fchn\u2019\u00fcn gerilimi, yaratma g\u00fcc\u00fcn\u00fcn \u00f6n\u00fcndeki en b\u00fcy\u00fck engeldir. \u015eeytan, Leverk\u00fchn\u2019\u00fc bu zay\u0131f noktas\u0131ndan yakalar: Yarat\u0131c\u0131 zihnin d\u0131\u015favurumu olmaks\u0131z\u0131n anlams\u0131z kalmaya mahk\u00fbm bir varolu\u015ftan kurtulman\u0131n bedelini, sanat\u00e7\u0131y\u0131 z\u00fchrevi bir hastal\u0131\u011f\u0131n pen\u00e7esine d\u00fc\u015f\u00fcrerek \u00f6detir. Ancak k\u00f6t\u00fcl\u00fc\u011f\u00fcn sa\u011flayabilece\u011fi bir deha, bir yarat\u0131c\u0131l\u0131kt\u0131r bu ve Thomas Mann\u2019\u0131n esteti\u011finde halklar\u0131n fa\u015fizmle zehirlenmesini temsil eder.D\u00fcnya edebiyat\u0131n\u0131n k\u00fcltleri aras\u0131nda tart\u0131\u015fmas\u0131z bir yeri bulunan Mann\u2019\u0131n bu son b\u00fcy\u00fck eseri, Faust mitiyle ba\u011flant\u0131l\u0131 bir sanat\u00e7\u0131 roman\u0131, bir \u00e7a\u011f ya da toplum roman\u0131, m\u00fczi\u011fi dille ifade etmeyi ama\u00e7layan deneysel bir roman ya da epik anlat\u0131n\u0131n b\u00fct\u00fcn katmanlar\u0131na yay\u0131lan sanat kuram\u0131na dair bir deneme olarak farkl\u0131 perspektiflerden okunabilir.<\/p>\n","protected":false},"excerpt":{"rendered":"<p>limizdeki verili d\u00fc\u015f\u00fcnce sistemine g\u00f6re barbarl\u0131k, k\u00fclt\u00fcr\u00fcn kar\u015f\u0131t\u0131 olabilir; ama bu d\u00fc\u015f\u00fcnce sisteminin d\u0131\u015f\u0131nda, k\u00fclt\u00fcr\u00fcn kar\u015f\u0131t\u0131, ba\u015fka bir \u015fey de olabilir ya da hi\u00e7 kar\u015f\u0131t\u0131 olmayabilir.<span class=\"excerpt-hellip\"> [\u2026]<\/span><\/p>\n","protected":false},"featured_media":0,"template":"","meta":{"_monsterinsights_skip_tracking":false,"_monsterinsights_sitenote_active":false,"_monsterinsights_sitenote_note":"","_monsterinsights_sitenote_category":0},"product_brand":[],"product_cat":[12291,12711],"product_tag":[],"class_list":{"0":"post-781348","1":"product","2":"type-product","3":"status-publish","5":"product_cat-edebiyat","6":"product_cat-roman-oyku","7":"pa_cilt-ciltsiz","8":"pa_tur-kitap","9":"pa_yayinevi-can-yayinlari","10":"pa_yazar-thomas-mann","12":"first","13":"instock","14":"sale","15":"shipping-taxable","16":"purchasable","17":"product-type-simple"},"_links":{"self":[{"href":"https:\/\/roveyayinevi.com.tr\/index.php\/wp-json\/wp\/v2\/product\/781348","targetHints":{"allow":["GET"]}}],"collection":[{"href":"https:\/\/roveyayinevi.com.tr\/index.php\/wp-json\/wp\/v2\/product"}],"about":[{"href":"https:\/\/roveyayinevi.com.tr\/index.php\/wp-json\/wp\/v2\/types\/product"}],"wp:attachment":[{"href":"https:\/\/roveyayinevi.com.tr\/index.php\/wp-json\/wp\/v2\/media?parent=781348"}],"wp:term":[{"taxonomy":"product_brand","embeddable":true,"href":"https:\/\/roveyayinevi.com.tr\/index.php\/wp-json\/wp\/v2\/product_brand?post=781348"},{"taxonomy":"product_cat","embeddable":true,"href":"https:\/\/roveyayinevi.com.tr\/index.php\/wp-json\/wp\/v2\/product_cat?post=781348"},{"taxonomy":"product_tag","embeddable":true,"href":"https:\/\/roveyayinevi.com.tr\/index.php\/wp-json\/wp\/v2\/product_tag?post=781348"}],"curies":[{"name":"wp","href":"https:\/\/api.w.org\/{rel}","templated":true}]}}