{"id":781347,"date":"2026-01-22T02:49:09","date_gmt":"2026-01-21T23:49:09","guid":{"rendered":"https:\/\/roveyayinevi.com.tr\/index.php\/urun\/ilahi-ask\/"},"modified":"2026-04-16T02:28:01","modified_gmt":"2026-04-15T23:28:01","slug":"ilahi-ask","status":"publish","type":"product","link":"https:\/\/roveyayinevi.com.tr\/index.php\/urun\/ilahi-ask\/","title":{"rendered":"\u0130lahi A\u015fk"},"content":{"rendered":"<p>Bu eser, End\u00fcl\u00fcs semas\u0131ndan bir a\u015fk y\u0131ld\u0131z\u0131 d\u00fc\u015f\u00fcr\u00fcyor g\u00f6nl\u00fcm\u00fcze. G\u00f6nl\u00fcm\u00fcze d\u00fc\u015fen bu a\u015fk y\u0131ld\u0131z\u0131, ba\u015ftan a\u015fa\u011f\u0131 g\u00fcl ve \u00e7i\u00e7eklerle dolu bah\u00e7eden bize misk kokular\u0131 ta\u015f\u0131makta, ruhumuzu doyurmakta. Neden a\u015fk, diye bir soru gelecek olursa akla, \u0130bn Arab\u00ee\u2019nin kaleminden d\u00f6k\u00fclen \u015fu dizelerde buna cevap bulabiliriz.\u201cBiz a\u015fktan sud\u00fbr ettikA\u015fk \u00fczre yarat\u0131ld\u0131kA\u015fka y\u00f6neldikA\u015fka verdik g\u00f6nl\u00fcm\u00fcz\u00fc.\u201d\u0130bn Arab\u00ee\u2019nin bu eseri bir \u015faheser olup, bize sevgi hakk\u0131nda m\u00fckemmel bilgiler ve yorumlar sunuyor. Bunu da Kur\u2019an\u2019\u0131n ilgili ayetleriyle, Hz. Peygamber\u2019in s\u00f6zleriyle, son derece g\u00fczel \u015fiirlerle, pek \u00e7ok erkek ve kad\u0131n vel\u00eenin \u00f6yk\u00fcleriyle, ger\u00e7ek \u00e2\u015f\u0131klar\u0131n \u00e7ok de\u011fi\u015fik s\u0131fatlar\u0131yla, dahas\u0131 bizzat kendisinin ya\u015fad\u0131\u011f\u0131 ve tatt\u0131\u011f\u0131 sevgilerle, kendinden \u00f6nce sevgi \u00fczerine \u015fiir yazan \u015fairlerin \u015fiirlerinden se\u00e7ti\u011fi ilgin\u00e7 \u00f6rneklerle yap\u0131yor. \u0130bn Arab\u00ee\u2019nin, en somut bi\u00e7iminden en soyut bi\u00e7imine kadar, a\u015fk\u0131 b\u00fct\u00fcn y\u00f6nleriyle ortaya koydu\u011fu bu kitap, sizi sevginin r\u00fbh\u00e2n\u00ee ve il\u00e2h\u00ee boyutlar\u0131na g\u00f6t\u00fcrecek.<\/p>\n","protected":false},"excerpt":{"rendered":"<p>Bu eser, End\u00fcl\u00fcs semas\u0131ndan bir a\u015fk y\u0131ld\u0131z\u0131 d\u00fc\u015f\u00fcr\u00fcyor g\u00f6nl\u00fcm\u00fcze. G\u00f6nl\u00fcm\u00fcze d\u00fc\u015fen bu a\u015fk y\u0131ld\u0131z\u0131, ba\u015ftan a\u015fa\u011f\u0131 g\u00fcl ve \u00e7i\u00e7eklerle dolu bah\u00e7eden bize misk kokular\u0131 ta\u015f\u0131makta, ruhumuzu<span class=\"excerpt-hellip\"> [\u2026]<\/span><\/p>\n","protected":false},"featured_media":0,"template":"","meta":{"_monsterinsights_skip_tracking":false,"_monsterinsights_sitenote_active":false,"_monsterinsights_sitenote_note":"","_monsterinsights_sitenote_category":0},"product_brand":[],"product_cat":[12718,12719,12720],"product_tag":[],"class_list":{"0":"post-781347","1":"product","2":"type-product","3":"status-publish","5":"product_cat-din","6":"product_cat-islam","7":"product_cat-tasavvuf-mezhepler-tarikatlar","8":"pa_cilt-ciltsiz","9":"pa_tur-kitap","10":"pa_yayinevi-insan-yayinlari","11":"pa_yazar-muhyiddin-ibn-arabi","13":"first","14":"instock","15":"sale","16":"shipping-taxable","17":"purchasable","18":"product-type-simple"},"_links":{"self":[{"href":"https:\/\/roveyayinevi.com.tr\/index.php\/wp-json\/wp\/v2\/product\/781347","targetHints":{"allow":["GET"]}}],"collection":[{"href":"https:\/\/roveyayinevi.com.tr\/index.php\/wp-json\/wp\/v2\/product"}],"about":[{"href":"https:\/\/roveyayinevi.com.tr\/index.php\/wp-json\/wp\/v2\/types\/product"}],"wp:attachment":[{"href":"https:\/\/roveyayinevi.com.tr\/index.php\/wp-json\/wp\/v2\/media?parent=781347"}],"wp:term":[{"taxonomy":"product_brand","embeddable":true,"href":"https:\/\/roveyayinevi.com.tr\/index.php\/wp-json\/wp\/v2\/product_brand?post=781347"},{"taxonomy":"product_cat","embeddable":true,"href":"https:\/\/roveyayinevi.com.tr\/index.php\/wp-json\/wp\/v2\/product_cat?post=781347"},{"taxonomy":"product_tag","embeddable":true,"href":"https:\/\/roveyayinevi.com.tr\/index.php\/wp-json\/wp\/v2\/product_tag?post=781347"}],"curies":[{"name":"wp","href":"https:\/\/api.w.org\/{rel}","templated":true}]}}