{"id":781346,"date":"2026-01-22T02:23:46","date_gmt":"2026-01-21T23:23:46","guid":{"rendered":"https:\/\/roveyayinevi.com.tr\/index.php\/urun\/eyvah-kardesimi-sevmeye-basladim\/"},"modified":"2026-04-16T02:13:01","modified_gmt":"2026-04-15T23:13:01","slug":"eyvah-kardesimi-sevmeye-basladim","status":"publish","type":"product","link":"https:\/\/roveyayinevi.com.tr\/index.php\/urun\/eyvah-kardesimi-sevmeye-basladim\/","title":{"rendered":"Eyvah Karde\u015fimi Sevmeye Ba\u015flad\u0131m"},"content":{"rendered":"<p>Romanlar\u0131 ve hikayeleriyle T\u00fcrk edebiyat\u0131n\u0131n en iyi yazarlar\u0131ndan biri say\u0131lan Ayla Kutlu\u2019dan ba\u015far\u0131l\u0131 bir \u00e7ocuk kitab\u0131: Eyvah Karde\u015fimi Sevmeye Ba\u015flad\u0131m.Her \u00e7ocu\u011fun \u015fans\u0131n\u0131n tersine d\u00f6nd\u00fc\u011f\u00fc bir g\u00fcn gelebilir. Hi\u00e7 beklemedi\u011finiz bir sabah de\u011fi\u015fimin ba\u015flad\u0131\u011f\u0131n\u0131 fark edersiniz. Anneniz de baban\u0131z da size farkl\u0131 davran\u0131yordur. Acaba neden?\ufffc<\/p>\n","protected":false},"excerpt":{"rendered":"<p>Romanlar\u0131 ve hikayeleriyle T\u00fcrk edebiyat\u0131n\u0131n en iyi yazarlar\u0131ndan biri say\u0131lan Ayla Kutlu\u2019dan ba\u015far\u0131l\u0131 bir \u00e7ocuk kitab\u0131: Eyvah Karde\u015fimi Sevmeye Ba\u015flad\u0131m.Her \u00e7ocu\u011fun \u015fans\u0131n\u0131n tersine d\u00f6nd\u00fc\u011f\u00fc bir g\u00fcn<span class=\"excerpt-hellip\"> [\u2026]<\/span><\/p>\n","protected":false},"featured_media":0,"template":"","meta":{"_monsterinsights_skip_tracking":false,"_monsterinsights_sitenote_active":false,"_monsterinsights_sitenote_note":"","_monsterinsights_sitenote_category":0},"product_brand":[],"product_cat":[12274,12284],"product_tag":[],"class_list":{"0":"post-781346","1":"product","2":"type-product","3":"status-publish","5":"product_cat-cocuk-ve-genclik-kitaplari","6":"product_cat-hikayeler","7":"pa_cilt-ciltsiz","8":"pa_tur-kitap","9":"pa_yayinevi-bilgi-yayinevi-cocuk","10":"pa_yazar-ayla-kutlu","12":"first","13":"instock","14":"sale","15":"shipping-taxable","16":"purchasable","17":"product-type-simple"},"_links":{"self":[{"href":"https:\/\/roveyayinevi.com.tr\/index.php\/wp-json\/wp\/v2\/product\/781346","targetHints":{"allow":["GET"]}}],"collection":[{"href":"https:\/\/roveyayinevi.com.tr\/index.php\/wp-json\/wp\/v2\/product"}],"about":[{"href":"https:\/\/roveyayinevi.com.tr\/index.php\/wp-json\/wp\/v2\/types\/product"}],"wp:attachment":[{"href":"https:\/\/roveyayinevi.com.tr\/index.php\/wp-json\/wp\/v2\/media?parent=781346"}],"wp:term":[{"taxonomy":"product_brand","embeddable":true,"href":"https:\/\/roveyayinevi.com.tr\/index.php\/wp-json\/wp\/v2\/product_brand?post=781346"},{"taxonomy":"product_cat","embeddable":true,"href":"https:\/\/roveyayinevi.com.tr\/index.php\/wp-json\/wp\/v2\/product_cat?post=781346"},{"taxonomy":"product_tag","embeddable":true,"href":"https:\/\/roveyayinevi.com.tr\/index.php\/wp-json\/wp\/v2\/product_tag?post=781346"}],"curies":[{"name":"wp","href":"https:\/\/api.w.org\/{rel}","templated":true}]}}