{"id":781331,"date":"2026-01-21T04:14:49","date_gmt":"2026-01-21T01:14:49","guid":{"rendered":"https:\/\/roveyayinevi.com.tr\/index.php\/urun\/zerdust-cocugun-olumu\/"},"modified":"2026-04-15T03:45:58","modified_gmt":"2026-04-15T00:45:58","slug":"zerdust-cocugun-olumu","status":"publish","type":"product","link":"https:\/\/roveyayinevi.com.tr\/index.php\/urun\/zerdust-cocugun-olumu\/","title":{"rendered":"Zerd\u00fc\u015ft \u00c7ocu\u011fun \u00d6l\u00fcm\u00fc"},"content":{"rendered":"<p>A\u011falar\u0131m, beylerim, E\u015fk\u0131yalar\u0131m, haramzadelerim. \u0130nsan gibi ya\u015famakt\u0131r tek dile\u011fim. Ve insan gibi kalabilmek, Menfaatli bir tercih an\u0131nda. Tercihlerimdir y\u00fckseltecek olan da Beni sonsuzluk makam\u0131nda.<\/p>\n","protected":false},"excerpt":{"rendered":"<p>A\u011falar\u0131m, beylerim, E\u015fk\u0131yalar\u0131m, haramzadelerim. \u0130nsan gibi ya\u015famakt\u0131r tek dile\u011fim. Ve insan gibi kalabilmek, Menfaatli bir tercih an\u0131nda. Tercihlerimdir y\u00fckseltecek olan da Beni sonsuzluk makam\u0131nda.<\/p>\n","protected":false},"featured_media":0,"template":"","meta":{"_monsterinsights_skip_tracking":false,"_monsterinsights_sitenote_active":false,"_monsterinsights_sitenote_note":"","_monsterinsights_sitenote_category":0},"product_brand":[],"product_cat":[12291,12509],"product_tag":[],"class_list":{"0":"post-781331","1":"product","2":"type-product","3":"status-publish","5":"product_cat-edebiyat","6":"product_cat-siir","7":"pa_cilt-ciltsiz","8":"pa_tur-kitap","9":"pa_yayinevi-perseus","10":"pa_yazar-said-geven","12":"first","13":"instock","14":"sale","15":"shipping-taxable","16":"purchasable","17":"product-type-simple"},"_links":{"self":[{"href":"https:\/\/roveyayinevi.com.tr\/index.php\/wp-json\/wp\/v2\/product\/781331","targetHints":{"allow":["GET"]}}],"collection":[{"href":"https:\/\/roveyayinevi.com.tr\/index.php\/wp-json\/wp\/v2\/product"}],"about":[{"href":"https:\/\/roveyayinevi.com.tr\/index.php\/wp-json\/wp\/v2\/types\/product"}],"wp:attachment":[{"href":"https:\/\/roveyayinevi.com.tr\/index.php\/wp-json\/wp\/v2\/media?parent=781331"}],"wp:term":[{"taxonomy":"product_brand","embeddable":true,"href":"https:\/\/roveyayinevi.com.tr\/index.php\/wp-json\/wp\/v2\/product_brand?post=781331"},{"taxonomy":"product_cat","embeddable":true,"href":"https:\/\/roveyayinevi.com.tr\/index.php\/wp-json\/wp\/v2\/product_cat?post=781331"},{"taxonomy":"product_tag","embeddable":true,"href":"https:\/\/roveyayinevi.com.tr\/index.php\/wp-json\/wp\/v2\/product_tag?post=781331"}],"curies":[{"name":"wp","href":"https:\/\/api.w.org\/{rel}","templated":true}]}}