{"id":781330,"date":"2026-01-21T04:14:46","date_gmt":"2026-01-21T01:14:46","guid":{"rendered":"https:\/\/roveyayinevi.com.tr\/index.php\/urun\/ayicik-hep-yanimda\/"},"modified":"2026-04-15T03:45:58","modified_gmt":"2026-04-15T00:45:58","slug":"ayicik-hep-yanimda","status":"publish","type":"product","link":"https:\/\/roveyayinevi.com.tr\/index.php\/urun\/ayicik-hep-yanimda\/","title":{"rendered":"Ay\u0131c\u0131k Hep Yan\u0131mda"},"content":{"rendered":"<p>Harry \u00e7ok \u00f6zel bir \u015fey ar\u0131yordu: kendine ait bir ay\u0131c\u0131k. Ama \u00f6ylesine bir ay\u0131c\u0131k de\u011fildi arad\u0131\u011f\u0131. . . T\u00fcm d\u00fcnyada sadece ona ait olacak, biricik ay\u0131c\u0131\u011f\u0131n\u0131 bulmak istiyordu. Birlikte b\u00fcy\u00fck maceralara \u00e7\u0131kaca\u011f\u0131. . .    . . . ve asla arkas\u0131nda b\u0131rakmayaca\u011f\u0131 o ay\u0131c\u0131\u011f\u0131.<\/p>\n","protected":false},"excerpt":{"rendered":"<p>Harry \u00e7ok \u00f6zel bir \u015fey ar\u0131yordu: kendine ait bir ay\u0131c\u0131k. Ama \u00f6ylesine bir ay\u0131c\u0131k de\u011fildi arad\u0131\u011f\u0131. . . T\u00fcm d\u00fcnyada sadece ona ait olacak, biricik ay\u0131c\u0131\u011f\u0131n\u0131<span class=\"excerpt-hellip\"> [\u2026]<\/span><\/p>\n","protected":false},"featured_media":0,"template":"","meta":{"_monsterinsights_skip_tracking":false,"_monsterinsights_sitenote_active":false,"_monsterinsights_sitenote_note":"","_monsterinsights_sitenote_category":0},"product_brand":[],"product_cat":[12274,12284],"product_tag":[],"class_list":{"0":"post-781330","1":"product","2":"type-product","3":"status-publish","5":"product_cat-cocuk-ve-genclik-kitaplari","6":"product_cat-hikayeler","7":"pa_cilt-ciltsiz","8":"pa_tur-kitap","9":"pa_yayinevi-buyulu-fener-yayinlari","10":"pa_yazar-lu-fraser","12":"first","13":"instock","14":"sale","15":"shipping-taxable","16":"purchasable","17":"product-type-simple"},"_links":{"self":[{"href":"https:\/\/roveyayinevi.com.tr\/index.php\/wp-json\/wp\/v2\/product\/781330","targetHints":{"allow":["GET"]}}],"collection":[{"href":"https:\/\/roveyayinevi.com.tr\/index.php\/wp-json\/wp\/v2\/product"}],"about":[{"href":"https:\/\/roveyayinevi.com.tr\/index.php\/wp-json\/wp\/v2\/types\/product"}],"wp:attachment":[{"href":"https:\/\/roveyayinevi.com.tr\/index.php\/wp-json\/wp\/v2\/media?parent=781330"}],"wp:term":[{"taxonomy":"product_brand","embeddable":true,"href":"https:\/\/roveyayinevi.com.tr\/index.php\/wp-json\/wp\/v2\/product_brand?post=781330"},{"taxonomy":"product_cat","embeddable":true,"href":"https:\/\/roveyayinevi.com.tr\/index.php\/wp-json\/wp\/v2\/product_cat?post=781330"},{"taxonomy":"product_tag","embeddable":true,"href":"https:\/\/roveyayinevi.com.tr\/index.php\/wp-json\/wp\/v2\/product_tag?post=781330"}],"curies":[{"name":"wp","href":"https:\/\/api.w.org\/{rel}","templated":true}]}}