{"id":781327,"date":"2026-01-21T04:14:40","date_gmt":"2026-01-21T01:14:40","guid":{"rendered":"https:\/\/roveyayinevi.com.tr\/index.php\/urun\/tarihten-tarifler\/"},"modified":"2026-04-15T03:45:58","modified_gmt":"2026-04-15T00:45:58","slug":"tarihten-tarifler","status":"publish","type":"product","link":"https:\/\/roveyayinevi.com.tr\/index.php\/urun\/tarihten-tarifler\/","title":{"rendered":"Tarihten Tarifler"},"content":{"rendered":"<p>Tarihten Tarifler\u2019de Apicius\u2019tan Hititlere, Antik Yunan ve Roma\u2019dan Abbasilere, Sel\u00e7uklu\u2019dan Osmanl\u0131 mutfa\u011f\u0131na kadar geni\u015f bir yelpazede, tarihin damak tatlar\u0131n\u0131 ke\u015ffettik. Kitab\u0131n temel amac\u0131, topraklar\u0131m\u0131zda iz b\u0131rakm\u0131\u015f medeniyetlerin mutfaklar\u0131na \u0131\u015f\u0131k tutmakt\u0131r, ancak bu \u00e7er\u00e7evenin \u00f6tesine \u00e7\u0131k\u0131p yak\u0131n co\u011frafyalar\u0131n mutfaklar\u0131na da yer verdik. Bu sayede kaybolmu\u015f ya da unutulmu\u015f yemek tariflerini g\u00fcn y\u00fcz\u00fcne \u00e7\u0131kard\u0131k. Ba\u015flang\u0131\u00e7 niteli\u011fi ta\u015f\u0131yan bu \u00e7al\u0131\u015fmada yer alan tarifler, sadece tarihi dok\u00fcmanlar olarak ele al\u0131nmad\u0131; ayn\u0131 zamanda g\u00fcn\u00fcm\u00fcz mutfaklar\u0131na hitap eder hale de getirildi. Orijinal metinlerdeki malzemeleri modern mutfaklarda kolayca bulunabilecek \u00fcr\u00fcnlerle ikame ederek benzer tatlar elde etmeye \u00e7al\u0131\u015ft\u0131k. B\u00f6ylelikle ge\u00e7mi\u015fin miras\u0131n\u0131 korurken onu modern sofralara ta\u015f\u0131may\u0131 hedefledik. \u2013Ebru Omurcal\u0131<\/p>\n","protected":false},"excerpt":{"rendered":"<p>Tarihten Tarifler\u2019de Apicius\u2019tan Hititlere, Antik Yunan ve Roma\u2019dan Abbasilere, Sel\u00e7uklu\u2019dan Osmanl\u0131 mutfa\u011f\u0131na kadar geni\u015f bir yelpazede, tarihin damak tatlar\u0131n\u0131 ke\u015ffettik. Kitab\u0131n temel amac\u0131, topraklar\u0131m\u0131zda iz b\u0131rakm\u0131\u015f<span class=\"excerpt-hellip\"> [\u2026]<\/span><\/p>\n","protected":false},"featured_media":0,"template":"","meta":{"_monsterinsights_skip_tracking":false,"_monsterinsights_sitenote_active":false,"_monsterinsights_sitenote_note":"","_monsterinsights_sitenote_category":0},"product_brand":[],"product_cat":[12457],"product_tag":[],"class_list":{"0":"post-781327","1":"product","2":"type-product","3":"status-publish","5":"product_cat-yemek-kitaplari","6":"pa_cilt-ciltsiz","7":"pa_tur-kitap","8":"pa_yayinevi-alfa-yayinlari","9":"pa_yazar-ebru-omurcali","11":"first","12":"instock","13":"sale","14":"shipping-taxable","15":"purchasable","16":"product-type-simple"},"_links":{"self":[{"href":"https:\/\/roveyayinevi.com.tr\/index.php\/wp-json\/wp\/v2\/product\/781327","targetHints":{"allow":["GET"]}}],"collection":[{"href":"https:\/\/roveyayinevi.com.tr\/index.php\/wp-json\/wp\/v2\/product"}],"about":[{"href":"https:\/\/roveyayinevi.com.tr\/index.php\/wp-json\/wp\/v2\/types\/product"}],"wp:attachment":[{"href":"https:\/\/roveyayinevi.com.tr\/index.php\/wp-json\/wp\/v2\/media?parent=781327"}],"wp:term":[{"taxonomy":"product_brand","embeddable":true,"href":"https:\/\/roveyayinevi.com.tr\/index.php\/wp-json\/wp\/v2\/product_brand?post=781327"},{"taxonomy":"product_cat","embeddable":true,"href":"https:\/\/roveyayinevi.com.tr\/index.php\/wp-json\/wp\/v2\/product_cat?post=781327"},{"taxonomy":"product_tag","embeddable":true,"href":"https:\/\/roveyayinevi.com.tr\/index.php\/wp-json\/wp\/v2\/product_tag?post=781327"}],"curies":[{"name":"wp","href":"https:\/\/api.w.org\/{rel}","templated":true}]}}