{"id":781325,"date":"2026-01-21T04:14:35","date_gmt":"2026-01-21T01:14:35","guid":{"rendered":"https:\/\/roveyayinevi.com.tr\/index.php\/urun\/yasamin-stratejik-ilkeleri-zeka-etik-ve-eylem-sanati\/"},"modified":"2026-04-15T03:45:57","modified_gmt":"2026-04-15T00:45:57","slug":"yasamin-stratejik-ilkeleri-zeka-etik-ve-eylem-sanati","status":"publish","type":"product","link":"https:\/\/roveyayinevi.com.tr\/index.php\/urun\/yasamin-stratejik-ilkeleri-zeka-etik-ve-eylem-sanati\/","title":{"rendered":"Ya\u015fam\u0131n Stratejik \u0130lkeleri Zeka, Etik ve Eylem Sanat\u0131"},"content":{"rendered":"<p>Bu kitap, belirsizlik \u00e7a\u011f\u0131nda zek\u00e2, etik ve eylem aras\u0131ndaki kritik dengeyi bilimsel bir perspektiften \u00e7\u00f6z\u00fcmler. Ramazan Boztepe, okura hem d\u00fc\u015f\u00fcnsel berrakl\u0131k hem de stratejik hareket kabiliyeti kazand\u0131ran bir zihinsel \u00e7er\u00e7eve sunar. Do\u011fru zamanda do\u011fru karar\u0131n nas\u0131l verildi\u011fini ke\u015ffetmeye haz\u0131r m\u0131s\u0131n\u0131z?<\/p>\n","protected":false},"excerpt":{"rendered":"<p>Bu kitap, belirsizlik \u00e7a\u011f\u0131nda zek\u00e2, etik ve eylem aras\u0131ndaki kritik dengeyi bilimsel bir perspektiften \u00e7\u00f6z\u00fcmler. Ramazan Boztepe, okura hem d\u00fc\u015f\u00fcnsel berrakl\u0131k hem de stratejik hareket kabiliyeti<span class=\"excerpt-hellip\"> [\u2026]<\/span><\/p>\n","protected":false},"featured_media":0,"template":"","meta":{"_monsterinsights_skip_tracking":false,"_monsterinsights_sitenote_active":false,"_monsterinsights_sitenote_note":"","_monsterinsights_sitenote_category":0},"product_brand":[],"product_cat":[16038,12388],"product_tag":[],"class_list":{"0":"post-781325","1":"product","2":"type-product","3":"status-publish","5":"product_cat-arastirma-inceleme-referans-felsefe","6":"product_cat-felsefe","7":"pa_cilt-ciltsiz","8":"pa_tur-kitap","9":"pa_yayinevi-gulnar-yayinlari","10":"pa_yazar-ramazan-boztepe","12":"first","13":"instock","14":"sale","15":"shipping-taxable","16":"purchasable","17":"product-type-simple"},"_links":{"self":[{"href":"https:\/\/roveyayinevi.com.tr\/index.php\/wp-json\/wp\/v2\/product\/781325","targetHints":{"allow":["GET"]}}],"collection":[{"href":"https:\/\/roveyayinevi.com.tr\/index.php\/wp-json\/wp\/v2\/product"}],"about":[{"href":"https:\/\/roveyayinevi.com.tr\/index.php\/wp-json\/wp\/v2\/types\/product"}],"wp:attachment":[{"href":"https:\/\/roveyayinevi.com.tr\/index.php\/wp-json\/wp\/v2\/media?parent=781325"}],"wp:term":[{"taxonomy":"product_brand","embeddable":true,"href":"https:\/\/roveyayinevi.com.tr\/index.php\/wp-json\/wp\/v2\/product_brand?post=781325"},{"taxonomy":"product_cat","embeddable":true,"href":"https:\/\/roveyayinevi.com.tr\/index.php\/wp-json\/wp\/v2\/product_cat?post=781325"},{"taxonomy":"product_tag","embeddable":true,"href":"https:\/\/roveyayinevi.com.tr\/index.php\/wp-json\/wp\/v2\/product_tag?post=781325"}],"curies":[{"name":"wp","href":"https:\/\/api.w.org\/{rel}","templated":true}]}}