{"id":781321,"date":"2026-01-21T04:14:25","date_gmt":"2026-01-21T01:14:25","guid":{"rendered":"https:\/\/roveyayinevi.com.tr\/index.php\/urun\/canbazzadeler-bir-anadolu-turk-ailesinin-hikayesi-basbakanlik-osmanli-arsivi-belgelerine-gore\/"},"modified":"2026-04-15T03:45:36","modified_gmt":"2026-04-15T00:45:36","slug":"canbazzadeler-bir-anadolu-turk-ailesinin-hikayesi-basbakanlik-osmanli-arsivi-belgelerine-gore","status":"publish","type":"product","link":"https:\/\/roveyayinevi.com.tr\/index.php\/urun\/canbazzadeler-bir-anadolu-turk-ailesinin-hikayesi-basbakanlik-osmanli-arsivi-belgelerine-gore\/","title":{"rendered":"Canbazzadeler \u201cBir Anadolu T\u00fcrk Ailesinin Hikayesi\u201d (Ba\u015fbakanl\u0131k Osmanl\u0131 Ar\u015fivi Belgelerine G\u00f6re)"},"content":{"rendered":"<p>G\u00fcn\u00fcm\u00fczde genel tarih konular\u0131 haricinde yerel tarih ara\u015ft\u0131rmalar\u0131 da h\u0131z kazanm\u0131\u015ft\u0131r. Son y\u0131llarda Osmanl\u0131 T\u00fcrk\u00e7esi \u00f6\u011fretimi fak\u00fclte d\u00fczeyinden lise seviyelerine kadar yayg\u0131nla\u015fm\u0131\u015f ve bunun sonucunda ara\u015ft\u0131rmac\u0131lar\u0131n ilgisi Osmanl\u0131 ar\u015fivlerine y\u00f6nelmi\u015ftir. Yap\u0131lan incelemeler sonucunda ar\u015fivlerde yer alan belgeler haricinde, Anadolu\u2019da yast\u0131k alt\u0131na saklanm\u0131\u015f, yerel tarihe \u0131\u015f\u0131k tutan y\u00fczlerce, belki binlerce belge bulunmaktad\u0131r. Belge sahipleri bu eski evraklara kendince bir de\u011fer bi\u00e7erek hazine mant\u0131\u011f\u0131yla sakl\u0131 tutmaktad\u0131r. Bu belgelerin uzman ki\u015filere g\u00f6sterilmesi, en az\u0131ndan g\u00f6r\u00fcnt\u00fclerinin ara\u015ft\u0131rmac\u0131lara verilmesi, okunmas\u0131 ile yerel tarih konusunda ayd\u0131nlat\u0131c\u0131 bilgilere ula\u015f\u0131lacakt\u0131r. Bu ba\u011flamda Canbaz ailesi bireylerine de sorumluluklar d\u00fc\u015fmektedir. Dedelerimizin tahta sand\u0131klarda saklad\u0131klar\u0131 ve hi\u00e7 kimseye g\u00f6stermedikleri gizli hazineleri vard\u0131r. Genelde bu sand\u0131klar vefat olaylar\u0131ndan sonra a\u00e7\u0131l\u0131r. Sand\u0131klar\u0131n a\u00e7\u0131lmas\u0131ndan sonra Osmanl\u0131 T\u00fcrk\u00e7esiyle yaz\u0131lm\u0131\u015f bu evraklar\u0131n bizlere ula\u015ft\u0131r\u0131lmas\u0131 ve dijital ortamda saklanmas\u0131 ailemiz i\u00e7in \u00e7ok k\u0131ymetlidir. Sekiz y\u0131l boyunca Cumhurba\u015fkanl\u0131\u011f\u0131 Devlet Ar\u015fivleri Ba\u015fkanl\u0131\u011f\u0131\u2019nda yer alan Kara pazar kazas\u0131na ait 500 y\u0131ll\u0131k d\u00f6nemi kapsayan belgeler sat\u0131n al\u0131nm\u0131\u015f, okunmu\u015f ve transkripsiyonlar\u0131 yani birebir \u00e7evirileri haz\u0131rlanm\u0131\u015ft\u0131r. Bas\u0131ma haz\u0131r yedi kitap halinde orijinal g\u00f6r\u00fcnt\u00fcleri ile birlikte elimizde bulunmaktad\u0131r.<\/p>\n","protected":false},"excerpt":{"rendered":"<p>G\u00fcn\u00fcm\u00fczde genel tarih konular\u0131 haricinde yerel tarih ara\u015ft\u0131rmalar\u0131 da h\u0131z kazanm\u0131\u015ft\u0131r. Son y\u0131llarda Osmanl\u0131 T\u00fcrk\u00e7esi \u00f6\u011fretimi fak\u00fclte d\u00fczeyinden lise seviyelerine kadar yayg\u0131nla\u015fm\u0131\u015f ve bunun sonucunda ara\u015ft\u0131rmac\u0131lar\u0131n<span class=\"excerpt-hellip\"> [\u2026]<\/span><\/p>\n","protected":false},"featured_media":0,"template":"","meta":{"_monsterinsights_skip_tracking":false,"_monsterinsights_sitenote_active":false,"_monsterinsights_sitenote_note":"","_monsterinsights_sitenote_category":0},"product_brand":[],"product_cat":[12370,12304],"product_tag":[],"class_list":{"0":"post-781321","1":"product","2":"type-product","3":"status-publish","5":"product_cat-arastirma-inceleme","6":"product_cat-tarih","7":"pa_cilt-ciltsiz","8":"pa_tur-kitap","9":"pa_yayinevi-soncag-akademik-kitaplar","10":"pa_yazar-hamdi-canbaz","12":"first","13":"instock","14":"sale","15":"shipping-taxable","16":"purchasable","17":"product-type-simple"},"_links":{"self":[{"href":"https:\/\/roveyayinevi.com.tr\/index.php\/wp-json\/wp\/v2\/product\/781321","targetHints":{"allow":["GET"]}}],"collection":[{"href":"https:\/\/roveyayinevi.com.tr\/index.php\/wp-json\/wp\/v2\/product"}],"about":[{"href":"https:\/\/roveyayinevi.com.tr\/index.php\/wp-json\/wp\/v2\/types\/product"}],"wp:attachment":[{"href":"https:\/\/roveyayinevi.com.tr\/index.php\/wp-json\/wp\/v2\/media?parent=781321"}],"wp:term":[{"taxonomy":"product_brand","embeddable":true,"href":"https:\/\/roveyayinevi.com.tr\/index.php\/wp-json\/wp\/v2\/product_brand?post=781321"},{"taxonomy":"product_cat","embeddable":true,"href":"https:\/\/roveyayinevi.com.tr\/index.php\/wp-json\/wp\/v2\/product_cat?post=781321"},{"taxonomy":"product_tag","embeddable":true,"href":"https:\/\/roveyayinevi.com.tr\/index.php\/wp-json\/wp\/v2\/product_tag?post=781321"}],"curies":[{"name":"wp","href":"https:\/\/api.w.org\/{rel}","templated":true}]}}