{"id":781316,"date":"2026-01-21T04:14:16","date_gmt":"2026-01-21T01:14:16","guid":{"rendered":"https:\/\/roveyayinevi.com.tr\/index.php\/urun\/asena-kurdun-efsanesi\/"},"modified":"2026-04-15T03:45:36","modified_gmt":"2026-04-15T00:45:36","slug":"asena-kurdun-efsanesi","status":"publish","type":"product","link":"https:\/\/roveyayinevi.com.tr\/index.php\/urun\/asena-kurdun-efsanesi\/","title":{"rendered":"Asena Kurdun Efsanesi"},"content":{"rendered":"<p>U\u00e7suz bucaks\u0131z bozk\u0131rlar\u0131n so\u011fuk bir gecesinde k\u00fc\u00e7\u00fck bir \u00e7ocuk yaln\u0131z kal\u0131r. Tam o anda, efsanelerin koruyucu Bozkurdu Asena, \u0131\u015f\u0131\u011f\u0131n i\u00e7inden \u00e7\u0131kar ve \u00e7ocu\u011fu anne \u015fefkatiyle sar\u0131p sarmalar ve ona \u00e7ok eski bir T\u00fcrk anlat\u0131s\u0131n\u0131 f\u0131s\u0131ldar: Ergenekon Destan\u0131\u2019n\u0131\u2026 Y\u0131llarca da\u011flarla \u00e7evrili bir vadide kalan T\u00fcrklerin, bir di\u015fi kurdun yol g\u00f6stermesi sayesinde \u00f6zg\u00fcrl\u00fc\u011fe kavu\u015ftu\u011fu o umut dolu destan\u0131. Asena\u2019n\u0131n anlatt\u0131klar\u0131, \u00e7ocu\u011fun kalbinde cesaret ve iyilik \u0131\u015f\u0131\u011f\u0131 yakar. Ve k\u00fc\u00e7\u00fck \u00e7ocuk, t\u0131pk\u0131 Ergenekon\u2019dan \u00e7\u0131kan atalar\u0131 gibi, bir g\u00fcn kendi yolunu bulmak i\u00e7in g\u00fc\u00e7lenir. Bu efsane; Bozkurt Asena\u2019n\u0131n anne s\u0131cakl\u0131\u011f\u0131n\u0131, Ergenekon\u2019un yeniden do\u011fu\u015f umudunu ve T\u00fcrk mitolojisinin \u0131\u015f\u0131\u011f\u0131n\u0131 \u00e7ocuklar\u0131n y\u00fcre\u011fine ta\u015f\u0131yor.<\/p>\n","protected":false},"excerpt":{"rendered":"<p>U\u00e7suz bucaks\u0131z bozk\u0131rlar\u0131n so\u011fuk bir gecesinde k\u00fc\u00e7\u00fck bir \u00e7ocuk yaln\u0131z kal\u0131r. Tam o anda, efsanelerin koruyucu Bozkurdu Asena, \u0131\u015f\u0131\u011f\u0131n i\u00e7inden \u00e7\u0131kar ve \u00e7ocu\u011fu anne \u015fefkatiyle sar\u0131p<span class=\"excerpt-hellip\"> [\u2026]<\/span><\/p>\n","protected":false},"featured_media":0,"template":"","meta":{"_monsterinsights_skip_tracking":false,"_monsterinsights_sitenote_active":false,"_monsterinsights_sitenote_note":"","_monsterinsights_sitenote_category":0},"product_brand":[],"product_cat":[12274,12523],"product_tag":[],"class_list":{"0":"post-781316","1":"product","2":"type-product","3":"status-publish","5":"product_cat-cocuk-ve-genclik-kitaplari","6":"product_cat-masallar","7":"pa_cilt-ciltsiz","8":"pa_tur-kitap","9":"pa_yayinevi-kultur-ajans-yayinlari","10":"pa_yazar-yasemin-meydan","12":"first","13":"instock","14":"sale","15":"shipping-taxable","16":"purchasable","17":"product-type-simple"},"_links":{"self":[{"href":"https:\/\/roveyayinevi.com.tr\/index.php\/wp-json\/wp\/v2\/product\/781316","targetHints":{"allow":["GET"]}}],"collection":[{"href":"https:\/\/roveyayinevi.com.tr\/index.php\/wp-json\/wp\/v2\/product"}],"about":[{"href":"https:\/\/roveyayinevi.com.tr\/index.php\/wp-json\/wp\/v2\/types\/product"}],"wp:attachment":[{"href":"https:\/\/roveyayinevi.com.tr\/index.php\/wp-json\/wp\/v2\/media?parent=781316"}],"wp:term":[{"taxonomy":"product_brand","embeddable":true,"href":"https:\/\/roveyayinevi.com.tr\/index.php\/wp-json\/wp\/v2\/product_brand?post=781316"},{"taxonomy":"product_cat","embeddable":true,"href":"https:\/\/roveyayinevi.com.tr\/index.php\/wp-json\/wp\/v2\/product_cat?post=781316"},{"taxonomy":"product_tag","embeddable":true,"href":"https:\/\/roveyayinevi.com.tr\/index.php\/wp-json\/wp\/v2\/product_tag?post=781316"}],"curies":[{"name":"wp","href":"https:\/\/api.w.org\/{rel}","templated":true}]}}