{"id":781310,"date":"2026-01-21T04:14:06","date_gmt":"2026-01-21T01:14:06","guid":{"rendered":"https:\/\/roveyayinevi.com.tr\/index.php\/urun\/ittihat-ve-terakki-cemiyetinin-kizil-konak-evraki\/"},"modified":"2026-03-25T21:07:58","modified_gmt":"2026-03-25T18:07:58","slug":"ittihat-ve-terakki-cemiyetinin-kizil-konak-evraki","status":"publish","type":"product","link":"https:\/\/roveyayinevi.com.tr\/index.php\/urun\/ittihat-ve-terakki-cemiyetinin-kizil-konak-evraki\/","title":{"rendered":"\u0130ttihat ve Terakki Cemiyetinin K\u0131z\u0131l Konak Evrak\u0131"},"content":{"rendered":"<p>\u201cCihan Harbi\u2019nin ard\u0131ndan \u0130ttihat ve Terakki kendini resmen la\u011fvettikten sonra, cemiyetin ar\u015fivinin de b\u00fcy\u00fck \u00f6l\u00e7\u00fcde imha edildi\u011fi kabul edilir. Cemiyetin \u2018K\u0131z\u0131l Konak\u2019 olarak an\u0131lan merkez binas\u0131 bile zamanla \u00e7\u00fcr\u00fcy\u00fcp y\u0131k\u0131ld\u0131. Osmanl\u0131 tarih\u00e7ili\u011fi, bu eksikli\u011fin do\u011furdu\u011fu sorunlar\u0131 h\u00e2l\u00e2 a\u015fabilmi\u015f de\u011fil. Elinizdeki kitap bu a\u00e7\u0131dan bir istisna te\u015fkil eder. Burak Aslanmirza, Cumhurba\u015fkanl\u0131\u011f\u0131 Devlet Ar\u015fivleri\u2019ne \u0130ttihat ve Terakki \u00fcyesi Hac\u0131 Adil Arda\u2019n\u0131n ailesi taraf\u0131ndan ba\u011f\u0131\u015flanan belge setini \u00f6zenli bir \u00e7evrimyaz\u0131yla g\u00fcn\u00fcm\u00fcz okuruna sunuyor. \u2026 Bu belgeler, Osmanl\u0131 \u0130mparatorlu\u011fu\u2019nu \u2018asr\u00ee\u2019 bir emperyal devlete d\u00f6n\u00fc\u015ft\u00fcrme hedefiyle, T\u00fcrk\u00e7\u00fc ve \u0130slamc\u0131 bir milli tedrisat anlay\u0131\u015f\u0131 do\u011frultusunda ve gerekti\u011finde m\u00fcstemleke y\u00f6ntemlerini dahi g\u00f6z \u00f6n\u00fcne alarak, yaln\u0131zca sava\u015f y\u0131llar\u0131n\u0131 de\u011fil, \u2018y\u00fcz sene sonray\u0131\u2019 bile nas\u0131l \u015fekillendirmeyi tart\u0131\u015ft\u0131klar\u0131n\u0131 g\u00f6zler \u00f6n\u00fcne seriyor.\u201d \u2013Alp Yenen, Leiden \u00dcniversitesi<\/p>\n","protected":false},"excerpt":{"rendered":"<p>\u201cCihan Harbi\u2019nin ard\u0131ndan \u0130ttihat ve Terakki kendini resmen la\u011fvettikten sonra, cemiyetin ar\u015fivinin de b\u00fcy\u00fck \u00f6l\u00e7\u00fcde imha edildi\u011fi kabul edilir. Cemiyetin \u2018K\u0131z\u0131l Konak\u2019 olarak an\u0131lan merkez binas\u0131<span class=\"excerpt-hellip\"> [\u2026]<\/span><\/p>\n","protected":false},"featured_media":0,"template":"","meta":{"_monsterinsights_skip_tracking":false,"_monsterinsights_sitenote_active":false,"_monsterinsights_sitenote_note":"","_monsterinsights_sitenote_category":0},"product_brand":[],"product_cat":[12304],"product_tag":[],"class_list":{"0":"post-781310","1":"product","2":"type-product","3":"status-publish","5":"product_cat-tarih","6":"pa_cilt-ciltsiz","7":"pa_tur-kitap","8":"pa_yayinevi-alfa-yayinlari","9":"pa_yazar-burak-aslanmirza","11":"first","12":"instock","13":"sale","14":"shipping-taxable","15":"purchasable","16":"product-type-simple"},"_links":{"self":[{"href":"https:\/\/roveyayinevi.com.tr\/index.php\/wp-json\/wp\/v2\/product\/781310","targetHints":{"allow":["GET"]}}],"collection":[{"href":"https:\/\/roveyayinevi.com.tr\/index.php\/wp-json\/wp\/v2\/product"}],"about":[{"href":"https:\/\/roveyayinevi.com.tr\/index.php\/wp-json\/wp\/v2\/types\/product"}],"wp:attachment":[{"href":"https:\/\/roveyayinevi.com.tr\/index.php\/wp-json\/wp\/v2\/media?parent=781310"}],"wp:term":[{"taxonomy":"product_brand","embeddable":true,"href":"https:\/\/roveyayinevi.com.tr\/index.php\/wp-json\/wp\/v2\/product_brand?post=781310"},{"taxonomy":"product_cat","embeddable":true,"href":"https:\/\/roveyayinevi.com.tr\/index.php\/wp-json\/wp\/v2\/product_cat?post=781310"},{"taxonomy":"product_tag","embeddable":true,"href":"https:\/\/roveyayinevi.com.tr\/index.php\/wp-json\/wp\/v2\/product_tag?post=781310"}],"curies":[{"name":"wp","href":"https:\/\/api.w.org\/{rel}","templated":true}]}}