{"id":781306,"date":"2026-01-21T04:13:57","date_gmt":"2026-01-21T01:13:57","guid":{"rendered":"https:\/\/roveyayinevi.com.tr\/index.php\/urun\/savci-4\/"},"modified":"2026-04-11T14:47:50","modified_gmt":"2026-04-11T11:47:50","slug":"savci-4","status":"publish","type":"product","link":"https:\/\/roveyayinevi.com.tr\/index.php\/urun\/savci-4\/","title":{"rendered":"Savc\u0131"},"content":{"rendered":"<p>T\u00fcrkiye&#8217;nin karanl\u0131k ge\u00e7mi\u015finde kaybolmu\u015f bir dosya&#8230;Y\u0131llar \u00f6nce \u00f6ld\u00fcr\u00fclen bir gazeteci&#8230;       Ve ger\u00e7e\u011fin izini taz\u0131 gibi s\u00fcrerken ava d\u00f6n\u00fc\u015fen bir savc\u0131.Gazeteci Cumhur I\u015f\u0131k, faili me\u00e7hullerin g\u00f6lgesinde bir dosyan\u0131n pe\u015findeyken hayat\u0131n\u0131 kaybeder. K\u0131z\u0131 Ada, babas\u0131n\u0131n \u00f6l\u00fcm\u00fcne dair izleri takip ederken, devletin en izbe koridorlar\u0131ndan ge\u00e7mi\u015fin en karanl\u0131k hesaplar\u0131na uzanan bir labirentin i\u00e7ine \u00e7ekilir. Onu korumaya \u00e7al\u0131\u015fan gen\u00e7 savc\u0131 \u015ean \u00c7evik, k\u0131sa s\u00fcrede sadece bir soru\u015fturman\u0131n de\u011fil, kendi soyuna uzanan bir miras\u0131n da tam merkezinde bulur kendini.Bir yanda &#8220;Avc\u0131&#8221; ad\u0131yla efsaneye d\u00f6n\u00fc\u015fm\u00fc\u015f, \u00f6l\u00fcm\u00fc bile \u015f\u00fcpheli Uras Dani\u015fmend; di\u011fer yanda su alt\u0131nda kalm\u0131\u015f k\u00f6ylerin, kaybolmu\u015f hayatlar\u0131n ve y\u0131llard\u0131r saklanan s\u0131rlar\u0131n olu\u015fturdu\u011fu dev bir g\u00f6lge&#8230;Ger\u00e7ekle yalan\u0131n, adaletle intikam\u0131n birbirine kar\u0131\u015ft\u0131\u011f\u0131 bu hik\u00e2yede herkesin gizledi\u011fi bir su\u00e7, herkesin ta\u015f\u0131d\u0131\u011f\u0131 bir yara var.Ertan Velimatti Alag\u00f6z, Savc\u0131&#8217;da T\u00fcrkiye&#8217;nin yak\u0131n tarihine korkusuzca bakan, temposu y\u00fcksek, par\u00e7alar\u0131 yava\u015f yava\u015f yerine oturan g\u00fc\u00e7l\u00fc bir gerilim sunuyor. Her sayfada karanl\u0131k biraz daha b\u00fcy\u00fcyor&#8230;<\/p>\n","protected":false},"excerpt":{"rendered":"<p>T\u00fcrkiye&#8217;nin karanl\u0131k ge\u00e7mi\u015finde kaybolmu\u015f bir dosya&#8230;Y\u0131llar \u00f6nce \u00f6ld\u00fcr\u00fclen bir gazeteci&#8230; Ve ger\u00e7e\u011fin izini taz\u0131 gibi s\u00fcrerken ava d\u00f6n\u00fc\u015fen bir savc\u0131.Gazeteci Cumhur I\u015f\u0131k, faili me\u00e7hullerin g\u00f6lgesinde bir<span class=\"excerpt-hellip\"> [\u2026]<\/span><\/p>\n","protected":false},"featured_media":0,"template":"","meta":{"_monsterinsights_skip_tracking":false,"_monsterinsights_sitenote_active":false,"_monsterinsights_sitenote_note":"","_monsterinsights_sitenote_category":0},"product_brand":[],"product_cat":[12291,15445],"product_tag":[],"class_list":{"0":"post-781306","1":"product","2":"type-product","3":"status-publish","5":"product_cat-edebiyat","6":"product_cat-polisiye","7":"pa_cilt-ciltsiz","8":"pa_tur-kitap","9":"pa_yayinevi-ithaki-yayinlari","10":"pa_yazar-ertan-velimatti-alagoz","12":"first","13":"instock","14":"sale","15":"shipping-taxable","16":"purchasable","17":"product-type-simple"},"_links":{"self":[{"href":"https:\/\/roveyayinevi.com.tr\/index.php\/wp-json\/wp\/v2\/product\/781306","targetHints":{"allow":["GET"]}}],"collection":[{"href":"https:\/\/roveyayinevi.com.tr\/index.php\/wp-json\/wp\/v2\/product"}],"about":[{"href":"https:\/\/roveyayinevi.com.tr\/index.php\/wp-json\/wp\/v2\/types\/product"}],"wp:attachment":[{"href":"https:\/\/roveyayinevi.com.tr\/index.php\/wp-json\/wp\/v2\/media?parent=781306"}],"wp:term":[{"taxonomy":"product_brand","embeddable":true,"href":"https:\/\/roveyayinevi.com.tr\/index.php\/wp-json\/wp\/v2\/product_brand?post=781306"},{"taxonomy":"product_cat","embeddable":true,"href":"https:\/\/roveyayinevi.com.tr\/index.php\/wp-json\/wp\/v2\/product_cat?post=781306"},{"taxonomy":"product_tag","embeddable":true,"href":"https:\/\/roveyayinevi.com.tr\/index.php\/wp-json\/wp\/v2\/product_tag?post=781306"}],"curies":[{"name":"wp","href":"https:\/\/api.w.org\/{rel}","templated":true}]}}