{"id":781305,"date":"2026-01-21T04:13:54","date_gmt":"2026-01-21T01:13:54","guid":{"rendered":"https:\/\/roveyayinevi.com.tr\/index.php\/urun\/oteyer-kitabi\/"},"modified":"2026-04-15T03:45:30","modified_gmt":"2026-04-15T00:45:30","slug":"oteyer-kitabi","status":"publish","type":"product","link":"https:\/\/roveyayinevi.com.tr\/index.php\/urun\/oteyer-kitabi\/","title":{"rendered":"\u00d6teyer Kitab\u0131"},"content":{"rendered":"<p>&#8220;\u0130ki s\u0131rad\u0131\u015f\u0131 zihinden, son derece yenilik\u00e7i bir \u00e7al\u0131\u015fma.\u201d \u2014William Gibson\u00d6lemeyen bir adam var. Art\u0131k \u00f6lmek istiyor.Binlerce y\u0131l. Say\u0131s\u0131z sava\u015f. Say\u0131s\u0131z isim. Tanr\u0131larla yap\u0131lm\u0131\u015f eski bir anla\u015fman\u0131n bedelini h\u00e2l\u00e2 \u00f6deyen bir sava\u015f\u00e7\u0131. Kimi ona Unite der, kimi Y\u0131ld\u0131r\u0131m\u0131n \u00c7ocu\u011fu, kimi de \u00d6l\u00fcm. Bug\u00fcnlerdeyse ona k\u0131saca &#8220;B&#8221; deniyor. Medeniyetler y\u0131k\u0131l\u0131rken ayakta kalan, \u00e7a\u011flar boyunca silah olarak kullan\u0131lan bir efsane o.Oysa art\u0131k d\u00fcnya de\u011fi\u015fti. Sava\u015flar daha sessiz, silahlar daha ak\u0131ll\u0131, vaatler daha kirli. Gizli bir askeri birlik, B&#8217;ye imk\u00e2ns\u0131z\u0131 teklif ediyor: \u00d6l\u00fcm\u00fc. Kar\u015f\u0131l\u0131\u011f\u0131nda son bir g\u00f6rev. Belki de akacak son kan.Ama \u00f6l\u00fcler geri d\u00f6nd\u00fc\u011f\u00fcnde, bu anla\u015fman\u0131n bedelinin \u00f6l\u00fcmden bile a\u011f\u0131r oldu\u011fu anla\u015f\u0131l\u0131yor. B, kendisinden bile eski, kendisinden bile ac\u0131mas\u0131z bir g\u00fcc\u00fcn plan\u0131n\u0131n par\u00e7as\u0131 oldu\u011funu fark ediyor.\u00d6teyer K\u00edtab\u0131, kadim lanetlerle modern \u015fiddetin \u00e7arp\u0131\u015ft\u0131\u011f\u0131, nefes kesen bir intikam destan\u0131. China Mi\u00e9ville&#8217; in karanl\u0131k hayal g\u00fcc\u00fcyle Keanu Reeves&#8217;in so\u011fukkanl\u0131, sert anlat\u0131m\u0131 birle\u015fiyor; ortaya, durdurulamayan bir adam\u0131n son kez durmak isteyi\u015finin hik\u00e2yesi \u00e7\u0131k\u0131yor.Baz\u0131 silahlar k\u0131r\u0131l\u0131r.Baz\u0131lar\u0131 g\u00f6m\u00fcl\u00fcr.Baz\u0131lar\u0131ysa asla \u00f6lmez.<\/p>\n","protected":false},"excerpt":{"rendered":"<p>&#8220;\u0130ki s\u0131rad\u0131\u015f\u0131 zihinden, son derece yenilik\u00e7i bir \u00e7al\u0131\u015fma.\u201d \u2014William Gibson\u00d6lemeyen bir adam var. Art\u0131k \u00f6lmek istiyor.Binlerce y\u0131l. Say\u0131s\u0131z sava\u015f. Say\u0131s\u0131z isim. Tanr\u0131larla yap\u0131lm\u0131\u015f eski bir anla\u015fman\u0131n<span class=\"excerpt-hellip\"> [\u2026]<\/span><\/p>\n","protected":false},"featured_media":0,"template":"","meta":{"_monsterinsights_skip_tracking":false,"_monsterinsights_sitenote_active":false,"_monsterinsights_sitenote_note":"","_monsterinsights_sitenote_category":0},"product_brand":[],"product_cat":[12540,12291],"product_tag":[],"class_list":{"0":"post-781305","1":"product","2":"type-product","3":"status-publish","5":"product_cat-bilim-kurgu","6":"product_cat-edebiyat","7":"pa_cilt-ciltsiz","8":"pa_tur-kitap","9":"pa_yayinevi-ithaki-yayinlari","10":"pa_yazar-keanu-reeves-china-mieville","12":"first","13":"instock","14":"sale","15":"shipping-taxable","16":"purchasable","17":"product-type-simple"},"_links":{"self":[{"href":"https:\/\/roveyayinevi.com.tr\/index.php\/wp-json\/wp\/v2\/product\/781305","targetHints":{"allow":["GET"]}}],"collection":[{"href":"https:\/\/roveyayinevi.com.tr\/index.php\/wp-json\/wp\/v2\/product"}],"about":[{"href":"https:\/\/roveyayinevi.com.tr\/index.php\/wp-json\/wp\/v2\/types\/product"}],"wp:attachment":[{"href":"https:\/\/roveyayinevi.com.tr\/index.php\/wp-json\/wp\/v2\/media?parent=781305"}],"wp:term":[{"taxonomy":"product_brand","embeddable":true,"href":"https:\/\/roveyayinevi.com.tr\/index.php\/wp-json\/wp\/v2\/product_brand?post=781305"},{"taxonomy":"product_cat","embeddable":true,"href":"https:\/\/roveyayinevi.com.tr\/index.php\/wp-json\/wp\/v2\/product_cat?post=781305"},{"taxonomy":"product_tag","embeddable":true,"href":"https:\/\/roveyayinevi.com.tr\/index.php\/wp-json\/wp\/v2\/product_tag?post=781305"}],"curies":[{"name":"wp","href":"https:\/\/api.w.org\/{rel}","templated":true}]}}