{"id":781303,"date":"2026-01-21T04:13:49","date_gmt":"2026-01-21T01:13:49","guid":{"rendered":"https:\/\/roveyayinevi.com.tr\/index.php\/urun\/sakli-zaman-bahceleri\/"},"modified":"2026-04-15T03:45:27","modified_gmt":"2026-04-15T00:45:27","slug":"sakli-zaman-bahceleri","status":"publish","type":"product","link":"https:\/\/roveyayinevi.com.tr\/index.php\/urun\/sakli-zaman-bahceleri\/","title":{"rendered":"Sakl\u0131 Zaman Bah\u00e7eleri"},"content":{"rendered":"<p>\u201cBen bir kenar mahallede b\u00fcy\u00fcm\u00fc\u015f as\u0131rl\u0131k \u00e7\u0131nar a\u011fac\u0131n\u0131n g\u00f6lgesi, o bo\u011faz kenar\u0131nda yeti\u015fmi\u015f eflatun erguvan dal\u0131&#8230; Vuslat bize m\u00fcmk\u00fcn de\u011fildi ki&#8230;\u201d *** Y\u00fczy\u0131llar boyunca birbirine g\u00f6r\u00fcnmez ba\u011flarla ba\u011flanan \u00fc\u00e7 hayat&#8230; Birinde yanan bir k\u00fct\u00fcphanenin k\u00fcllerinden do\u011fan umut, di\u011ferinde bir \u00e7\u0131nar\u0131n g\u00f6vdesine saklanan dileklerin ger\u00e7ekle\u015fme arzusu, sonuncusunda ise pandemi g\u00fcnlerinde filizlenen bir a\u015fk\u2026 Sakl\u0131 Zaman Bah\u00e7eleri, as\u0131rlar boyunca birbirinden uzak g\u00f6r\u00fcnen hik\u00e2yelerin asl\u0131nda ayn\u0131 merkezde bulu\u015ftu\u011fu bir d\u00fcnya&#8230; Kaybolmu\u015f bilginin, dileklerin ve a\u015fk\u0131n izinde; insanl\u0131k tarihinin farkl\u0131 duraklar\u0131ndan ge\u00e7erek tek bir soruya y\u00f6neliyor: Ge\u00e7mi\u015f, sand\u0131\u011f\u0131m\u0131zdan daha m\u0131 fazla bug\u00fcne dokunur? Ak\u0131p giden binlerce y\u0131l i\u00e7inde neler tekrar eder, neler kaybolur gider? A\u015fk sahiden bir tek \u00e7oraplar \u00e7ekmecesi midir, ve ayr\u0131l\u0131\u011f\u0131n adab\u0131ndan m\u0131d\u0131r susmak? Saklamad\u0131klar\u0131m\u0131z da bir yerlerde saklan\u0131r m\u0131? Bir insan\u0131n a\u011fz\u0131ndan \u00e7\u0131kan bir s\u00f6z, bir kalemin ucundan k\u00e2\u011f\u0131da s\u00fcz\u00fclen bir kelime, bir ke\u015fif, bir bulu\u015f\u2026D\u00fcr\u00fcstl\u00fc\u011f\u00fcn al\u00e7ak sesi midir iyi insanlar? Kay\u0131p bir dil gibi mi hissederler kendilerini? Onlar\u0131n sustuklar\u0131n\u0131 duyan var m\u0131d\u0131r? G\u00fcn\u00fcn birinde hepsini \u00f6\u011frenece\u011fiz. Hepsini\u2026 Zaman\u0131n sakl\u0131 bah\u00e7elerinde dinlenmeye gitti\u011fimizde.<\/p>\n","protected":false},"excerpt":{"rendered":"<p>\u201cBen bir kenar mahallede b\u00fcy\u00fcm\u00fc\u015f as\u0131rl\u0131k \u00e7\u0131nar a\u011fac\u0131n\u0131n g\u00f6lgesi, o bo\u011faz kenar\u0131nda yeti\u015fmi\u015f eflatun erguvan dal\u0131&#8230; Vuslat bize m\u00fcmk\u00fcn de\u011fildi ki&#8230;\u201d *** Y\u00fczy\u0131llar boyunca birbirine g\u00f6r\u00fcnmez<span class=\"excerpt-hellip\"> [\u2026]<\/span><\/p>\n","protected":false},"featured_media":0,"template":"","meta":{"_monsterinsights_skip_tracking":false,"_monsterinsights_sitenote_active":false,"_monsterinsights_sitenote_note":"","_monsterinsights_sitenote_category":0},"product_brand":[],"product_cat":[13835],"product_tag":[],"class_list":{"0":"post-781303","1":"product","2":"type-product","3":"status-publish","5":"product_cat-cok-satanlar","6":"pa_cilt-ciltsiz","7":"pa_tur-kitap","8":"pa_yayinevi-inkilap-kitabevi","9":"pa_yazar-bige-guven-kizilay","11":"first","12":"instock","13":"sale","14":"shipping-taxable","15":"purchasable","16":"product-type-simple"},"_links":{"self":[{"href":"https:\/\/roveyayinevi.com.tr\/index.php\/wp-json\/wp\/v2\/product\/781303","targetHints":{"allow":["GET"]}}],"collection":[{"href":"https:\/\/roveyayinevi.com.tr\/index.php\/wp-json\/wp\/v2\/product"}],"about":[{"href":"https:\/\/roveyayinevi.com.tr\/index.php\/wp-json\/wp\/v2\/types\/product"}],"wp:attachment":[{"href":"https:\/\/roveyayinevi.com.tr\/index.php\/wp-json\/wp\/v2\/media?parent=781303"}],"wp:term":[{"taxonomy":"product_brand","embeddable":true,"href":"https:\/\/roveyayinevi.com.tr\/index.php\/wp-json\/wp\/v2\/product_brand?post=781303"},{"taxonomy":"product_cat","embeddable":true,"href":"https:\/\/roveyayinevi.com.tr\/index.php\/wp-json\/wp\/v2\/product_cat?post=781303"},{"taxonomy":"product_tag","embeddable":true,"href":"https:\/\/roveyayinevi.com.tr\/index.php\/wp-json\/wp\/v2\/product_tag?post=781303"}],"curies":[{"name":"wp","href":"https:\/\/api.w.org\/{rel}","templated":true}]}}