{"id":781301,"date":"2026-01-21T03:50:05","date_gmt":"2026-01-21T00:50:05","guid":{"rendered":"https:\/\/roveyayinevi.com.tr\/index.php\/urun\/keske-beni-anlasaydin\/"},"modified":"2026-04-16T03:14:48","modified_gmt":"2026-04-16T00:14:48","slug":"keske-beni-anlasaydin","status":"publish","type":"product","link":"https:\/\/roveyayinevi.com.tr\/index.php\/urun\/keske-beni-anlasaydin\/","title":{"rendered":"Ke\u015fke Beni Anlasayd\u0131n"},"content":{"rendered":"<p>KEND\u0130 GER\u00c7E\u011e\u0130N\u0130Z\u0130 ANCAK ONUNLA Y\u00dcZLE\u015eMEYE HAZIR OLDU\u011eUNUZDA ANLAMAYA BA\u015eLARSINIZ.   Hayat hep bir yolculuk halidir, gider dururuz. Yolculu\u011fumuzun ne kadar\u0131n\u0131 kendi kalemimizle yaz\u0131p \u00e7izebiliyoruz ki? \u00c7o\u011fu bize miras kalan ata \u00e7izgileri&#8230; Bazen \u00e7ok ge\u00e7 kalm\u0131\u015f oluyoruz eskileri silip yerine yenilerini yaz\u0131p \u00e7izmeye&#8230;   Ka\u00e7 ki\u015fi cesaret edebilir eskilerle vedala\u015f\u0131p yeni sayfalar yazmaya? Yeninin eskiden daha iyi olaca\u011f\u0131ndan kim emin olabilir?   Bu kitap, eski bir yolculu\u011fu sonland\u0131r\u0131p kendi halis ger\u00e7ekleriyle yeni bir yol, yeni bir kader yazmaya cesaret edenlerin ibretlik hik\u00e2yeleriyle dolu. K\u00fc\u00e7\u00fcc\u00fck \u00e7ocuklar\u0131n, b\u00fcy\u00fcd\u00fcklerinde s\u0131rtlar\u0131nda bulduklar\u0131 y\u00fcklerden kurtulma \u00e7abalar\u0131, nedenleri ve nas\u0131llar\u0131yla i\u015flenmi\u015f \u0131\u015f\u0131l \u0131\u015f\u0131l varolu\u015f hik\u00e2yeleri&#8230;   \u0130nsan neyi, neden ya\u015f\u0131yor oldu\u011funu anlad\u0131k\u00e7a neyi, neden ya\u015fayam\u0131yor oldu\u011funun pi\u015fmanl\u0131\u011f\u0131n\u0131 hissetmeye ba\u015flar.   Kendi ger\u00e7e\u011finizi bulmaya ve kendi k\u0131ymetinizi hissetmeye haz\u0131r m\u0131s\u0131n\u0131z? <\/p>\n","protected":false},"excerpt":{"rendered":"<p>KEND\u0130 GER\u00c7E\u011e\u0130N\u0130Z\u0130 ANCAK ONUNLA Y\u00dcZLE\u015eMEYE HAZIR OLDU\u011eUNUZDA ANLAMAYA BA\u015eLARSINIZ. Hayat hep bir yolculuk halidir, gider dururuz. Yolculu\u011fumuzun ne kadar\u0131n\u0131 kendi kalemimizle yaz\u0131p \u00e7izebiliyoruz ki? \u00c7o\u011fu bize<span class=\"excerpt-hellip\"> [\u2026]<\/span><\/p>\n","protected":false},"featured_media":0,"template":"","meta":{"_monsterinsights_skip_tracking":false,"_monsterinsights_sitenote_active":false,"_monsterinsights_sitenote_note":"","_monsterinsights_sitenote_category":0},"product_brand":[],"product_cat":[12357],"product_tag":[],"class_list":{"0":"post-781301","1":"product","2":"type-product","3":"status-publish","5":"product_cat-psikoloji","6":"pa_cilt-ciltsiz","7":"pa_tur-kitap","8":"pa_yayinevi-destek-yayinlari","9":"pa_yazar-cagatay-cakir","11":"first","12":"instock","13":"sale","14":"shipping-taxable","15":"purchasable","16":"product-type-simple"},"_links":{"self":[{"href":"https:\/\/roveyayinevi.com.tr\/index.php\/wp-json\/wp\/v2\/product\/781301","targetHints":{"allow":["GET"]}}],"collection":[{"href":"https:\/\/roveyayinevi.com.tr\/index.php\/wp-json\/wp\/v2\/product"}],"about":[{"href":"https:\/\/roveyayinevi.com.tr\/index.php\/wp-json\/wp\/v2\/types\/product"}],"wp:attachment":[{"href":"https:\/\/roveyayinevi.com.tr\/index.php\/wp-json\/wp\/v2\/media?parent=781301"}],"wp:term":[{"taxonomy":"product_brand","embeddable":true,"href":"https:\/\/roveyayinevi.com.tr\/index.php\/wp-json\/wp\/v2\/product_brand?post=781301"},{"taxonomy":"product_cat","embeddable":true,"href":"https:\/\/roveyayinevi.com.tr\/index.php\/wp-json\/wp\/v2\/product_cat?post=781301"},{"taxonomy":"product_tag","embeddable":true,"href":"https:\/\/roveyayinevi.com.tr\/index.php\/wp-json\/wp\/v2\/product_tag?post=781301"}],"curies":[{"name":"wp","href":"https:\/\/api.w.org\/{rel}","templated":true}]}}