{"id":781300,"date":"2026-01-21T03:49:05","date_gmt":"2026-01-21T00:49:05","guid":{"rendered":"https:\/\/roveyayinevi.com.tr\/index.php\/urun\/folklor-tadqiqot-va-ekspeditsiya-metodi-hamda-texnikalari-malumotnomasi\/"},"modified":"2026-04-16T03:13:31","modified_gmt":"2026-04-16T00:13:31","slug":"folklor-tadqiqot-va-ekspeditsiya-metodi-hamda-texnikalari-malumotnomasi","status":"publish","type":"product","link":"https:\/\/roveyayinevi.com.tr\/index.php\/urun\/folklor-tadqiqot-va-ekspeditsiya-metodi-hamda-texnikalari-malumotnomasi\/","title":{"rendered":"Folklor Tadqiqot Va Ekspeditsiya Metodi Hamda Texnikalar\u0131 Ma\u2019lumotnomas\u0131"},"content":{"rendered":"<p>Bu kitap folklor ara\u015ft\u0131rmalar\u0131 ve derlemelerine ili\u015fkin bir metod kitab\u0131d\u0131r. Ayr\u0131ca ara\u015ft\u0131rma ve derlemelerinin tekniklerini ortaya koyan bilgilendirme dok\u00fcman\u0131d\u0131r. Ardahan \u00dcniversitesi \u00f6\u011fretim \u00fcyesi Prof. Dr. Erdo\u011fan Alt\u0131nkaynak ile ayn\u0131 \u00fcniversitenin \u00f6\u011fretim eleman\u0131 \u015eahsenem Dokuzluo\u011flu\u2019nun birlikte haz\u0131rlad\u0131klar\u0131 kitap ,L\u00e2tin harfleriyle \u00d6zbek t\u00fcrk\u00e7esi olarak kaleme al\u0131nm\u0131\u015ft\u0131r. Folklor ara\u015ft\u0131rmas\u0131 yapan bilim adamlar\u0131, ara\u015ft\u0131rmac\u0131lar, derlemeciler i\u00e7in \u00d6zbek halk k\u00fcl\u00fctr\u00fcnden yarralan\u0131larak haz\u0131rlanan bu kitap,  \u00f6zellikle \u00fcniversitelerimizin \u00c7a\u011fda\u015f T\u00fcrk Edebiyat\u0131 ve  Leh\u00e7eleri B\u00f6l\u00fcmlerinde okuyan \u00f6\u011frencileri, T\u00fcrk Dili ve Edebiyat\u0131 B\u00f6l\u00fcm\u00fc \u00f6\u011frencileri, Halk Bilim B\u00f6l\u00fcm\u00fc \u00f6\u011frencileri i\u00e7in bir ba\u015fvuru kitab\u0131d\u0131r. Kitapta ; folklor ara\u015ft\u0131rma metodlar\u0131 ve bu metodlara ili\u015fkin nazariyeler ; \u00f6zel konulu tez, ara\u015ft\u0131rma, derleme, yazma gibi ekspeditsiyalar\u0131n metod ve teknikleri ; folklorun antropoloji, co\u011frafya, edebiyat, ekonomi, felsefe, moda, musik\u00ee, filoloji, siyaset bilimi, sosyoloji, tarih gibi bilim dallar\u0131yla ilgili al\u00e2kalar\u0131, folklorun alt dallar\u0131 ile olan \u00f6rneklerine metodik yakla\u015f\u0131m verilmektedir. <\/p>\n","protected":false},"excerpt":{"rendered":"<p>Bu kitap folklor ara\u015ft\u0131rmalar\u0131 ve derlemelerine ili\u015fkin bir metod kitab\u0131d\u0131r. Ayr\u0131ca ara\u015ft\u0131rma ve derlemelerinin tekniklerini ortaya koyan bilgilendirme dok\u00fcman\u0131d\u0131r. Ardahan \u00dcniversitesi \u00f6\u011fretim \u00fcyesi Prof. Dr. Erdo\u011fan<span class=\"excerpt-hellip\"> [\u2026]<\/span><\/p>\n","protected":false},"featured_media":0,"template":"","meta":{"_monsterinsights_skip_tracking":false,"_monsterinsights_sitenote_active":false,"_monsterinsights_sitenote_note":"","_monsterinsights_sitenote_category":0},"product_brand":[],"product_cat":[52477],"product_tag":[],"class_list":{"0":"post-781300","1":"product","2":"type-product","3":"status-publish","5":"product_cat-arastirma","6":"pa_cilt-ciltsiz","7":"pa_tur-kitap","8":"pa_yayinevi-kultur-ajans-yayinlari","9":"pa_yazar-erdogan-altinkaynak-shokhsanam-dokuzluoglu","11":"first","12":"instock","13":"sale","14":"shipping-taxable","15":"purchasable","16":"product-type-simple"},"_links":{"self":[{"href":"https:\/\/roveyayinevi.com.tr\/index.php\/wp-json\/wp\/v2\/product\/781300","targetHints":{"allow":["GET"]}}],"collection":[{"href":"https:\/\/roveyayinevi.com.tr\/index.php\/wp-json\/wp\/v2\/product"}],"about":[{"href":"https:\/\/roveyayinevi.com.tr\/index.php\/wp-json\/wp\/v2\/types\/product"}],"wp:attachment":[{"href":"https:\/\/roveyayinevi.com.tr\/index.php\/wp-json\/wp\/v2\/media?parent=781300"}],"wp:term":[{"taxonomy":"product_brand","embeddable":true,"href":"https:\/\/roveyayinevi.com.tr\/index.php\/wp-json\/wp\/v2\/product_brand?post=781300"},{"taxonomy":"product_cat","embeddable":true,"href":"https:\/\/roveyayinevi.com.tr\/index.php\/wp-json\/wp\/v2\/product_cat?post=781300"},{"taxonomy":"product_tag","embeddable":true,"href":"https:\/\/roveyayinevi.com.tr\/index.php\/wp-json\/wp\/v2\/product_tag?post=781300"}],"curies":[{"name":"wp","href":"https:\/\/api.w.org\/{rel}","templated":true}]}}