{"id":781299,"date":"2026-01-21T03:28:42","date_gmt":"2026-01-21T00:28:42","guid":{"rendered":"https:\/\/roveyayinevi.com.tr\/index.php\/urun\/farkindalik-defteri-ciltli\/"},"modified":"2026-04-16T02:58:26","modified_gmt":"2026-04-15T23:58:26","slug":"farkindalik-defteri-ciltli","status":"publish","type":"product","link":"https:\/\/roveyayinevi.com.tr\/index.php\/urun\/farkindalik-defteri-ciltli\/","title":{"rendered":"Fark\u0131ndal\u0131k Defteri (Ciltli)"},"content":{"rendered":"<p>\u201c\u0130nsan her g\u00fcn bir par\u00e7a m\u00fczik dinlemeli, iyi bir \u015fiir okumal\u0131, g\u00fczel bir tablo g\u00f6rmeli ve m\u00fcmk\u00fcnse birka\u00e7 mant\u0131kl\u0131 c\u00fcmle s\u00f6ylemeli.\u201d -Goethe<\/p>\n","protected":false},"excerpt":{"rendered":"<p>\u201c\u0130nsan her g\u00fcn bir par\u00e7a m\u00fczik dinlemeli, iyi bir \u015fiir okumal\u0131, g\u00fczel bir tablo g\u00f6rmeli ve m\u00fcmk\u00fcnse birka\u00e7 mant\u0131kl\u0131 c\u00fcmle s\u00f6ylemeli.\u201d -Goethe<\/p>\n","protected":false},"featured_media":0,"template":"","meta":{"_monsterinsights_skip_tracking":false,"_monsterinsights_sitenote_active":false,"_monsterinsights_sitenote_note":"","_monsterinsights_sitenote_category":0},"product_brand":[],"product_cat":[12364,16266],"product_tag":[],"class_list":{"0":"post-781299","1":"product","2":"type-product","3":"status-publish","5":"product_cat-genel-konular","6":"product_cat-referans-kaynak-kitap","7":"pa_cilt-ciltli","8":"pa_tur-kitap","9":"pa_yayinevi-alfa-yayinlari","10":"pa_yazar-kolektif","12":"first","13":"instock","14":"sale","15":"shipping-taxable","16":"purchasable","17":"product-type-simple"},"_links":{"self":[{"href":"https:\/\/roveyayinevi.com.tr\/index.php\/wp-json\/wp\/v2\/product\/781299","targetHints":{"allow":["GET"]}}],"collection":[{"href":"https:\/\/roveyayinevi.com.tr\/index.php\/wp-json\/wp\/v2\/product"}],"about":[{"href":"https:\/\/roveyayinevi.com.tr\/index.php\/wp-json\/wp\/v2\/types\/product"}],"wp:attachment":[{"href":"https:\/\/roveyayinevi.com.tr\/index.php\/wp-json\/wp\/v2\/media?parent=781299"}],"wp:term":[{"taxonomy":"product_brand","embeddable":true,"href":"https:\/\/roveyayinevi.com.tr\/index.php\/wp-json\/wp\/v2\/product_brand?post=781299"},{"taxonomy":"product_cat","embeddable":true,"href":"https:\/\/roveyayinevi.com.tr\/index.php\/wp-json\/wp\/v2\/product_cat?post=781299"},{"taxonomy":"product_tag","embeddable":true,"href":"https:\/\/roveyayinevi.com.tr\/index.php\/wp-json\/wp\/v2\/product_tag?post=781299"}],"curies":[{"name":"wp","href":"https:\/\/api.w.org\/{rel}","templated":true}]}}