{"id":781298,"date":"2026-01-21T02:39:05","date_gmt":"2026-01-20T23:39:05","guid":{"rendered":"https:\/\/roveyayinevi.com.tr\/index.php\/urun\/her-seyin-bir-anlami-var\/"},"modified":"2026-04-16T02:23:20","modified_gmt":"2026-04-15T23:23:20","slug":"her-seyin-bir-anlami-var","status":"publish","type":"product","link":"https:\/\/roveyayinevi.com.tr\/index.php\/urun\/her-seyin-bir-anlami-var\/","title":{"rendered":"Her \u015eeyin Bir Anlam\u0131 Var"},"content":{"rendered":"<p>Kemal Sayar soruyor: \u0130nsan varolu\u015fa sinmi\u015f olan o g\u00fczelli\u011fi nas\u0131l ortaya \u00e7\u0131karabilir? Kendinde sakl\u0131 duran ve modern medeniyet taraf\u0131ndan \u00e2deta bask\u0131lanan merhamet, \u015f\u00fckran, cesaret gibi Olumlu \u00f6zelliklerini bilince nas\u0131l ta\u015f\u0131yabilir? Her \u015eeyin Bir Anlam\u0131 Var, hem bu sorulara yan\u0131tlar bulmaya \u00e7al\u0131\u015f\u0131yor hem de okurlar\u0131n i\u00e7 d\u00fcnyas\u0131na ayna tutuyor. \u201c\u015eimdi diyorum ki ben sana, her \u015feyin bir anlam\u0131 var. \u00c7i\u00e7e\u011fin, b\u00f6ce\u011fin, dallar\u0131 e\u011fen r\u00fczg\u00e2r\u0131n, a\u011fz\u0131m\u0131zdan \u00e7\u0131kt\u0131ktan sonra uzayda y\u00fczy\u0131llarca as\u0131l\u0131 duran s\u00f6zc\u00fcklerin bir anlam\u0131 var. Hi\u00e7bir \u015fey kaybolmuyor. Hi\u00e7bir h\u0131\u00e7k\u0131r\u0131k, hayal k\u0131r\u0131kl\u0131\u011f\u0131n\u0131n yayd\u0131\u011f\u0131 hi\u00e7bir titre\u015fim, i\u00e7imizde bir co\u015fkunun p\u0131r p\u0131r kanatlan\u0131\u015f\u0131, asla kaybolmuyor. K\u00e2inat gibi, insan da enerjisini sak\u0131n\u0131yor. Sonra da\u011f\u0131n\u0131k duran her \u015fey, biz onu \u00e7a\u011f\u0131rmay\u0131 bilirsek, bir yapbozun par\u00e7alar\u0131 gibi birle\u015fip bir \u015fey s\u00f6yl\u00fcyor.<\/p>\n","protected":false},"excerpt":{"rendered":"<p>Kemal Sayar soruyor: \u0130nsan varolu\u015fa sinmi\u015f olan o g\u00fczelli\u011fi nas\u0131l ortaya \u00e7\u0131karabilir? Kendinde sakl\u0131 duran ve modern medeniyet taraf\u0131ndan \u00e2deta bask\u0131lanan merhamet, \u015f\u00fckran, cesaret gibi Olumlu<span class=\"excerpt-hellip\"> [\u2026]<\/span><\/p>\n","protected":false},"featured_media":0,"template":"","meta":{"_monsterinsights_skip_tracking":false,"_monsterinsights_sitenote_active":false,"_monsterinsights_sitenote_note":"","_monsterinsights_sitenote_category":0},"product_brand":[],"product_cat":[12291,12711],"product_tag":[],"class_list":{"0":"post-781298","1":"product","2":"type-product","3":"status-publish","5":"product_cat-edebiyat","6":"product_cat-roman-oyku","7":"pa_cilt-ciltsiz","8":"pa_tur-kitap","9":"pa_yayinevi-kapi-yayinlari","10":"pa_yazar-kemal-sayar","12":"first","13":"instock","14":"sale","15":"shipping-taxable","16":"purchasable","17":"product-type-simple"},"_links":{"self":[{"href":"https:\/\/roveyayinevi.com.tr\/index.php\/wp-json\/wp\/v2\/product\/781298","targetHints":{"allow":["GET"]}}],"collection":[{"href":"https:\/\/roveyayinevi.com.tr\/index.php\/wp-json\/wp\/v2\/product"}],"about":[{"href":"https:\/\/roveyayinevi.com.tr\/index.php\/wp-json\/wp\/v2\/types\/product"}],"wp:attachment":[{"href":"https:\/\/roveyayinevi.com.tr\/index.php\/wp-json\/wp\/v2\/media?parent=781298"}],"wp:term":[{"taxonomy":"product_brand","embeddable":true,"href":"https:\/\/roveyayinevi.com.tr\/index.php\/wp-json\/wp\/v2\/product_brand?post=781298"},{"taxonomy":"product_cat","embeddable":true,"href":"https:\/\/roveyayinevi.com.tr\/index.php\/wp-json\/wp\/v2\/product_cat?post=781298"},{"taxonomy":"product_tag","embeddable":true,"href":"https:\/\/roveyayinevi.com.tr\/index.php\/wp-json\/wp\/v2\/product_tag?post=781298"}],"curies":[{"name":"wp","href":"https:\/\/api.w.org\/{rel}","templated":true}]}}