{"id":781295,"date":"2026-01-21T02:25:45","date_gmt":"2026-01-20T23:25:45","guid":{"rendered":"https:\/\/roveyayinevi.com.tr\/index.php\/urun\/schrodingerin-kedisi-neden-sizofren-oldu\/"},"modified":"2026-01-22T02:27:53","modified_gmt":"2026-01-21T23:27:53","slug":"schrodingerin-kedisi-neden-sizofren-oldu","status":"publish","type":"product","link":"https:\/\/roveyayinevi.com.tr\/index.php\/urun\/schrodingerin-kedisi-neden-sizofren-oldu\/","title":{"rendered":"Schr\u00f6dinger\u2019in Kedisi Neden \u015eizofren Oldu?"},"content":{"rendered":"<p>Schr\u00f6dinger\u2019in bahts\u0131z kedisinin kaderini kim yazd\u0131?Do\u011fay\u0131 g\u00f6zler miyiz yoksa do\u011fa da bizim g\u00f6zledi\u011fimizi bilir mi?Zihin maddeye uzaktan etki edebilir mi?Dua ve iyi dileklerin ba\u015fkas\u0131n\u0131n sa\u011fl\u0131\u011f\u0131 \u00fczerinde etkisi olabilir mi?Nefret ve beddua m\u0131 etkilidir, dua m\u0131?Niyetle zihnen ka\u015f\u0131klar\u0131 b\u00fckmek m\u00fcmk\u00fcn m\u00fcd\u00fcr?Birisi sizin zihninizi kontrol ediyor olabilir mi?Kendili\u011finden yang\u0131n \u00e7\u0131kan evlerde su\u00e7lu kimdir?\u00c2\u015f\u0131klar ruhen oldu\u011fu gibi zihnen de ba\u011fl\u0131 m\u0131d\u0131rlar?Bilin\u00e7siz atomlar nas\u0131l beyni olu\u015fturup i\u00e7ine bilin\u00e7 y\u00fckl\u00fcyorlar?Bilincin atom alt\u0131 ve evrensel \u00f6l\u00e7ekte kar\u015f\u0131l\u0131\u011f\u0131 var m\u0131d\u0131r?Kuantum fizi\u011fi et beyinde bilinci olu\u015fturuyor olabilir mi?Kuantum fizi\u011fi d\u00fc\u015f\u00fcnce d\u00fcnyam\u0131z\u0131 nas\u0131l de\u011fi\u015ftirdi?Paralel evrenler ger\u00e7ek midir yoksa sadece kurgu mudur?Paralel evrendeki kopyan\u0131z \u015fu an bu kitap hakk\u0131nda ne d\u00fc\u015f\u00fcn\u00fcyor?Paralel evrende bir sevgiliniz olabilir mi?Hayal g\u00f6rme ve \u015fizofreni paralel evren bula\u015fmas\u0131 m\u0131d\u0131r?Hayal d\u00fcnyas\u0131 ile ger\u00e7ek d\u00fcnya s\u0131n\u0131r\u0131 nerede ba\u015flar?\u015eizofreninin temelinde kuantum fizi\u011fi anlam\u0131 var m\u0131d\u0131r?Karar veremedi\u011fimiz durumlarda paralel evren mi bize etki eder?Ya\u015fad\u0131\u011f\u0131m\u0131z evren neden d\u00f6rt boyutludur?Fizik ve mistisizm nerede kesi\u015fir?Tasavvuf\u00e7ularla fizik\u00e7iler ayn\u0131 sonuca ula\u015fm\u0131\u015f olabilir mi?Kuantum ile klasik fizi\u011fin ayr\u0131m noktas\u0131 nerededir?Kuantum mekani\u011findeki \u00f6l\u00e7me sorunu nedir?Kuantum fizi\u011fi kurallar\u0131 kat\u0131 maddede mi i\u015fler sadece?Pavlov\u2019un k\u00f6pe\u011fi ile Schr\u00f6dinger\u2019in kedisinin hayati fark\u0131 nedir?Kulland\u0131\u011f\u0131m\u0131z dil do\u011fay\u0131 anlatmada yeterli midir?Evreni anlatt\u0131\u011f\u0131m\u0131z kelimelerle, atom alt\u0131 d\u00fcnyay\u0131 anlatabilir miyiz?Se\u00e7ti\u011finizi se\u00e7mekte \u00f6zg\u00fcr m\u00fcs\u00fcn\u00fcz?Zaman boyutu ger\u00e7ek midir yoksa sadece zihnimizde midir?E\u015fzamanl\u0131l\u0131k diye bir \u015fey var m\u0131d\u0131r, yoksa zihinsel bir yan\u0131lsama m\u0131d\u0131r?<\/p>\n","protected":false},"excerpt":{"rendered":"<p>Schr\u00f6dinger\u2019in bahts\u0131z kedisinin kaderini kim yazd\u0131?Do\u011fay\u0131 g\u00f6zler miyiz yoksa do\u011fa da bizim g\u00f6zledi\u011fimizi bilir mi?Zihin maddeye uzaktan etki edebilir mi?Dua ve iyi dileklerin ba\u015fkas\u0131n\u0131n sa\u011fl\u0131\u011f\u0131 \u00fczerinde<span class=\"excerpt-hellip\"> [\u2026]<\/span><\/p>\n","protected":false},"featured_media":0,"template":"","meta":{"_monsterinsights_skip_tracking":false,"_monsterinsights_sitenote_active":false,"_monsterinsights_sitenote_note":"","_monsterinsights_sitenote_category":0},"product_brand":[],"product_cat":[13005,13006],"product_tag":[],"class_list":{"0":"post-781295","1":"product","2":"type-product","3":"status-publish","5":"product_cat-bilim-muhendislik","6":"product_cat-populer-bilim","7":"pa_cilt-ciltsiz","8":"pa_tur-kitap","9":"pa_yayinevi-destek-yayinlari","10":"pa_yazar-sultan-tarlaci","12":"first","13":"instock","14":"sale","15":"shipping-taxable","16":"purchasable","17":"product-type-simple"},"_links":{"self":[{"href":"https:\/\/roveyayinevi.com.tr\/index.php\/wp-json\/wp\/v2\/product\/781295","targetHints":{"allow":["GET"]}}],"collection":[{"href":"https:\/\/roveyayinevi.com.tr\/index.php\/wp-json\/wp\/v2\/product"}],"about":[{"href":"https:\/\/roveyayinevi.com.tr\/index.php\/wp-json\/wp\/v2\/types\/product"}],"wp:attachment":[{"href":"https:\/\/roveyayinevi.com.tr\/index.php\/wp-json\/wp\/v2\/media?parent=781295"}],"wp:term":[{"taxonomy":"product_brand","embeddable":true,"href":"https:\/\/roveyayinevi.com.tr\/index.php\/wp-json\/wp\/v2\/product_brand?post=781295"},{"taxonomy":"product_cat","embeddable":true,"href":"https:\/\/roveyayinevi.com.tr\/index.php\/wp-json\/wp\/v2\/product_cat?post=781295"},{"taxonomy":"product_tag","embeddable":true,"href":"https:\/\/roveyayinevi.com.tr\/index.php\/wp-json\/wp\/v2\/product_tag?post=781295"}],"curies":[{"name":"wp","href":"https:\/\/api.w.org\/{rel}","templated":true}]}}