{"id":781292,"date":"2026-01-21T01:59:17","date_gmt":"2026-01-20T22:59:17","guid":{"rendered":"https:\/\/roveyayinevi.com.tr\/index.php\/urun\/eminim-saka-yapiyorsunuz-bay-feynman\/"},"modified":"2026-02-27T02:00:09","modified_gmt":"2026-02-26T23:00:09","slug":"eminim-saka-yapiyorsunuz-bay-feynman","status":"publish","type":"product","link":"https:\/\/roveyayinevi.com.tr\/index.php\/urun\/eminim-saka-yapiyorsunuz-bay-feynman\/","title":{"rendered":"Eminim \u015eaka Yap\u0131yorsunuz Bay Feynman"},"content":{"rendered":"<p>Nobel \u00f6d\u00fcll\u00fc b\u00fcy\u00fck fizik\u00e7i Richard Feynman ayk\u0131r\u0131 ser\u00fcvenleriyle tan\u0131nm\u0131\u015ft\u0131r. Burada, taklit edilemeyen sesiyle, Einstein ile Bohr\u2019un atom fizi\u011fine ili\u015fkin fikir al\u0131\u015fveri\u015fini; \u00e7ok iyi sakland\u0131\u011f\u0131 san\u0131lan n\u00fckleer s\u0131rlar\u0131n oldu\u011fu kasalar\u0131 a\u00e7\u0131\u015f\u0131n\u0131; bongo davuluyla baleye e\u015flik edi\u015fini; \u00e7\u0131plak bir kad\u0131n bo\u011fa g\u00fcre\u015f\u00e7isi resmi yap\u0131\u015f\u0131n\u0131; kuantum fizi\u011finin gizemlerinden barda k\u0131zlara i\u00e7ki \u0131smarlaman\u0131n kurallar\u0131n\u0131 ke\u015ffedi\u015fine kadar pek \u00e7ok hayrete d\u00fc\u015f\u00fcr\u00fcc\u00fc olay\u0131 anlat\u0131yor.  \u201cFeynman\u2019\u0131n ya\u015fam\u0131 i\u00e7in zincirleme reaksiyon benzetmesini yapmak hi\u00e7 yanl\u0131\u015f olmaz.\u201d\u2013Time \u201cFeynman zek\u00e2s\u0131 ve farkl\u0131l\u0131\u011f\u0131yla meslekta\u015flar\u0131 aras\u0131nda bir efsanedir. Okurken g\u00fclmemek \u00e7ok zor.\u201d \u2013 Newsweek \u201cMuhte\u015fem, nefes kesici&#8230; Feynman\u2019\u0131n dili parlak, canl\u0131 ve yapmac\u0131ks\u0131z&#8230; Ger\u00e7ekten ferahlatan bir mesaj.\u201d \u2013 Chicago Sun Times \u201cE\u011fer fizi\u011fin ya da fizik\u00e7ilerin e\u011flenceli olmad\u0131\u011f\u0131n\u0131 d\u00fc\u015f\u00fcnenlerden birisiyseniz Bay Feynman\u2019la tan\u0131\u015f\u0131n.\u201d \u2013 Associated Press \u201cMark Twain gelene\u011finde bir hikayeci. Feynman, kahkahayla g\u00fclerken, ayn\u0131 zamanda ba\u015f\u0131n\u0131z\u0131 ellerinizin aras\u0131na alabilece\u011finizi kan\u0131tl\u0131yor.\u201d \u2013 Science Digest<\/p>\n","protected":false},"excerpt":{"rendered":"<p>Nobel \u00f6d\u00fcll\u00fc b\u00fcy\u00fck fizik\u00e7i Richard Feynman ayk\u0131r\u0131 ser\u00fcvenleriyle tan\u0131nm\u0131\u015ft\u0131r. Burada, taklit edilemeyen sesiyle, Einstein ile Bohr\u2019un atom fizi\u011fine ili\u015fkin fikir al\u0131\u015fveri\u015fini; \u00e7ok iyi sakland\u0131\u011f\u0131 san\u0131lan n\u00fckleer<span class=\"excerpt-hellip\"> [\u2026]<\/span><\/p>\n","protected":false},"featured_media":0,"template":"","meta":{"_monsterinsights_skip_tracking":false,"_monsterinsights_sitenote_active":false,"_monsterinsights_sitenote_note":"","_monsterinsights_sitenote_category":0},"product_brand":[],"product_cat":[13005,13006],"product_tag":[],"class_list":{"0":"post-781292","1":"product","2":"type-product","3":"status-publish","5":"product_cat-bilim-muhendislik","6":"product_cat-populer-bilim","7":"pa_cilt-ciltsiz","8":"pa_tur-kitap","9":"pa_yayinevi-alfa-yayinlari","10":"pa_yazar-richard-p-feynman","12":"first","13":"instock","14":"sale","15":"shipping-taxable","16":"purchasable","17":"product-type-simple"},"_links":{"self":[{"href":"https:\/\/roveyayinevi.com.tr\/index.php\/wp-json\/wp\/v2\/product\/781292","targetHints":{"allow":["GET"]}}],"collection":[{"href":"https:\/\/roveyayinevi.com.tr\/index.php\/wp-json\/wp\/v2\/product"}],"about":[{"href":"https:\/\/roveyayinevi.com.tr\/index.php\/wp-json\/wp\/v2\/types\/product"}],"wp:attachment":[{"href":"https:\/\/roveyayinevi.com.tr\/index.php\/wp-json\/wp\/v2\/media?parent=781292"}],"wp:term":[{"taxonomy":"product_brand","embeddable":true,"href":"https:\/\/roveyayinevi.com.tr\/index.php\/wp-json\/wp\/v2\/product_brand?post=781292"},{"taxonomy":"product_cat","embeddable":true,"href":"https:\/\/roveyayinevi.com.tr\/index.php\/wp-json\/wp\/v2\/product_cat?post=781292"},{"taxonomy":"product_tag","embeddable":true,"href":"https:\/\/roveyayinevi.com.tr\/index.php\/wp-json\/wp\/v2\/product_tag?post=781292"}],"curies":[{"name":"wp","href":"https:\/\/api.w.org\/{rel}","templated":true}]}}