{"id":781290,"date":"2026-01-20T04:44:05","date_gmt":"2026-01-20T01:44:05","guid":{"rendered":"https:\/\/roveyayinevi.com.tr\/index.php\/urun\/gunluk-hayatta-molekuller\/"},"modified":"2026-04-15T03:45:58","modified_gmt":"2026-04-15T00:45:58","slug":"gunluk-hayatta-molekuller","status":"publish","type":"product","link":"https:\/\/roveyayinevi.com.tr\/index.php\/urun\/gunluk-hayatta-molekuller\/","title":{"rendered":"G\u00fcnl\u00fck Hayatta Molek\u00fcller"},"content":{"rendered":"<p>Molek\u00fcller kelimenin tam anlam\u0131yla her yerdedir. \u00c7evremizdeki her \u015feyi olu\u015ftururlar ve bizler de bu s\u00fcper k\u00fc\u00e7\u00fck yap\u0131 ta\u015flar\u0131ndan olu\u015fuyoruz. Bu kitapta Nobel \u00f6d\u00fcll\u00fc Ben Feringa ve meslekta\u015f\u0131 kimyager Anouk Lubbe, \u00e7evremizdeki en \u00f6nemli molek\u00fclleri ele al\u0131yor. Kitapta giysilerimizdeki molek\u00fcller, me\u015frubatlardaki maddeler, v\u00fccudumuzdaki amino asitler, grafenin mucizevi \u00f6zellikleri, bizi sarho\u015f eden, ne\u015felendiren veya hasta eden molek\u00fcller, lastiklerimizin sentetik kau\u00e7u\u011fu melanin pigmenti hakk\u0131nda bilgiler yer al\u0131yor. G\u00fcnl\u00fck hayat\u0131m\u0131zda kar\u015f\u0131la\u015ft\u0131\u011f\u0131m\u0131z molek\u00fcller hakk\u0131nda zengin resimli, \u00e7ok anla\u015f\u0131l\u0131r bir kitap. \u201cBu kitap, yeni yap\u0131lar\u0131n sentezleri arac\u0131l\u0131\u011f\u0131yla tan\u0131t\u0131lma \u015fekli nedeniyle en \u00e7ok organik kimyagerlerin ilgisini \u00e7ekecektir, ancak molek\u00fcler yap\u0131lara a\u015fina olan di\u011fer bilim adamlar\u0131 i\u00e7in de yararl\u0131 bir giri\u015f niteli\u011finde olacakt\u0131r.\u201d  \u2013Organik ve Biyomolek\u00fcler Kimya \u201c&#8230; kapsaml\u0131 ve g\u00fcncel bir bak\u0131\u015f a\u00e7\u0131s\u0131 &#8230;\u201d  \u2013Kimya ve End\u00fcstri<\/p>\n","protected":false},"excerpt":{"rendered":"<p>Molek\u00fcller kelimenin tam anlam\u0131yla her yerdedir. \u00c7evremizdeki her \u015feyi olu\u015ftururlar ve bizler de bu s\u00fcper k\u00fc\u00e7\u00fck yap\u0131 ta\u015flar\u0131ndan olu\u015fuyoruz. Bu kitapta Nobel \u00f6d\u00fcll\u00fc Ben Feringa ve<span class=\"excerpt-hellip\"> [\u2026]<\/span><\/p>\n","protected":false},"featured_media":0,"template":"","meta":{"_monsterinsights_skip_tracking":false,"_monsterinsights_sitenote_active":false,"_monsterinsights_sitenote_note":"","_monsterinsights_sitenote_category":0},"product_brand":[],"product_cat":[13005],"product_tag":[],"class_list":{"0":"post-781290","1":"product","2":"type-product","3":"status-publish","5":"product_cat-bilim-muhendislik","6":"pa_cilt-ciltsiz","7":"pa_tur-kitap","8":"pa_yayinevi-alfa-yayinlari","9":"pa_yazar-ben-feringa-anouk-lubbe","11":"first","12":"instock","13":"sale","14":"shipping-taxable","15":"purchasable","16":"product-type-simple"},"_links":{"self":[{"href":"https:\/\/roveyayinevi.com.tr\/index.php\/wp-json\/wp\/v2\/product\/781290","targetHints":{"allow":["GET"]}}],"collection":[{"href":"https:\/\/roveyayinevi.com.tr\/index.php\/wp-json\/wp\/v2\/product"}],"about":[{"href":"https:\/\/roveyayinevi.com.tr\/index.php\/wp-json\/wp\/v2\/types\/product"}],"wp:attachment":[{"href":"https:\/\/roveyayinevi.com.tr\/index.php\/wp-json\/wp\/v2\/media?parent=781290"}],"wp:term":[{"taxonomy":"product_brand","embeddable":true,"href":"https:\/\/roveyayinevi.com.tr\/index.php\/wp-json\/wp\/v2\/product_brand?post=781290"},{"taxonomy":"product_cat","embeddable":true,"href":"https:\/\/roveyayinevi.com.tr\/index.php\/wp-json\/wp\/v2\/product_cat?post=781290"},{"taxonomy":"product_tag","embeddable":true,"href":"https:\/\/roveyayinevi.com.tr\/index.php\/wp-json\/wp\/v2\/product_tag?post=781290"}],"curies":[{"name":"wp","href":"https:\/\/api.w.org\/{rel}","templated":true}]}}